{"id":13676,"date":"2021-11-23T21:25:22","date_gmt":"2021-11-23T14:25:22","guid":{"rendered":"https:\/\/coffeehome.vn\/?page_id=13676"},"modified":"2021-11-23T21:25:24","modified_gmt":"2021-11-23T14:25:24","slug":"binh-rot-co-ngong","status":"publish","type":"page","link":"https:\/\/coffeehome.vn\/index.php\/binh-rot-co-ngong\/","title":{"rendered":"B\u00ecnh R\u00f3t C\u1ed5 Ng\u1ed7ng"},"content":{"rendered":"<div class=\"wc-block-grid wp-block-product-category wc-block-product-category has-3-columns has-multiple-rows\"><ul class=\"wc-block-grid__products\"><li class=\"wc-block-grid__product\">\n\t\t\t\t<a href=\"https:\/\/coffeehome.vn\/index.php\/product\/binh-rot-co-ngong-l-beans\/\" class=\"wc-block-grid__product-link\">\n\t\t\t\t\t<div class=\"wc-block-grid__product-image\"><img width=\"300\" height=\"300\" src=\"https:\/\/coffeehome.vn\/wp-content\/uploads\/2021\/11\/ANH-DAI-DIEN-15-300x300.jpg\" class=\"attachment-woocommerce_thumbnail size-woocommerce_thumbnail\" alt=\"\" loading=\"lazy\" srcset=\"https:\/\/coffeehome.vn\/wp-content\/uploads\/2021\/11\/ANH-DAI-DIEN-15-300x300.jpg 300w, https:\/\/coffeehome.vn\/wp-content\/uploads\/2021\/11\/ANH-DAI-DIEN-15-150x150.jpg 150w, https:\/\/coffeehome.vn\/wp-content\/uploads\/2021\/11\/ANH-DAI-DIEN-15-768x768.jpg 768w, https:\/\/coffeehome.vn\/wp-content\/uploads\/2021\/11\/ANH-DAI-DIEN-15-610x610.jpg 610w, https:\/\/coffeehome.vn\/wp-content\/uploads\/2021\/11\/ANH-DAI-DIEN-15-100x100.jpg 100w, https:\/\/coffeehome.vn\/wp-content\/uploads\/2021\/11\/ANH-DAI-DIEN-15-600x600.jpg 600w, https:\/\/coffeehome.vn\/wp-content\/uploads\/2021\/11\/ANH-DAI-DIEN-15.jpg 790w\" sizes=\"(max-width: 300px) 100vw, 300px\" \/><\/div>\n\t\t\t\t\t<div class=\"wc-block-grid__product-title\">B\u00ecnh r\u00f3t C\u1ed5 ng\u1ed7ng L-Beans<\/div>\n\t\t\t\t<\/a>\n\t\t\t\t\n\t\t\t\t<div class=\"wc-block-grid__product-price price\"><span class=\"woocommerce-Price-amount amount\">230.880<span class=\"woocommerce-Price-currencySymbol\">&#8363;<\/span><\/span> &ndash; <span class=\"woocommerce-Price-amount amount\">432.900<span class=\"woocommerce-Price-currencySymbol\">&#8363;<\/span><\/span><\/div>\n\t\t\t\t\n\t\t\t\t<div class=\"wp-block-button wc-block-grid__product-add-to-cart\"><a href=\"https:\/\/coffeehome.vn\/index.php\/product\/binh-rot-co-ngong-l-beans\/\" aria-label=\"L\u1ef1a ch\u1ecdn cho &ldquo;B\u00ecnh r\u00f3t C\u1ed5 ng\u1ed7ng L-Beans&rdquo;\" data-quantity=\"1\" data-product_id=\"13051\" data-product_sku=\"\" rel=\"nofollow\" class=\"wp-block-button__link add_to_cart_button\">L\u1ef1a ch\u1ecdn c\u00e1c t\u00f9y ch\u1ecdn<\/a><\/div>\n\t\t\t<\/li><li class=\"wc-block-grid__product\">\n\t\t\t\t<a href=\"https:\/\/coffeehome.vn\/index.php\/product\/binh-rot-co-ngong-kieu-co-dien-cafede-kona\/\" class=\"wc-block-grid__product-link\">\n\t\t\t\t\t<div class=\"wc-block-grid__product-image\"><img width=\"300\" height=\"300\" src=\"https:\/\/coffeehome.vn\/wp-content\/uploads\/2021\/11\/anh-dai-dien-14-300x300.jpg\" class=\"attachment-woocommerce_thumbnail size-woocommerce_thumbnail\" alt=\"\" loading=\"lazy\" srcset=\"https:\/\/coffeehome.vn\/wp-content\/uploads\/2021\/11\/anh-dai-dien-14-300x300.jpg 300w, https:\/\/coffeehome.vn\/wp-content\/uploads\/2021\/11\/anh-dai-dien-14-1024x1024.jpg 1024w, https:\/\/coffeehome.vn\/wp-content\/uploads\/2021\/11\/anh-dai-dien-14-150x150.jpg 150w, https:\/\/coffeehome.vn\/wp-content\/uploads\/2021\/11\/anh-dai-dien-14-768x768.jpg 768w, https:\/\/coffeehome.vn\/wp-content\/uploads\/2021\/11\/anh-dai-dien-14-610x610.jpg 610w, https:\/\/coffeehome.vn\/wp-content\/uploads\/2021\/11\/anh-dai-dien-14-100x100.jpg 100w, https:\/\/coffeehome.vn\/wp-content\/uploads\/2021\/11\/anh-dai-dien-14-600x600.jpg 600w, https:\/\/coffeehome.vn\/wp-content\/uploads\/2021\/11\/anh-dai-dien-14.jpg 1200w\" sizes=\"(max-width: 300px) 100vw, 300px\" \/><\/div>\n\t\t\t\t\t<div class=\"wc-block-grid__product-title\">B\u00ecnh r\u00f3t C\u1ed5 ng\u1ed7ng ki\u1ec3u c\u1ed5 \u0111i\u1ec3n &#8211; Cafede Kona<\/div>\n\t\t\t\t<\/a>\n\t\t\t\t\n\t\t\t\t<div class=\"wc-block-grid__product-price price\"><span class=\"woocommerce-Price-amount amount\">560.000<span class=\"woocommerce-Price-currencySymbol\">&#8363;<\/span><\/span><\/div>\n\t\t\t\t\n\t\t\t\t<div class=\"wp-block-button wc-block-grid__product-add-to-cart\"><a href=\"?add-to-cart=13040\" aria-label=\"Th\u00eam &ldquo;B\u00ecnh r\u00f3t C\u1ed5 ng\u1ed7ng ki\u1ec3u c\u1ed5 \u0111i\u1ec3n - Cafede Kona&rdquo; v\u00e0o gi\u1ecf h\u00e0ng\" data-quantity=\"1\" data-product_id=\"13040\" data-product_sku=\"\" rel=\"nofollow\" class=\"wp-block-button__link add_to_cart_button ajax_add_to_cart\">Th\u00eam v\u00e0o gi\u1ecf h\u00e0ng<\/a><\/div>\n\t\t\t<\/li><li class=\"wc-block-grid__product\">\n\t\t\t\t<a href=\"https:\/\/coffeehome.vn\/index.php\/product\/binh-rot-co-ngong-nhieu-mau-sac-cafede-kona\/\" class=\"wc-block-grid__product-link\">\n\t\t\t\t\t<div class=\"wc-block-grid__product-image\"><img width=\"300\" height=\"300\" src=\"https:\/\/coffeehome.vn\/wp-content\/uploads\/2021\/11\/ANH-DAI-DIEN-13-300x300.jpg\" class=\"attachment-woocommerce_thumbnail size-woocommerce_thumbnail\" alt=\"\" loading=\"lazy\" srcset=\"https:\/\/coffeehome.vn\/wp-content\/uploads\/2021\/11\/ANH-DAI-DIEN-13-300x300.jpg 300w, https:\/\/coffeehome.vn\/wp-content\/uploads\/2021\/11\/ANH-DAI-DIEN-13-150x150.jpg 150w, https:\/\/coffeehome.vn\/wp-content\/uploads\/2021\/11\/ANH-DAI-DIEN-13-768x768.jpg 768w, https:\/\/coffeehome.vn\/wp-content\/uploads\/2021\/11\/ANH-DAI-DIEN-13-610x610.jpg 610w, https:\/\/coffeehome.vn\/wp-content\/uploads\/2021\/11\/ANH-DAI-DIEN-13-100x100.jpg 100w, https:\/\/coffeehome.vn\/wp-content\/uploads\/2021\/11\/ANH-DAI-DIEN-13-600x600.jpg 600w, https:\/\/coffeehome.vn\/wp-content\/uploads\/2021\/11\/ANH-DAI-DIEN-13.jpg 790w\" sizes=\"(max-width: 300px) 100vw, 300px\" \/><\/div>\n\t\t\t\t\t<div class=\"wc-block-grid__product-title\">B\u00ecnh r\u00f3t C\u1ed5 Ng\u1ed7ng nhi\u1ec1u m\u00e0u s\u1eafc &#8211; Cafede Kona<\/div>\n\t\t\t\t<\/a>\n\t\t\t\t\n\t\t\t\t<div class=\"wc-block-grid__product-price price\"><span class=\"woocommerce-Price-amount amount\">2.044.000<span class=\"woocommerce-Price-currencySymbol\">&#8363;<\/span><\/span><\/div>\n\t\t\t\t\n\t\t\t\t<div class=\"wp-block-button wc-block-grid__product-add-to-cart\"><a href=\"https:\/\/coffeehome.vn\/index.php\/product\/binh-rot-co-ngong-nhieu-mau-sac-cafede-kona\/\" aria-label=\"L\u1ef1a ch\u1ecdn cho &ldquo;B\u00ecnh r\u00f3t C\u1ed5 Ng\u1ed7ng nhi\u1ec1u m\u00e0u s\u1eafc - Cafede Kona&rdquo;\" data-quantity=\"1\" data-product_id=\"13022\" data-product_sku=\"\" rel=\"nofollow\" class=\"wp-block-button__link add_to_cart_button\">L\u1ef1a ch\u1ecdn c\u00e1c t\u00f9y ch\u1ecdn<\/a><\/div>\n\t\t\t<\/li><li class=\"wc-block-grid__product\">\n\t\t\t\t<a href=\"https:\/\/coffeehome.vn\/index.php\/product\/binh-rot-co-ngong-mini-kyosaki-cafede-kona\/\" class=\"wc-block-grid__product-link\">\n\t\t\t\t\t<div class=\"wc-block-grid__product-image\"><img width=\"300\" height=\"300\" src=\"https:\/\/coffeehome.vn\/wp-content\/uploads\/2021\/11\/anh-dai-dien-2-6-300x300.jpg\" class=\"attachment-woocommerce_thumbnail size-woocommerce_thumbnail\" alt=\"\" loading=\"lazy\" srcset=\"https:\/\/coffeehome.vn\/wp-content\/uploads\/2021\/11\/anh-dai-dien-2-6-300x300.jpg 300w, https:\/\/coffeehome.vn\/wp-content\/uploads\/2021\/11\/anh-dai-dien-2-6-150x150.jpg 150w, https:\/\/coffeehome.vn\/wp-content\/uploads\/2021\/11\/anh-dai-dien-2-6-768x768.jpg 768w, https:\/\/coffeehome.vn\/wp-content\/uploads\/2021\/11\/anh-dai-dien-2-6-610x610.jpg 610w, https:\/\/coffeehome.vn\/wp-content\/uploads\/2021\/11\/anh-dai-dien-2-6-100x100.jpg 100w, https:\/\/coffeehome.vn\/wp-content\/uploads\/2021\/11\/anh-dai-dien-2-6-600x600.jpg 600w, https:\/\/coffeehome.vn\/wp-content\/uploads\/2021\/11\/anh-dai-dien-2-6.jpg 790w\" sizes=\"(max-width: 300px) 100vw, 300px\" \/><\/div>\n\t\t\t\t\t<div class=\"wc-block-grid__product-title\">B\u00ecnh r\u00f3t C\u1ed5 ng\u1ed7ng mini Kyosaki &#8211; Cafede Kona<\/div>\n\t\t\t\t<\/a>\n\t\t\t\t\n\t\t\t\t<div class=\"wc-block-grid__product-price price\"><span class=\"woocommerce-Price-amount amount\">1.986.000<span class=\"woocommerce-Price-currencySymbol\">&#8363;<\/span><\/span><\/div>\n\t\t\t\t\n\t\t\t\t<div class=\"wp-block-button wc-block-grid__product-add-to-cart\"><a href=\"https:\/\/coffeehome.vn\/index.php\/product\/binh-rot-co-ngong-mini-kyosaki-cafede-kona\/\" aria-label=\"L\u1ef1a ch\u1ecdn cho &ldquo;B\u00ecnh r\u00f3t C\u1ed5 ng\u1ed7ng mini Kyosaki - Cafede Kona&rdquo;\" data-quantity=\"1\" data-product_id=\"13011\" data-product_sku=\"\" rel=\"nofollow\" class=\"wp-block-button__link add_to_cart_button\">L\u1ef1a ch\u1ecdn c\u00e1c t\u00f9y ch\u1ecdn<\/a><\/div>\n\t\t\t<\/li><li class=\"wc-block-grid__product\">\n\t\t\t\t<a href=\"https:\/\/coffeehome.vn\/index.php\/product\/binh-rot-co-ngong-va-de-bep-dien-tu-cafede-kona\/\" class=\"wc-block-grid__product-link\">\n\t\t\t\t\t<div class=\"wc-block-grid__product-image\"><img width=\"300\" height=\"300\" src=\"https:\/\/coffeehome.vn\/wp-content\/uploads\/2021\/11\/anh-dai-dien-1-5-300x300.jpg\" class=\"attachment-woocommerce_thumbnail size-woocommerce_thumbnail\" alt=\"\" loading=\"lazy\" srcset=\"https:\/\/coffeehome.vn\/wp-content\/uploads\/2021\/11\/anh-dai-dien-1-5-300x300.jpg 300w, https:\/\/coffeehome.vn\/wp-content\/uploads\/2021\/11\/anh-dai-dien-1-5-150x150.jpg 150w, https:\/\/coffeehome.vn\/wp-content\/uploads\/2021\/11\/anh-dai-dien-1-5-100x100.jpg 100w, https:\/\/coffeehome.vn\/wp-content\/uploads\/2021\/11\/anh-dai-dien-1-5.jpg 522w\" sizes=\"(max-width: 300px) 100vw, 300px\" \/><\/div>\n\t\t\t\t\t<div class=\"wc-block-grid__product-title\">B\u00ecnh r\u00f3t C\u1ed5 ng\u1ed7ng v\u00e0 \u0110\u1ebf b\u1ebfp \u0111i\u1ec7n t\u1eed &#8211; Cafede Kona<\/div>\n\t\t\t\t<\/a>\n\t\t\t\t\n\t\t\t\t<div class=\"wc-block-grid__product-price price\"><span class=\"woocommerce-Price-amount amount\">2.287.000<span class=\"woocommerce-Price-currencySymbol\">&#8363;<\/span><\/span><\/div>\n\t\t\t\t\n\t\t\t\t<div class=\"wp-block-button wc-block-grid__product-add-to-cart\"><a href=\"https:\/\/coffeehome.vn\/index.php\/product\/binh-rot-co-ngong-va-de-bep-dien-tu-cafede-kona\/\" aria-label=\"L\u1ef1a ch\u1ecdn cho &ldquo;B\u00ecnh r\u00f3t C\u1ed5 ng\u1ed7ng v\u00e0 \u0110\u1ebf b\u1ebfp \u0111i\u1ec7n t\u1eed - Cafede Kona&rdquo;\" data-quantity=\"1\" data-product_id=\"12998\" data-product_sku=\"\" rel=\"nofollow\" class=\"wp-block-button__link add_to_cart_button\">L\u1ef1a ch\u1ecdn c\u00e1c t\u00f9y ch\u1ecdn<\/a><\/div>\n\t\t\t<\/li><li class=\"wc-block-grid__product\">\n\t\t\t\t<a href=\"https:\/\/coffeehome.vn\/index.php\/product\/binh-rot-co-ngong-tay-cam-dai-cafede-kona\/\" class=\"wc-block-grid__product-link\">\n\t\t\t\t\t<div class=\"wc-block-grid__product-image\"><img width=\"300\" height=\"300\" src=\"https:\/\/coffeehome.vn\/wp-content\/uploads\/2021\/11\/anh-dai-dien-2-4-300x300.jpg\" class=\"attachment-woocommerce_thumbnail size-woocommerce_thumbnail\" alt=\"\" loading=\"lazy\" srcset=\"https:\/\/coffeehome.vn\/wp-content\/uploads\/2021\/11\/anh-dai-dien-2-4-300x300.jpg 300w, https:\/\/coffeehome.vn\/wp-content\/uploads\/2021\/11\/anh-dai-dien-2-4-150x150.jpg 150w, https:\/\/coffeehome.vn\/wp-content\/uploads\/2021\/11\/anh-dai-dien-2-4-768x768.jpg 768w, https:\/\/coffeehome.vn\/wp-content\/uploads\/2021\/11\/anh-dai-dien-2-4-610x610.jpg 610w, https:\/\/coffeehome.vn\/wp-content\/uploads\/2021\/11\/anh-dai-dien-2-4-100x100.jpg 100w, https:\/\/coffeehome.vn\/wp-content\/uploads\/2021\/11\/anh-dai-dien-2-4-600x600.jpg 600w, https:\/\/coffeehome.vn\/wp-content\/uploads\/2021\/11\/anh-dai-dien-2-4.jpg 790w\" sizes=\"(max-width: 300px) 100vw, 300px\" \/><\/div>\n\t\t\t\t\t<div class=\"wc-block-grid__product-title\">B\u00ecnh r\u00f3t C\u1ed5 ng\u1ed7ng tay c\u1ea7m d\u00e0i &#8211; Cafede Kona<\/div>\n\t\t\t\t<\/a>\n\t\t\t\t\n\t\t\t\t<div class=\"wc-block-grid__product-price price\"><span class=\"woocommerce-Price-amount amount\">328.000<span class=\"woocommerce-Price-currencySymbol\">&#8363;<\/span><\/span> &ndash; <span class=\"woocommerce-Price-amount amount\">389.000<span class=\"woocommerce-Price-currencySymbol\">&#8363;<\/span><\/span><\/div>\n\t\t\t\t\n\t\t\t\t<div class=\"wp-block-button wc-block-grid__product-add-to-cart\"><a href=\"https:\/\/coffeehome.vn\/index.php\/product\/binh-rot-co-ngong-tay-cam-dai-cafede-kona\/\" aria-label=\"L\u1ef1a ch\u1ecdn cho &ldquo;B\u00ecnh r\u00f3t C\u1ed5 ng\u1ed7ng tay c\u1ea7m d\u00e0i - Cafede Kona&rdquo;\" data-quantity=\"1\" data-product_id=\"12986\" data-product_sku=\"\" rel=\"nofollow\" class=\"wp-block-button__link add_to_cart_button\">L\u1ef1a ch\u1ecdn c\u00e1c t\u00f9y ch\u1ecdn<\/a><\/div>\n\t\t\t<\/li><li class=\"wc-block-grid__product\">\n\t\t\t\t<a href=\"https:\/\/coffeehome.vn\/index.php\/product\/am-co-ngong-binh-chua-va-coc-loc-hero\/\" class=\"wc-block-grid__product-link\">\n\t\t\t\t\t<div class=\"wc-block-grid__product-image\"><img width=\"300\" height=\"300\" src=\"https:\/\/coffeehome.vn\/wp-content\/uploads\/2021\/11\/anh-dai-dien-12-300x300.jpg\" class=\"attachment-woocommerce_thumbnail size-woocommerce_thumbnail\" alt=\"\" loading=\"lazy\" srcset=\"https:\/\/coffeehome.vn\/wp-content\/uploads\/2021\/11\/anh-dai-dien-12-300x300.jpg 300w, https:\/\/coffeehome.vn\/wp-content\/uploads\/2021\/11\/anh-dai-dien-12-150x150.jpg 150w, https:\/\/coffeehome.vn\/wp-content\/uploads\/2021\/11\/anh-dai-dien-12-768x768.jpg 768w, https:\/\/coffeehome.vn\/wp-content\/uploads\/2021\/11\/anh-dai-dien-12-610x610.jpg 610w, https:\/\/coffeehome.vn\/wp-content\/uploads\/2021\/11\/anh-dai-dien-12-100x100.jpg 100w, https:\/\/coffeehome.vn\/wp-content\/uploads\/2021\/11\/anh-dai-dien-12-600x600.jpg 600w, https:\/\/coffeehome.vn\/wp-content\/uploads\/2021\/11\/anh-dai-dien-12.jpg 790w\" sizes=\"(max-width: 300px) 100vw, 300px\" \/><\/div>\n\t\t\t\t\t<div class=\"wc-block-grid__product-title\">\u1ea4m C\u1ed5 Ng\u1ed7ng, b\u00ecnh ch\u1ee9a v\u00e0 c\u1ed1c l\u1ecdc &#8211; Hero<\/div>\n\t\t\t\t<\/a>\n\t\t\t\t\n\t\t\t\t<div class=\"wc-block-grid__product-price price\"><span class=\"woocommerce-Price-amount amount\">1.650.000<span class=\"woocommerce-Price-currencySymbol\">&#8363;<\/span><\/span><\/div>\n\t\t\t\t\n\t\t\t\t<div class=\"wp-block-button wc-block-grid__product-add-to-cart\"><a href=\"?add-to-cart=12962\" aria-label=\"Th\u00eam &ldquo;\u1ea4m C\u1ed5 Ng\u1ed7ng, b\u00ecnh ch\u1ee9a v\u00e0 c\u1ed1c l\u1ecdc - Hero&rdquo; v\u00e0o gi\u1ecf h\u00e0ng\" data-quantity=\"1\" data-product_id=\"12962\" data-product_sku=\"\" rel=\"nofollow\" class=\"wp-block-button__link add_to_cart_button ajax_add_to_cart\">Th\u00eam v\u00e0o gi\u1ecf h\u00e0ng<\/a><\/div>\n\t\t\t<\/li><li class=\"wc-block-grid__product\">\n\t\t\t\t<a href=\"https:\/\/coffeehome.vn\/index.php\/product\/am-co-ngong-va-bep-dun-dien-tu-hero\/\" class=\"wc-block-grid__product-link\">\n\t\t\t\t\t<div class=\"wc-block-grid__product-image\"><img width=\"300\" height=\"300\" src=\"https:\/\/coffeehome.vn\/wp-content\/uploads\/2021\/11\/720x720-300x300.jpg\" class=\"attachment-woocommerce_thumbnail size-woocommerce_thumbnail\" alt=\"\" loading=\"lazy\" srcset=\"https:\/\/coffeehome.vn\/wp-content\/uploads\/2021\/11\/720x720-300x300.jpg 300w, https:\/\/coffeehome.vn\/wp-content\/uploads\/2021\/11\/720x720-150x150.jpg 150w, https:\/\/coffeehome.vn\/wp-content\/uploads\/2021\/11\/720x720-610x610.jpg 610w, https:\/\/coffeehome.vn\/wp-content\/uploads\/2021\/11\/720x720-100x100.jpg 100w, https:\/\/coffeehome.vn\/wp-content\/uploads\/2021\/11\/720x720-600x599.jpg 600w, https:\/\/coffeehome.vn\/wp-content\/uploads\/2021\/11\/720x720.jpg 720w\" sizes=\"(max-width: 300px) 100vw, 300px\" \/><\/div>\n\t\t\t\t\t<div class=\"wc-block-grid__product-title\">\u1ea4m C\u1ed5 Ng\u1ed7ng v\u00e0 B\u1ebfp \u0111un \u0111i\u1ec7n t\u1eed &#8211; Hero<\/div>\n\t\t\t\t<\/a>\n\t\t\t\t\n\t\t\t\t<div class=\"wc-block-grid__product-price price\"><span class=\"woocommerce-Price-amount amount\">2.450.000<span class=\"woocommerce-Price-currencySymbol\">&#8363;<\/span><\/span><\/div>\n\t\t\t\t\n\t\t\t\t<div class=\"wp-block-button wc-block-grid__product-add-to-cart\"><a href=\"?add-to-cart=12948\" aria-label=\"Th\u00eam &ldquo;\u1ea4m C\u1ed5 Ng\u1ed7ng v\u00e0 B\u1ebfp \u0111un \u0111i\u1ec7n t\u1eed - Hero&rdquo; v\u00e0o gi\u1ecf h\u00e0ng\" data-quantity=\"1\" data-product_id=\"12948\" data-product_sku=\"\" rel=\"nofollow\" class=\"wp-block-button__link add_to_cart_button ajax_add_to_cart\">Th\u00eam v\u00e0o gi\u1ecf h\u00e0ng<\/a><\/div>\n\t\t\t<\/li><li class=\"wc-block-grid__product\">\n\t\t\t\t<a href=\"https:\/\/coffeehome.vn\/index.php\/product\/binh-rot-co-ngong-va-de-bep-dun-teflon-hero\/\" class=\"wc-block-grid__product-link\">\n\t\t\t\t\t<div class=\"wc-block-grid__product-image\"><img width=\"300\" height=\"300\" src=\"https:\/\/coffeehome.vn\/wp-content\/uploads\/2021\/11\/anh-dai-dien-11-300x300.jpg\" class=\"attachment-woocommerce_thumbnail size-woocommerce_thumbnail\" alt=\"\" loading=\"lazy\" srcset=\"https:\/\/coffeehome.vn\/wp-content\/uploads\/2021\/11\/anh-dai-dien-11-300x300.jpg 300w, https:\/\/coffeehome.vn\/wp-content\/uploads\/2021\/11\/anh-dai-dien-11-150x150.jpg 150w, https:\/\/coffeehome.vn\/wp-content\/uploads\/2021\/11\/anh-dai-dien-11-768x768.jpg 768w, https:\/\/coffeehome.vn\/wp-content\/uploads\/2021\/11\/anh-dai-dien-11-610x610.jpg 610w, https:\/\/coffeehome.vn\/wp-content\/uploads\/2021\/11\/anh-dai-dien-11-100x100.jpg 100w, https:\/\/coffeehome.vn\/wp-content\/uploads\/2021\/11\/anh-dai-dien-11-600x600.jpg 600w, https:\/\/coffeehome.vn\/wp-content\/uploads\/2021\/11\/anh-dai-dien-11.jpg 790w\" sizes=\"(max-width: 300px) 100vw, 300px\" \/><\/div>\n\t\t\t\t\t<div class=\"wc-block-grid__product-title\">B\u00ecnh r\u00f3t c\u1ed5 ng\u1ed7ng v\u00e0 \u0110\u1ebf b\u1ebfp \u0111un Teflon &#8211; Hero<\/div>\n\t\t\t\t<\/a>\n\t\t\t\t\n\t\t\t\t<div class=\"wc-block-grid__product-price price\"><span class=\"woocommerce-Price-amount amount\">220.000<span class=\"woocommerce-Price-currencySymbol\">&#8363;<\/span><\/span><\/div>\n\t\t\t\t\n\t\t\t\t<div class=\"wp-block-button wc-block-grid__product-add-to-cart\"><a href=\"?add-to-cart=12933\" aria-label=\"Th\u00eam &ldquo;B\u00ecnh r\u00f3t c\u1ed5 ng\u1ed7ng v\u00e0 \u0110\u1ebf b\u1ebfp \u0111un Teflon - Hero&rdquo; v\u00e0o gi\u1ecf h\u00e0ng\" data-quantity=\"1\" data-product_id=\"12933\" data-product_sku=\"\" rel=\"nofollow\" class=\"wp-block-button__link add_to_cart_button ajax_add_to_cart\">Th\u00eam v\u00e0o gi\u1ecf h\u00e0ng<\/a><\/div>\n\t\t\t<\/li><li class=\"wc-block-grid__product\">\n\t\t\t\t<a href=\"https:\/\/coffeehome.vn\/index.php\/product\/binh-rot-co-ngong-nhieu-mau-hero\/\" class=\"wc-block-grid__product-link\">\n\t\t\t\t\t<div class=\"wc-block-grid__product-image\"><img width=\"300\" height=\"300\" src=\"https:\/\/coffeehome.vn\/wp-content\/uploads\/2021\/11\/anh-dai-dien-10-300x300.jpg\" class=\"attachment-woocommerce_thumbnail size-woocommerce_thumbnail\" alt=\"\" loading=\"lazy\" srcset=\"https:\/\/coffeehome.vn\/wp-content\/uploads\/2021\/11\/anh-dai-dien-10-300x300.jpg 300w, https:\/\/coffeehome.vn\/wp-content\/uploads\/2021\/11\/anh-dai-dien-10-150x150.jpg 150w, https:\/\/coffeehome.vn\/wp-content\/uploads\/2021\/11\/anh-dai-dien-10-768x768.jpg 768w, https:\/\/coffeehome.vn\/wp-content\/uploads\/2021\/11\/anh-dai-dien-10-610x610.jpg 610w, https:\/\/coffeehome.vn\/wp-content\/uploads\/2021\/11\/anh-dai-dien-10-100x100.jpg 100w, https:\/\/coffeehome.vn\/wp-content\/uploads\/2021\/11\/anh-dai-dien-10-600x600.jpg 600w, https:\/\/coffeehome.vn\/wp-content\/uploads\/2021\/11\/anh-dai-dien-10.jpg 790w\" sizes=\"(max-width: 300px) 100vw, 300px\" \/><\/div>\n\t\t\t\t\t<div class=\"wc-block-grid__product-title\">B\u00ecnh r\u00f3t c\u1ed5 ng\u1ed7ng nhi\u1ec1u m\u00e0u &#8211; Hero<\/div>\n\t\t\t\t<\/a>\n\t\t\t\t\n\t\t\t\t<div class=\"wc-block-grid__product-price price\"><span class=\"woocommerce-Price-amount amount\">395.000<span class=\"woocommerce-Price-currencySymbol\">&#8363;<\/span><\/span> &ndash; <span class=\"woocommerce-Price-amount amount\">5.050.000<span class=\"woocommerce-Price-currencySymbol\">&#8363;<\/span><\/span><\/div>\n\t\t\t\t\n\t\t\t\t<div class=\"wp-block-button wc-block-grid__product-add-to-cart\"><a href=\"https:\/\/coffeehome.vn\/index.php\/product\/binh-rot-co-ngong-nhieu-mau-hero\/\" aria-label=\"L\u1ef1a ch\u1ecdn cho &ldquo;B\u00ecnh r\u00f3t c\u1ed5 ng\u1ed7ng nhi\u1ec1u m\u00e0u - Hero&rdquo;\" data-quantity=\"1\" data-product_id=\"12897\" data-product_sku=\"\" rel=\"nofollow\" class=\"wp-block-button__link add_to_cart_button\">L\u1ef1a ch\u1ecdn c\u00e1c t\u00f9y ch\u1ecdn<\/a><\/div>\n\t\t\t<\/li><\/ul><\/div>","protected":false},"excerpt":{"rendered":"","protected":false},"author":1,"featured_media":0,"parent":0,"menu_order":0,"comment_status":"closed","ping_status":"closed","template":"","meta":{"om_disable_all_campaigns":false,"_monsterinsights_skip_tracking":false,"_monsterinsights_sitenote_active":false,"_monsterinsights_sitenote_note":"","_monsterinsights_sitenote_category":0},"_links":{"self":[{"href":"https:\/\/coffeehome.vn\/index.php\/wp-json\/wp\/v2\/pages\/13676"}],"collection":[{"href":"https:\/\/coffeehome.vn\/index.php\/wp-json\/wp\/v2\/pages"}],"about":[{"href":"https:\/\/coffeehome.vn\/index.php\/wp-json\/wp\/v2\/types\/page"}],"author":[{"embeddable":true,"href":"https:\/\/coffeehome.vn\/index.php\/wp-json\/wp\/v2\/users\/1"}],"replies":[{"embeddable":true,"href":"https:\/\/coffeehome.vn\/index.php\/wp-json\/wp\/v2\/comments?post=13676"}],"version-history":[{"count":1,"href":"https:\/\/coffeehome.vn\/index.php\/wp-json\/wp\/v2\/pages\/13676\/revisions"}],"predecessor-version":[{"id":13678,"href":"https:\/\/coffeehome.vn\/index.php\/wp-json\/wp\/v2\/pages\/13676\/revisions\/13678"}],"wp:attachment":[{"href":"https:\/\/coffeehome.vn\/index.php\/wp-json\/wp\/v2\/media?parent=13676"}],"curies":[{"name":"wp","href":"https:\/\/api.w.org\/{rel}","templated":true}]}}