{"id":13682,"date":"2021-11-23T21:33:26","date_gmt":"2021-11-23T14:33:26","guid":{"rendered":"https:\/\/coffeehome.vn\/?page_id=13682"},"modified":"2021-11-23T21:33:31","modified_gmt":"2021-11-23T14:33:31","slug":"bo-san-pham-pha-ca-phe-qua-tang-ca-phe","status":"publish","type":"page","link":"https:\/\/coffeehome.vn\/index.php\/bo-san-pham-pha-ca-phe-qua-tang-ca-phe\/","title":{"rendered":"B\u1ed9 S\u1ea3n Ph\u1ea9m Pha C\u00e0 Ph\u00ea &#8211; Qu\u00e0 T\u1eb7ng C\u00e0 Ph\u00ea"},"content":{"rendered":"<div class=\"wc-block-grid wp-block-product-category wc-block-product-category has-3-columns has-multiple-rows\"><ul class=\"wc-block-grid__products\"><li class=\"wc-block-grid__product\">\n\t\t\t\t<a href=\"https:\/\/coffeehome.vn\/index.php\/product\/bo-san-pham-qua-tang-cao-cap-kew3101\/\" class=\"wc-block-grid__product-link\">\n\t\t\t\t\t<div class=\"wc-block-grid__product-image\"><img width=\"300\" height=\"300\" src=\"https:\/\/coffeehome.vn\/wp-content\/uploads\/2021\/11\/anh-dai-dien-26-300x300.jpg\" class=\"attachment-woocommerce_thumbnail size-woocommerce_thumbnail\" alt=\"\" loading=\"lazy\" srcset=\"https:\/\/coffeehome.vn\/wp-content\/uploads\/2021\/11\/anh-dai-dien-26-300x300.jpg 300w, https:\/\/coffeehome.vn\/wp-content\/uploads\/2021\/11\/anh-dai-dien-26-150x150.jpg 150w, https:\/\/coffeehome.vn\/wp-content\/uploads\/2021\/11\/anh-dai-dien-26-610x610.jpg 610w, https:\/\/coffeehome.vn\/wp-content\/uploads\/2021\/11\/anh-dai-dien-26-100x100.jpg 100w, https:\/\/coffeehome.vn\/wp-content\/uploads\/2021\/11\/anh-dai-dien-26-600x600.jpg 600w, https:\/\/coffeehome.vn\/wp-content\/uploads\/2021\/11\/anh-dai-dien-26.jpg 750w\" sizes=\"(max-width: 300px) 100vw, 300px\" \/><\/div>\n\t\t\t\t\t<div class=\"wc-block-grid__product-title\">B\u1ed9 S\u1ea3n Ph\u1ea9m Qu\u00e0 T\u1eb7ng cao c\u1ea5p &#8211; KEW3101<\/div>\n\t\t\t\t<\/a>\n\t\t\t\t\n\t\t\t\t<div class=\"wc-block-grid__product-price price\"><span class=\"woocommerce-Price-amount amount\">2.650.000<span class=\"woocommerce-Price-currencySymbol\">&#8363;<\/span><\/span> &ndash; <span class=\"woocommerce-Price-amount amount\">3.980.000<span class=\"woocommerce-Price-currencySymbol\">&#8363;<\/span><\/span><\/div>\n\t\t\t\t\n\t\t\t\t<div class=\"wp-block-button wc-block-grid__product-add-to-cart\"><a href=\"https:\/\/coffeehome.vn\/index.php\/product\/bo-san-pham-qua-tang-cao-cap-kew3101\/\" aria-label=\"L\u1ef1a ch\u1ecdn cho &ldquo;B\u1ed9 S\u1ea3n Ph\u1ea9m Qu\u00e0 T\u1eb7ng cao c\u1ea5p - KEW3101&rdquo;\" data-quantity=\"1\" data-product_id=\"13618\" data-product_sku=\"\" rel=\"nofollow\" class=\"wp-block-button__link add_to_cart_button\">L\u1ef1a ch\u1ecdn c\u00e1c t\u00f9y ch\u1ecdn<\/a><\/div>\n\t\t\t<\/li><li class=\"wc-block-grid__product\">\n\t\t\t\t<a href=\"https:\/\/coffeehome.vn\/index.php\/product\/bo-san-pham-pha-che-ca-phe-ceceme\/\" class=\"wc-block-grid__product-link\">\n\t\t\t\t\t<div class=\"wc-block-grid__product-image\"><img width=\"300\" height=\"300\" src=\"https:\/\/coffeehome.vn\/wp-content\/uploads\/2021\/11\/anh-dai-dien-25-300x300.jpg\" class=\"attachment-woocommerce_thumbnail size-woocommerce_thumbnail\" alt=\"\" loading=\"lazy\" srcset=\"https:\/\/coffeehome.vn\/wp-content\/uploads\/2021\/11\/anh-dai-dien-25-300x300.jpg 300w, https:\/\/coffeehome.vn\/wp-content\/uploads\/2021\/11\/anh-dai-dien-25-150x150.jpg 150w, https:\/\/coffeehome.vn\/wp-content\/uploads\/2021\/11\/anh-dai-dien-25-768x768.jpg 768w, https:\/\/coffeehome.vn\/wp-content\/uploads\/2021\/11\/anh-dai-dien-25-610x610.jpg 610w, https:\/\/coffeehome.vn\/wp-content\/uploads\/2021\/11\/anh-dai-dien-25-100x100.jpg 100w, https:\/\/coffeehome.vn\/wp-content\/uploads\/2021\/11\/anh-dai-dien-25-600x600.jpg 600w, https:\/\/coffeehome.vn\/wp-content\/uploads\/2021\/11\/anh-dai-dien-25.jpg 790w\" sizes=\"(max-width: 300px) 100vw, 300px\" \/><\/div>\n\t\t\t\t\t<div class=\"wc-block-grid__product-title\">B\u1ed9 S\u1ea3n Ph\u1ea9m Pha ch\u1ebf C\u00e0 ph\u00ea &#8211; Ceceme<\/div>\n\t\t\t\t<\/a>\n\t\t\t\t\n\t\t\t\t<div class=\"wc-block-grid__product-price price\"><span class=\"woocommerce-Price-amount amount\">106.000<span class=\"woocommerce-Price-currencySymbol\">&#8363;<\/span><\/span> &ndash; <span class=\"woocommerce-Price-amount amount\">930.000<span class=\"woocommerce-Price-currencySymbol\">&#8363;<\/span><\/span><\/div>\n\t\t\t\t\n\t\t\t\t<div class=\"wp-block-button wc-block-grid__product-add-to-cart\"><a href=\"https:\/\/coffeehome.vn\/index.php\/product\/bo-san-pham-pha-che-ca-phe-ceceme\/\" aria-label=\"L\u1ef1a ch\u1ecdn cho &ldquo;B\u1ed9 S\u1ea3n Ph\u1ea9m Pha ch\u1ebf C\u00e0 ph\u00ea - Ceceme&rdquo;\" data-quantity=\"1\" data-product_id=\"13568\" data-product_sku=\"\" rel=\"nofollow\" class=\"wp-block-button__link add_to_cart_button\">L\u1ef1a ch\u1ecdn c\u00e1c t\u00f9y ch\u1ecdn<\/a><\/div>\n\t\t\t<\/li><li class=\"wc-block-grid__product\">\n\t\t\t\t<a href=\"https:\/\/coffeehome.vn\/index.php\/product\/bo-san-pham-l-beans-05-voi-coc-loc-3-lo\/\" class=\"wc-block-grid__product-link\">\n\t\t\t\t\t<div class=\"wc-block-grid__product-image\"><img width=\"300\" height=\"300\" src=\"https:\/\/coffeehome.vn\/wp-content\/uploads\/2021\/11\/1-4-300x300.png\" class=\"attachment-woocommerce_thumbnail size-woocommerce_thumbnail\" alt=\"\" loading=\"lazy\" srcset=\"https:\/\/coffeehome.vn\/wp-content\/uploads\/2021\/11\/1-4-300x300.png 300w, https:\/\/coffeehome.vn\/wp-content\/uploads\/2021\/11\/1-4-150x150.png 150w, https:\/\/coffeehome.vn\/wp-content\/uploads\/2021\/11\/1-4-610x610.png 610w, https:\/\/coffeehome.vn\/wp-content\/uploads\/2021\/11\/1-4-100x100.png 100w\" sizes=\"(max-width: 300px) 100vw, 300px\" \/><\/div>\n\t\t\t\t\t<div class=\"wc-block-grid__product-title\">B\u1ed9 S\u1ea3n Ph\u1ea9m L-Beans 05 v\u1edbi C\u1ed1c l\u1ecdc 3 l\u1ed7<\/div>\n\t\t\t\t<\/a>\n\t\t\t\t\n\t\t\t\t<div class=\"wc-block-grid__product-price price\"><span class=\"woocommerce-Price-amount amount\">1.580.000<span class=\"woocommerce-Price-currencySymbol\">&#8363;<\/span><\/span><\/div>\n\t\t\t\t\n\t\t\t\t<div class=\"wp-block-button wc-block-grid__product-add-to-cart\"><a href=\"?add-to-cart=13543\" aria-label=\"Th\u00eam &ldquo;B\u1ed9 S\u1ea3n Ph\u1ea9m L-Beans 05 v\u1edbi C\u1ed1c l\u1ecdc 3 l\u1ed7&rdquo; v\u00e0o gi\u1ecf h\u00e0ng\" data-quantity=\"1\" data-product_id=\"13543\" data-product_sku=\"\" rel=\"nofollow\" class=\"wp-block-button__link add_to_cart_button ajax_add_to_cart\">Th\u00eam v\u00e0o gi\u1ecf h\u00e0ng<\/a><\/div>\n\t\t\t<\/li><li class=\"wc-block-grid__product\">\n\t\t\t\t<a href=\"https:\/\/coffeehome.vn\/index.php\/product\/bo-san-pham-pha-ca-phe-l-beans-04\/\" class=\"wc-block-grid__product-link\">\n\t\t\t\t\t<div class=\"wc-block-grid__product-image\"><img width=\"300\" height=\"300\" src=\"https:\/\/coffeehome.vn\/wp-content\/uploads\/2021\/11\/TB25ScidrglyKJjSZFuXXaE6FXa_2936462761-1-300x300.jpg\" class=\"attachment-woocommerce_thumbnail size-woocommerce_thumbnail\" alt=\"\" loading=\"lazy\" srcset=\"https:\/\/coffeehome.vn\/wp-content\/uploads\/2021\/11\/TB25ScidrglyKJjSZFuXXaE6FXa_2936462761-1-300x300.jpg 300w, https:\/\/coffeehome.vn\/wp-content\/uploads\/2021\/11\/TB25ScidrglyKJjSZFuXXaE6FXa_2936462761-1-150x150.jpg 150w, https:\/\/coffeehome.vn\/wp-content\/uploads\/2021\/11\/TB25ScidrglyKJjSZFuXXaE6FXa_2936462761-1-610x610.jpg 610w, https:\/\/coffeehome.vn\/wp-content\/uploads\/2021\/11\/TB25ScidrglyKJjSZFuXXaE6FXa_2936462761-1-100x100.jpg 100w\" sizes=\"(max-width: 300px) 100vw, 300px\" \/><\/div>\n\t\t\t\t\t<div class=\"wc-block-grid__product-title\">B\u1ed9 S\u1ea3n Ph\u1ea9m Pha C\u00e0 ph\u00ea L-Beans 04<\/div>\n\t\t\t\t<\/a>\n\t\t\t\t\n\t\t\t\t<div class=\"wc-block-grid__product-price price\"><span class=\"woocommerce-Price-amount amount\">1.650.000<span class=\"woocommerce-Price-currencySymbol\">&#8363;<\/span><\/span><\/div>\n\t\t\t\t\n\t\t\t\t<div class=\"wp-block-button wc-block-grid__product-add-to-cart\"><a href=\"https:\/\/coffeehome.vn\/index.php\/product\/bo-san-pham-pha-ca-phe-l-beans-04\/\" aria-label=\"L\u1ef1a ch\u1ecdn cho &ldquo;B\u1ed9 S\u1ea3n Ph\u1ea9m Pha C\u00e0 ph\u00ea L-Beans 04&rdquo;\" data-quantity=\"1\" data-product_id=\"13495\" data-product_sku=\"\" rel=\"nofollow\" class=\"wp-block-button__link add_to_cart_button\">L\u1ef1a ch\u1ecdn c\u00e1c t\u00f9y ch\u1ecdn<\/a><\/div>\n\t\t\t<\/li><li class=\"wc-block-grid__product\">\n\t\t\t\t<a href=\"https:\/\/coffeehome.vn\/index.php\/product\/bo-san-pham-pha-ca-phe-l-beans-03\/\" class=\"wc-block-grid__product-link\">\n\t\t\t\t\t<div class=\"wc-block-grid__product-image\"><img width=\"300\" height=\"300\" src=\"https:\/\/coffeehome.vn\/wp-content\/uploads\/2021\/11\/ANH-DAI-DIEN-24-300x300.jpg\" class=\"attachment-woocommerce_thumbnail size-woocommerce_thumbnail\" alt=\"\" loading=\"lazy\" srcset=\"https:\/\/coffeehome.vn\/wp-content\/uploads\/2021\/11\/ANH-DAI-DIEN-24-300x300.jpg 300w, https:\/\/coffeehome.vn\/wp-content\/uploads\/2021\/11\/ANH-DAI-DIEN-24-150x150.jpg 150w, https:\/\/coffeehome.vn\/wp-content\/uploads\/2021\/11\/ANH-DAI-DIEN-24-100x100.jpg 100w, https:\/\/coffeehome.vn\/wp-content\/uploads\/2021\/11\/ANH-DAI-DIEN-24.jpg 430w\" sizes=\"(max-width: 300px) 100vw, 300px\" \/><\/div>\n\t\t\t\t\t<div class=\"wc-block-grid__product-title\">B\u1ed9 S\u1ea3n Ph\u1ea9m Pha C\u00e0 ph\u00ea L-Beans 03<\/div>\n\t\t\t\t<\/a>\n\t\t\t\t\n\t\t\t\t<div class=\"wc-block-grid__product-price price\"><span class=\"woocommerce-Price-amount amount\">1.450.000<span class=\"woocommerce-Price-currencySymbol\">&#8363;<\/span><\/span> &ndash; <span class=\"woocommerce-Price-amount amount\">1.918.000<span class=\"woocommerce-Price-currencySymbol\">&#8363;<\/span><\/span><\/div>\n\t\t\t\t\n\t\t\t\t<div class=\"wp-block-button wc-block-grid__product-add-to-cart\"><a href=\"https:\/\/coffeehome.vn\/index.php\/product\/bo-san-pham-pha-ca-phe-l-beans-03\/\" aria-label=\"L\u1ef1a ch\u1ecdn cho &ldquo;B\u1ed9 S\u1ea3n Ph\u1ea9m Pha C\u00e0 ph\u00ea L-Beans 03&rdquo;\" data-quantity=\"1\" data-product_id=\"13469\" data-product_sku=\"\" rel=\"nofollow\" class=\"wp-block-button__link add_to_cart_button\">L\u1ef1a ch\u1ecdn c\u00e1c t\u00f9y ch\u1ecdn<\/a><\/div>\n\t\t\t<\/li><li class=\"wc-block-grid__product\">\n\t\t\t\t<a href=\"https:\/\/coffeehome.vn\/index.php\/product\/bo-san-pham-l-beans-02\/\" class=\"wc-block-grid__product-link\">\n\t\t\t\t\t<div class=\"wc-block-grid__product-image\"><img width=\"300\" height=\"300\" src=\"https:\/\/coffeehome.vn\/wp-content\/uploads\/2021\/11\/ANH-DAI-DIEN-23-300x300.jpg\" class=\"attachment-woocommerce_thumbnail size-woocommerce_thumbnail\" alt=\"\" loading=\"lazy\" srcset=\"https:\/\/coffeehome.vn\/wp-content\/uploads\/2021\/11\/ANH-DAI-DIEN-23-300x300.jpg 300w, https:\/\/coffeehome.vn\/wp-content\/uploads\/2021\/11\/ANH-DAI-DIEN-23-150x150.jpg 150w, https:\/\/coffeehome.vn\/wp-content\/uploads\/2021\/11\/ANH-DAI-DIEN-23-610x610.jpg 610w, https:\/\/coffeehome.vn\/wp-content\/uploads\/2021\/11\/ANH-DAI-DIEN-23-100x100.jpg 100w\" sizes=\"(max-width: 300px) 100vw, 300px\" \/><\/div>\n\t\t\t\t\t<div class=\"wc-block-grid__product-title\">B\u1ed9 S\u1ea3n ph\u1ea9m L-Beans 02<\/div>\n\t\t\t\t<\/a>\n\t\t\t\t\n\t\t\t\t<div class=\"wc-block-grid__product-price price\"><span class=\"woocommerce-Price-amount amount\">550.000<span class=\"woocommerce-Price-currencySymbol\">&#8363;<\/span><\/span> &ndash; <span class=\"woocommerce-Price-amount amount\">1.660.000<span class=\"woocommerce-Price-currencySymbol\">&#8363;<\/span><\/span><\/div>\n\t\t\t\t\n\t\t\t\t<div class=\"wp-block-button wc-block-grid__product-add-to-cart\"><a href=\"https:\/\/coffeehome.vn\/index.php\/product\/bo-san-pham-l-beans-02\/\" aria-label=\"L\u1ef1a ch\u1ecdn cho &ldquo;B\u1ed9 S\u1ea3n ph\u1ea9m L-Beans 02&rdquo;\" data-quantity=\"1\" data-product_id=\"13452\" data-product_sku=\"\" rel=\"nofollow\" class=\"wp-block-button__link add_to_cart_button\">L\u1ef1a ch\u1ecdn c\u00e1c t\u00f9y ch\u1ecdn<\/a><\/div>\n\t\t\t<\/li><li class=\"wc-block-grid__product\">\n\t\t\t\t<a href=\"https:\/\/coffeehome.vn\/index.php\/product\/bo-san-pham-pha-ca-phe-4-mon-l-beans\/\" class=\"wc-block-grid__product-link\">\n\t\t\t\t\t<div class=\"wc-block-grid__product-image\"><img width=\"300\" height=\"300\" src=\"https:\/\/coffeehome.vn\/wp-content\/uploads\/2021\/11\/L6-300x300.jpg\" class=\"attachment-woocommerce_thumbnail size-woocommerce_thumbnail\" alt=\"\" loading=\"lazy\" srcset=\"https:\/\/coffeehome.vn\/wp-content\/uploads\/2021\/11\/L6-300x300.jpg 300w, https:\/\/coffeehome.vn\/wp-content\/uploads\/2021\/11\/L6-150x150.jpg 150w, https:\/\/coffeehome.vn\/wp-content\/uploads\/2021\/11\/L6-100x100.jpg 100w, https:\/\/coffeehome.vn\/wp-content\/uploads\/2021\/11\/L6.jpg 430w\" sizes=\"(max-width: 300px) 100vw, 300px\" \/><\/div>\n\t\t\t\t\t<div class=\"wc-block-grid__product-title\">B\u1ed9 S\u1ea3n Ph\u1ea9m pha C\u00e0 Ph\u00ea 4 m\u00f3n L- Beans<\/div>\n\t\t\t\t<\/a>\n\t\t\t\t\n\t\t\t\t<div class=\"wc-block-grid__product-price price\"><span class=\"woocommerce-Price-amount amount\">1.980.000<span class=\"woocommerce-Price-currencySymbol\">&#8363;<\/span><\/span> &ndash; <span class=\"woocommerce-Price-amount amount\">2.015.000<span class=\"woocommerce-Price-currencySymbol\">&#8363;<\/span><\/span><\/div>\n\t\t\t\t\n\t\t\t\t<div class=\"wp-block-button wc-block-grid__product-add-to-cart\"><a href=\"https:\/\/coffeehome.vn\/index.php\/product\/bo-san-pham-pha-ca-phe-4-mon-l-beans\/\" aria-label=\"L\u1ef1a ch\u1ecdn cho &ldquo;B\u1ed9 S\u1ea3n Ph\u1ea9m pha C\u00e0 Ph\u00ea 4 m\u00f3n L- Beans&rdquo;\" data-quantity=\"1\" data-product_id=\"13405\" data-product_sku=\"\" rel=\"nofollow\" class=\"wp-block-button__link add_to_cart_button\">L\u1ef1a ch\u1ecdn c\u00e1c t\u00f9y ch\u1ecdn<\/a><\/div>\n\t\t\t<\/li><li class=\"wc-block-grid__product\">\n\t\t\t\t<a href=\"https:\/\/coffeehome.vn\/index.php\/product\/bo-san-pham-pha-ca-phe-mau-hong-3-mon-hero\/\" class=\"wc-block-grid__product-link\">\n\t\t\t\t\t<div class=\"wc-block-grid__product-image\"><img width=\"300\" height=\"300\" src=\"https:\/\/coffeehome.vn\/wp-content\/uploads\/2021\/11\/ANH-DAI-DIEN-22-300x300.jpg\" class=\"attachment-woocommerce_thumbnail size-woocommerce_thumbnail\" alt=\"\" loading=\"lazy\" srcset=\"https:\/\/coffeehome.vn\/wp-content\/uploads\/2021\/11\/ANH-DAI-DIEN-22-300x300.jpg 300w, https:\/\/coffeehome.vn\/wp-content\/uploads\/2021\/11\/ANH-DAI-DIEN-22-150x150.jpg 150w, https:\/\/coffeehome.vn\/wp-content\/uploads\/2021\/11\/ANH-DAI-DIEN-22-768x768.jpg 768w, https:\/\/coffeehome.vn\/wp-content\/uploads\/2021\/11\/ANH-DAI-DIEN-22-610x610.jpg 610w, https:\/\/coffeehome.vn\/wp-content\/uploads\/2021\/11\/ANH-DAI-DIEN-22-100x100.jpg 100w, https:\/\/coffeehome.vn\/wp-content\/uploads\/2021\/11\/ANH-DAI-DIEN-22-600x600.jpg 600w, https:\/\/coffeehome.vn\/wp-content\/uploads\/2021\/11\/ANH-DAI-DIEN-22.jpg 790w\" sizes=\"(max-width: 300px) 100vw, 300px\" \/><\/div>\n\t\t\t\t\t<div class=\"wc-block-grid__product-title\">B\u1ed9 S\u1ea3n ph\u1ea9m pha C\u00e0 ph\u00ea m\u00e0u h\u1ed3ng 3 m\u00f3n &#8211; Hero<\/div>\n\t\t\t\t<\/a>\n\t\t\t\t\n\t\t\t\t<div class=\"wc-block-grid__product-price price\"><span class=\"woocommerce-Price-amount amount\">1.680.000<span class=\"woocommerce-Price-currencySymbol\">&#8363;<\/span><\/span><\/div>\n\t\t\t\t\n\t\t\t\t<div class=\"wp-block-button wc-block-grid__product-add-to-cart\"><a href=\"?add-to-cart=13398\" aria-label=\"Th\u00eam &ldquo;B\u1ed9 S\u1ea3n ph\u1ea9m pha C\u00e0 ph\u00ea m\u00e0u h\u1ed3ng 3 m\u00f3n - Hero&rdquo; v\u00e0o gi\u1ecf h\u00e0ng\" data-quantity=\"1\" data-product_id=\"13398\" data-product_sku=\"\" rel=\"nofollow\" class=\"wp-block-button__link add_to_cart_button ajax_add_to_cart\">Th\u00eam v\u00e0o gi\u1ecf h\u00e0ng<\/a><\/div>\n\t\t\t<\/li><li class=\"wc-block-grid__product\">\n\t\t\t\t<a href=\"https:\/\/coffeehome.vn\/index.php\/product\/vali-bo-pha-che-ca-phe-cho-barista-hero\/\" class=\"wc-block-grid__product-link\">\n\t\t\t\t\t<div class=\"wc-block-grid__product-image\"><img width=\"300\" height=\"300\" src=\"https:\/\/coffeehome.vn\/wp-content\/uploads\/2021\/11\/BO-7-12-MON-TRANG-300x300.jpg\" class=\"attachment-woocommerce_thumbnail size-woocommerce_thumbnail\" alt=\"\" loading=\"lazy\" srcset=\"https:\/\/coffeehome.vn\/wp-content\/uploads\/2021\/11\/BO-7-12-MON-TRANG-300x300.jpg 300w, https:\/\/coffeehome.vn\/wp-content\/uploads\/2021\/11\/BO-7-12-MON-TRANG-150x150.jpg 150w, https:\/\/coffeehome.vn\/wp-content\/uploads\/2021\/11\/BO-7-12-MON-TRANG-100x100.jpg 100w, https:\/\/coffeehome.vn\/wp-content\/uploads\/2021\/11\/BO-7-12-MON-TRANG.jpg 430w\" sizes=\"(max-width: 300px) 100vw, 300px\" \/><\/div>\n\t\t\t\t\t<div class=\"wc-block-grid__product-title\">Vali B\u1ed9 pha ch\u1ebf C\u00e0 ph\u00ea cho Barista &#8211; Hero<\/div>\n\t\t\t\t<\/a>\n\t\t\t\t\n\t\t\t\t<div class=\"wc-block-grid__product-price price\"><span class=\"woocommerce-Price-amount amount\">1.665.000<span class=\"woocommerce-Price-currencySymbol\">&#8363;<\/span><\/span> &ndash; <span class=\"woocommerce-Price-amount amount\">9.435.000<span class=\"woocommerce-Price-currencySymbol\">&#8363;<\/span><\/span><\/div>\n\t\t\t\t\n\t\t\t\t<div class=\"wp-block-button wc-block-grid__product-add-to-cart\"><a href=\"https:\/\/coffeehome.vn\/index.php\/product\/vali-bo-pha-che-ca-phe-cho-barista-hero\/\" aria-label=\"L\u1ef1a ch\u1ecdn cho &ldquo;Vali B\u1ed9 pha ch\u1ebf C\u00e0 ph\u00ea cho Barista - Hero&rdquo;\" data-quantity=\"1\" data-product_id=\"13369\" data-product_sku=\"\" rel=\"nofollow\" class=\"wp-block-button__link add_to_cart_button\">L\u1ef1a ch\u1ecdn c\u00e1c t\u00f9y ch\u1ecdn<\/a><\/div>\n\t\t\t<\/li><li class=\"wc-block-grid__product\">\n\t\t\t\t<a href=\"https:\/\/coffeehome.vn\/index.php\/product\/bo-san-pham-pha-ca-phe-hero-02\/\" class=\"wc-block-grid__product-link\">\n\t\t\t\t\t<div class=\"wc-block-grid__product-image\"><img width=\"300\" height=\"300\" src=\"https:\/\/coffeehome.vn\/wp-content\/uploads\/2021\/11\/L6-BO-BANG-THUY-TINH-CO-CAN-TRANG-300x300.jpg\" class=\"attachment-woocommerce_thumbnail size-woocommerce_thumbnail\" alt=\"\" loading=\"lazy\" srcset=\"https:\/\/coffeehome.vn\/wp-content\/uploads\/2021\/11\/L6-BO-BANG-THUY-TINH-CO-CAN-TRANG-300x300.jpg 300w, https:\/\/coffeehome.vn\/wp-content\/uploads\/2021\/11\/L6-BO-BANG-THUY-TINH-CO-CAN-TRANG-150x150.jpg 150w, https:\/\/coffeehome.vn\/wp-content\/uploads\/2021\/11\/L6-BO-BANG-THUY-TINH-CO-CAN-TRANG-100x100.jpg 100w, https:\/\/coffeehome.vn\/wp-content\/uploads\/2021\/11\/L6-BO-BANG-THUY-TINH-CO-CAN-TRANG.jpg 430w\" sizes=\"(max-width: 300px) 100vw, 300px\" \/><\/div>\n\t\t\t\t\t<div class=\"wc-block-grid__product-title\">B\u1ed9 S\u1ea3n Ph\u1ea9m Pha C\u00e0 Ph\u00ea Hero 02<\/div>\n\t\t\t\t<\/a>\n\t\t\t\t\n\t\t\t\t<div class=\"wc-block-grid__product-price price\"><span class=\"woocommerce-Price-amount amount\">3.330.000<span class=\"woocommerce-Price-currencySymbol\">&#8363;<\/span><\/span> &ndash; <span class=\"woocommerce-Price-amount amount\">4.720.000<span class=\"woocommerce-Price-currencySymbol\">&#8363;<\/span><\/span><\/div>\n\t\t\t\t\n\t\t\t\t<div class=\"wp-block-button wc-block-grid__product-add-to-cart\"><a href=\"https:\/\/coffeehome.vn\/index.php\/product\/bo-san-pham-pha-ca-phe-hero-02\/\" aria-label=\"L\u1ef1a ch\u1ecdn cho &ldquo;B\u1ed9 S\u1ea3n Ph\u1ea9m Pha C\u00e0 Ph\u00ea Hero 02&rdquo;\" data-quantity=\"1\" data-product_id=\"13342\" data-product_sku=\"\" rel=\"nofollow\" class=\"wp-block-button__link add_to_cart_button\">L\u1ef1a ch\u1ecdn c\u00e1c t\u00f9y ch\u1ecdn<\/a><\/div>\n\t\t\t<\/li><li class=\"wc-block-grid__product\">\n\t\t\t\t<a href=\"https:\/\/coffeehome.vn\/index.php\/product\/bo-san-pham-pha-ca-phe-3-mon-hero\/\" class=\"wc-block-grid__product-link\">\n\t\t\t\t\t<div class=\"wc-block-grid__product-image\"><img width=\"300\" height=\"300\" src=\"https:\/\/coffeehome.vn\/wp-content\/uploads\/2021\/11\/anh-dai-dien-21-300x300.jpg\" class=\"attachment-woocommerce_thumbnail size-woocommerce_thumbnail\" alt=\"\" loading=\"lazy\" srcset=\"https:\/\/coffeehome.vn\/wp-content\/uploads\/2021\/11\/anh-dai-dien-21-300x300.jpg 300w, https:\/\/coffeehome.vn\/wp-content\/uploads\/2021\/11\/anh-dai-dien-21-150x150.jpg 150w, https:\/\/coffeehome.vn\/wp-content\/uploads\/2021\/11\/anh-dai-dien-21-768x768.jpg 768w, https:\/\/coffeehome.vn\/wp-content\/uploads\/2021\/11\/anh-dai-dien-21-610x610.jpg 610w, https:\/\/coffeehome.vn\/wp-content\/uploads\/2021\/11\/anh-dai-dien-21-100x100.jpg 100w, https:\/\/coffeehome.vn\/wp-content\/uploads\/2021\/11\/anh-dai-dien-21-600x600.jpg 600w, https:\/\/coffeehome.vn\/wp-content\/uploads\/2021\/11\/anh-dai-dien-21.jpg 790w\" sizes=\"(max-width: 300px) 100vw, 300px\" \/><\/div>\n\t\t\t\t\t<div class=\"wc-block-grid__product-title\">B\u1ed9 S\u1ea3n Ph\u1ea9m Pha C\u00e0 Ph\u00ea 3 m\u00f3n &#8211; Hero<\/div>\n\t\t\t\t<\/a>\n\t\t\t\t\n\t\t\t\t<div class=\"wc-block-grid__product-price price\"><span class=\"woocommerce-Price-amount amount\">1.655.000<span class=\"woocommerce-Price-currencySymbol\">&#8363;<\/span><\/span><\/div>\n\t\t\t\t\n\t\t\t\t<div class=\"wp-block-button wc-block-grid__product-add-to-cart\"><a href=\"?add-to-cart=13327\" aria-label=\"Th\u00eam &ldquo;B\u1ed9 S\u1ea3n Ph\u1ea9m Pha C\u00e0 Ph\u00ea 3 m\u00f3n - Hero&rdquo; v\u00e0o gi\u1ecf h\u00e0ng\" data-quantity=\"1\" data-product_id=\"13327\" data-product_sku=\"\" rel=\"nofollow\" class=\"wp-block-button__link add_to_cart_button ajax_add_to_cart\">Th\u00eam v\u00e0o gi\u1ecf h\u00e0ng<\/a><\/div>\n\t\t\t<\/li><li class=\"wc-block-grid__product\">\n\t\t\t\t<a href=\"https:\/\/coffeehome.vn\/index.php\/product\/bo-san-pham-8-mon-cafede-kona\/\" class=\"wc-block-grid__product-link\">\n\t\t\t\t\t<div class=\"wc-block-grid__product-image\"><img width=\"300\" height=\"300\" src=\"https:\/\/coffeehome.vn\/wp-content\/uploads\/2021\/11\/anh-dai-dien-2-9-300x300.jpg\" class=\"attachment-woocommerce_thumbnail size-woocommerce_thumbnail\" alt=\"\" loading=\"lazy\" srcset=\"https:\/\/coffeehome.vn\/wp-content\/uploads\/2021\/11\/anh-dai-dien-2-9-300x300.jpg 300w, https:\/\/coffeehome.vn\/wp-content\/uploads\/2021\/11\/anh-dai-dien-2-9-150x150.jpg 150w, https:\/\/coffeehome.vn\/wp-content\/uploads\/2021\/11\/anh-dai-dien-2-9-100x100.jpg 100w, https:\/\/coffeehome.vn\/wp-content\/uploads\/2021\/11\/anh-dai-dien-2-9.jpg 430w\" sizes=\"(max-width: 300px) 100vw, 300px\" \/><\/div>\n\t\t\t\t\t<div class=\"wc-block-grid__product-title\">B\u1ed9 S\u1ea3n Ph\u1ea9m 8 m\u00f3n &#8211; Cafede Kona<\/div>\n\t\t\t\t<\/a>\n\t\t\t\t\n\t\t\t\t<div class=\"wc-block-grid__product-price price\"><span class=\"woocommerce-Price-amount amount\">3.485.000<span class=\"woocommerce-Price-currencySymbol\">&#8363;<\/span><\/span><\/div>\n\t\t\t\t\n\t\t\t\t<div class=\"wp-block-button wc-block-grid__product-add-to-cart\"><a href=\"?add-to-cart=13313\" aria-label=\"Th\u00eam &ldquo;B\u1ed9 S\u1ea3n Ph\u1ea9m 8 m\u00f3n - Cafede Kona&rdquo; v\u00e0o gi\u1ecf h\u00e0ng\" data-quantity=\"1\" data-product_id=\"13313\" data-product_sku=\"\" rel=\"nofollow\" class=\"wp-block-button__link add_to_cart_button ajax_add_to_cart\">Th\u00eam v\u00e0o gi\u1ecf h\u00e0ng<\/a><\/div>\n\t\t\t<\/li><\/ul><\/div>","protected":false},"excerpt":{"rendered":"","protected":false},"author":1,"featured_media":0,"parent":0,"menu_order":0,"comment_status":"closed","ping_status":"closed","template":"","meta":{"om_disable_all_campaigns":false,"_monsterinsights_skip_tracking":false,"_monsterinsights_sitenote_active":false,"_monsterinsights_sitenote_note":"","_monsterinsights_sitenote_category":0},"_links":{"self":[{"href":"https:\/\/coffeehome.vn\/index.php\/wp-json\/wp\/v2\/pages\/13682"}],"collection":[{"href":"https:\/\/coffeehome.vn\/index.php\/wp-json\/wp\/v2\/pages"}],"about":[{"href":"https:\/\/coffeehome.vn\/index.php\/wp-json\/wp\/v2\/types\/page"}],"author":[{"embeddable":true,"href":"https:\/\/coffeehome.vn\/index.php\/wp-json\/wp\/v2\/users\/1"}],"replies":[{"embeddable":true,"href":"https:\/\/coffeehome.vn\/index.php\/wp-json\/wp\/v2\/comments?post=13682"}],"version-history":[{"count":1,"href":"https:\/\/coffeehome.vn\/index.php\/wp-json\/wp\/v2\/pages\/13682\/revisions"}],"predecessor-version":[{"id":13684,"href":"https:\/\/coffeehome.vn\/index.php\/wp-json\/wp\/v2\/pages\/13682\/revisions\/13684"}],"wp:attachment":[{"href":"https:\/\/coffeehome.vn\/index.php\/wp-json\/wp\/v2\/media?parent=13682"}],"curies":[{"name":"wp","href":"https:\/\/api.w.org\/{rel}","templated":true}]}}