{"id":5326,"date":"2019-03-15T02:25:34","date_gmt":"2019-03-15T02:25:34","guid":{"rendered":"https:\/\/demo.themeftc.com\/foodstore\/?page_id=5326"},"modified":"2021-07-31T20:38:40","modified_gmt":"2021-07-31T13:38:40","slug":"blog-grid","status":"publish","type":"page","link":"https:\/\/coffeehome.vn\/index.php\/blog-grid\/","title":{"rendered":"Blog: C\u00e1c Lo\u1ea1i C\u00e0 Ph\u00ea Tr\u00ean Th\u1ebf Gi\u1edbi"},"content":{"rendered":"<p>[vc_row][vc_column width=&#8221;1\/3&#8243;]<div class=\"ftc-heading heading-1 style-1\"><h1>6. C\u00c0 PH\u00ca CATIMOR<\/h1><\/div>\t\t<div class=\"ftc-smooth-image smooth-background-image ftc-smooth\">\n\t\t\t\t\t\t\t<a title=\"\" target=\"_self\" href=\"https:\/\/coffeehome.vn\/index.php\/2021\/07\/30\/6-ca-phe-catimor\/\" >\n\t\t\t\t\t<img width=\"720\" height=\"467\" src=\"https:\/\/coffeehome.vn\/wp-content\/uploads\/2021\/07\/StockSnap_F4LZWFABAB-720x467-1.jpg\" class=\"img\" alt=\"\" loading=\"lazy\" srcset=\"https:\/\/coffeehome.vn\/wp-content\/uploads\/2021\/07\/StockSnap_F4LZWFABAB-720x467-1.jpg 720w, https:\/\/coffeehome.vn\/wp-content\/uploads\/2021\/07\/StockSnap_F4LZWFABAB-720x467-1-300x195.jpg 300w, https:\/\/coffeehome.vn\/wp-content\/uploads\/2021\/07\/StockSnap_F4LZWFABAB-720x467-1-600x389.jpg 600w\" sizes=\"(max-width: 720px) 100vw, 720px\" \/>\t\t\t\t<\/a>\n\t\t\t\t\t\t\t<\/div>\n\t\t\t[vc_column_text]Catimor l\u00e0 s\u1ef1 lai t\u1ea1o gi\u1eefa cafe Timor (c\u00e0 ph\u00ea Timor \u0111\u01b0\u1ee3c lai t\u1ea1o t\u1eeb c\u00e0 ph\u00ea Arabica v\u00e0 Robusta) v\u00e0 Caturra&#8230;[\/vc_column_text]<div class=\"ftc-sb-button\"><a href=\"https:\/\/coffeehome.vn\/index.php\/2021\/07\/30\/6-ca-phe-catimor\/\" target=\"_self\" class=\"ftc-button ftc-button-1 large  \">\u0110\u1ecdc ti\u1ebfp&#8230;<\/a><\/div>[vc_empty_space height=&#8221;12px&#8221;][vc_separator color=&#8221;custom&#8221; accent_color=&#8221;#0d7877&#8243;][\/vc_column][vc_column width=&#8221;1\/3&#8243;]<div class=\"ftc-heading heading-1 style-1\"><h1>5. C\u00c0 PH\u00ca MOKA (MOCHA)<\/h1><\/div>\t\t<div class=\"ftc-smooth-image smooth-background-image ftc-smooth\">\n\t\t\t\t\t\t\t<a title=\"\" target=\"_self\" href=\"https:\/\/coffeehome.vn\/index.php\/2021\/07\/30\/5-ca-phe-moka-mocha\/\" >\n\t\t\t\t\t<img width=\"720\" height=\"467\" src=\"https:\/\/coffeehome.vn\/wp-content\/uploads\/2021\/07\/MOKA-720X467.jpg\" class=\"img\" alt=\"\" loading=\"lazy\" srcset=\"https:\/\/coffeehome.vn\/wp-content\/uploads\/2021\/07\/MOKA-720X467.jpg 720w, https:\/\/coffeehome.vn\/wp-content\/uploads\/2021\/07\/MOKA-720X467-300x195.jpg 300w, https:\/\/coffeehome.vn\/wp-content\/uploads\/2021\/07\/MOKA-720X467-600x389.jpg 600w\" sizes=\"(max-width: 720px) 100vw, 720px\" \/>\t\t\t\t<\/a>\n\t\t\t\t\t\t\t<\/div>\n\t\t\t[vc_column_text]Moka \u0111\u01b0\u1ee3c xem l\u00e0 Ho\u00e0ng H\u1eadu trong v\u01b0\u01a1ng qu\u1ed1c c\u00e0 ph\u00ea.C\u00e0 ph\u00ea Moka l\u00e0 m\u1ed9t ch\u1ee7ng lo\u1ea1i thu\u1ed9c gi\u1ed1ng Arabica&#8230;[\/vc_column_text]<div class=\"ftc-sb-button\"><a href=\"https:\/\/coffeehome.vn\/index.php\/2021\/07\/30\/5-ca-phe-moka-mocha\/\" target=\"_self\" class=\"ftc-button ftc-button-2 large  \">\u0110\u1ecdc ti\u1ebfp&#8230;<\/a><\/div>[vc_empty_space height=&#8221;12px&#8221;][vc_separator color=&#8221;custom&#8221; accent_color=&#8221;#0d7877&#8243;][\/vc_column][vc_column width=&#8221;1\/3&#8243;]<div class=\"ftc-heading heading-1 style-1\"><h1>3&amp;4. EXCELSA &amp; LIBERICA<\/h1><\/div>\t\t<div class=\"ftc-smooth-image smooth-background-image ftc-smooth\">\n\t\t\t\t\t\t\t<a title=\"\" target=\"_self\" href=\"https:\/\/coffeehome.vn\/index.php\/2021\/07\/30\/3-excelsa-liberica-cherry-or-ca-phe-mit\/\" >\n\t\t\t\t\t<img width=\"720\" height=\"467\" src=\"https:\/\/coffeehome.vn\/wp-content\/uploads\/2021\/07\/LIBERIA-720X467.jpg\" class=\"img\" alt=\"\" loading=\"lazy\" srcset=\"https:\/\/coffeehome.vn\/wp-content\/uploads\/2021\/07\/LIBERIA-720X467.jpg 720w, https:\/\/coffeehome.vn\/wp-content\/uploads\/2021\/07\/LIBERIA-720X467-300x195.jpg 300w, https:\/\/coffeehome.vn\/wp-content\/uploads\/2021\/07\/LIBERIA-720X467-600x389.jpg 600w\" sizes=\"(max-width: 720px) 100vw, 720px\" \/>\t\t\t\t<\/a>\n\t\t\t\t\t\t\t<\/div>\n\t\t\t[vc_column_text]Coffee Liberica c\u00f3 ngu\u1ed3n g\u1ed1c \u1edf Liberia, T\u00e2y Phi. Tuy nhi\u00ean, ng\u00e0y nay, n\u00f3 ch\u1ee7 y\u1ebfu \u0111\u01b0\u1ee3c tr\u1ed3ng v\u00e0 ti\u00eau th\u1ee5 \u1edf \u0110\u00f4ng Nam \u00c1 &#8230;[\/vc_column_text]<div class=\"ftc-sb-button\"><a href=\"https:\/\/coffeehome.vn\/index.php\/2021\/07\/30\/3-excelsa-liberica-cherry-or-ca-phe-mit\/\" target=\"_self\" class=\"ftc-button ftc-button-3 large  \">\u0110\u1ecdc ti\u1ebfp&#8230;<\/a><\/div>[vc_empty_space height=&#8221;12px&#8221;][vc_separator color=&#8221;custom&#8221; accent_color=&#8221;#0d7877&#8243;][\/vc_column][\/vc_row][vc_row][vc_column width=&#8221;1\/2&#8243;]<div class=\"ftc-heading heading-1 style-1\"><h1>2. C\u00c0 PH\u00ca ROBUSTA<\/h1><\/div>\t\t<div class=\"ftc-smooth-image smooth-background-image ftc-smooth\">\n\t\t\t\t\t\t\t<a title=\"\" target=\"_self\" href=\"https:\/\/coffeehome.vn\/index.php\/2021\/07\/30\/2-ca-phe-robusta\/\" >\n\t\t\t\t\t<img width=\"720\" height=\"467\" src=\"https:\/\/coffeehome.vn\/wp-content\/uploads\/2021\/07\/ROBUSTA-720X467.jpg\" class=\"img\" alt=\"\" loading=\"lazy\" srcset=\"https:\/\/coffeehome.vn\/wp-content\/uploads\/2021\/07\/ROBUSTA-720X467.jpg 720w, https:\/\/coffeehome.vn\/wp-content\/uploads\/2021\/07\/ROBUSTA-720X467-300x195.jpg 300w, https:\/\/coffeehome.vn\/wp-content\/uploads\/2021\/07\/ROBUSTA-720X467-600x389.jpg 600w\" sizes=\"(max-width: 720px) 100vw, 720px\" \/>\t\t\t\t<\/a>\n\t\t\t\t\t\t\t<\/div>\n\t\t\t[vc_column_text]Robusta c\u00f3 h\u00e0m l\u01b0\u1ee3ng Cafeine cao h\u01a1n Arabica, c\u00f3 v\u1ecb \u0111\u1eafng g\u1eaft h\u01a1n. Lo\u1ea1i h\u1ea1t n\u00e0y th\u01b0\u1eddng d\u00f9ng \u0111\u1ec3 s\u1ea3n xu\u1ea5t c\u00e0 ph\u00ea h\u00f2a tan v\u00e0 c\u00e0 ph\u00ea Espresso&#8230;.[\/vc_column_text]<div class=\"ftc-sb-button\"><a href=\"https:\/\/coffeehome.vn\/index.php\/2021\/07\/30\/2-ca-phe-robusta\/\" target=\"_self\" class=\"ftc-button ftc-button-4 small  \">\u0110\u1ecdc ti\u1ebfp&#8230;<\/a><\/div>[\/vc_column][vc_column width=&#8221;1\/2&#8243;]<div class=\"ftc-heading heading-1 style-1\"><h1>1. C\u00c0 PH\u00ca ARABICA<\/h1><\/div>\t\t<div class=\"ftc-smooth-image smooth-background-image ftc-smooth\">\n\t\t\t\t\t\t\t<a title=\"\" target=\"_self\" href=\"https:\/\/coffeehome.vn\/index.php\/2021\/07\/30\/1-ca-phe-arabica\/\" >\n\t\t\t\t\t<img width=\"720\" height=\"467\" src=\"https:\/\/coffeehome.vn\/wp-content\/uploads\/2021\/07\/coffehome_arabica-720x467-1.jpg\" class=\"img\" alt=\"\" loading=\"lazy\" srcset=\"https:\/\/coffeehome.vn\/wp-content\/uploads\/2021\/07\/coffehome_arabica-720x467-1.jpg 720w, https:\/\/coffeehome.vn\/wp-content\/uploads\/2021\/07\/coffehome_arabica-720x467-1-300x195.jpg 300w, https:\/\/coffeehome.vn\/wp-content\/uploads\/2021\/07\/coffehome_arabica-720x467-1-600x389.jpg 600w\" sizes=\"(max-width: 720px) 100vw, 720px\" \/>\t\t\t\t<\/a>\n\t\t\t\t\t\t\t<\/div>\n\t\t\t[vc_column_text]Arabica l\u00e0 lo\u1ea1i h\u1ea1t ph\u1ed5 bi\u1ebfn nh\u1ea5t tr\u00ean th\u1ebf gi\u1edbi \u0111\u1ec3 s\u1eed d\u1ee5ng l\u00e0m c\u00e0 ph\u00ea. Arabica c\u00f3 ch\u1ea5t l\u01b0\u1ee3ng cao h\u01a1n Robusta v\u00e0 gi\u00e1 c\u1ee7a ch\u00fang c\u0169ng \u0111\u1eaft h\u01a1n&#8230;[\/vc_column_text]<div class=\"ftc-sb-button\"><a href=\"https:\/\/coffeehome.vn\/index.php\/2021\/07\/30\/1-ca-phe-arabica\/\" target=\"_self\" class=\"ftc-button ftc-button-5 small  \">\u0110\u1ecdc ti\u1ebfp&#8230;<\/a><\/div>[\/vc_column][\/vc_row]<\/p>\n","protected":false},"excerpt":{"rendered":"<p>[vc_row][vc_column width=&#8221;1\/3&#8243;][vc_column_text]Catimor l\u00e0 s\u1ef1 lai t\u1ea1o gi\u1eefa cafe Timor (c\u00e0 ph\u00ea Timor \u0111\u01b0\u1ee3c lai t\u1ea1o t\u1eeb c\u00e0 ph\u00ea Arabica v\u00e0 Robusta) v\u00e0 Caturra&#8230;[\/vc_column_text][vc_empty_space height=&#8221;12px&#8221;][vc_separator color=&#8221;custom&#8221; accent_color=&#8221;#0d7877&#8243;][\/vc_column][vc_column width=&#8221;1\/3&#8243;][vc_column_text]Moka \u0111\u01b0\u1ee3c xem l\u00e0 Ho\u00e0ng H\u1eadu trong v\u01b0\u01a1ng qu\u1ed1c c\u00e0 ph\u00ea.C\u00e0 ph\u00ea Moka l\u00e0 m\u1ed9t ch\u1ee7ng lo\u1ea1i thu\u1ed9c gi\u1ed1ng Arabica&#8230;[\/vc_column_text][vc_empty_space height=&#8221;12px&#8221;][vc_separator color=&#8221;custom&#8221; accent_color=&#8221;#0d7877&#8243;][\/vc_column][vc_column width=&#8221;1\/3&#8243;][vc_column_text]Coffee Liberica c\u00f3 ngu\u1ed3n g\u1ed1c \u1edf [&hellip;]<\/p>\n","protected":false},"author":1,"featured_media":0,"parent":0,"menu_order":0,"comment_status":"closed","ping_status":"closed","template":"","meta":{"om_disable_all_campaigns":false,"_monsterinsights_skip_tracking":false,"_monsterinsights_sitenote_active":false,"_monsterinsights_sitenote_note":"","_monsterinsights_sitenote_category":0},"_links":{"self":[{"href":"https:\/\/coffeehome.vn\/index.php\/wp-json\/wp\/v2\/pages\/5326"}],"collection":[{"href":"https:\/\/coffeehome.vn\/index.php\/wp-json\/wp\/v2\/pages"}],"about":[{"href":"https:\/\/coffeehome.vn\/index.php\/wp-json\/wp\/v2\/types\/page"}],"author":[{"embeddable":true,"href":"https:\/\/coffeehome.vn\/index.php\/wp-json\/wp\/v2\/users\/1"}],"replies":[{"embeddable":true,"href":"https:\/\/coffeehome.vn\/index.php\/wp-json\/wp\/v2\/comments?post=5326"}],"version-history":[{"count":12,"href":"https:\/\/coffeehome.vn\/index.php\/wp-json\/wp\/v2\/pages\/5326\/revisions"}],"predecessor-version":[{"id":11279,"href":"https:\/\/coffeehome.vn\/index.php\/wp-json\/wp\/v2\/pages\/5326\/revisions\/11279"}],"wp:attachment":[{"href":"https:\/\/coffeehome.vn\/index.php\/wp-json\/wp\/v2\/media?parent=5326"}],"curies":[{"name":"wp","href":"https:\/\/api.w.org\/{rel}","templated":true}]}}