{"id":10614,"date":"2021-07-03T19:55:10","date_gmt":"2021-07-03T19:55:10","guid":{"rendered":"https:\/\/coffeehome.vn\/?post_type=product&#038;p=10614"},"modified":"2021-11-03T17:29:58","modified_gmt":"2021-11-03T10:29:58","slug":"hat-ca-phe-loai-1-tuliro","status":"publish","type":"product","link":"https:\/\/coffeehome.vn\/index.php\/product\/hat-ca-phe-loai-1-tuliro\/","title":{"rendered":"H\u1ea1t c\u00e0 Ph\u00ea Lo\u1ea1i 1 &#8211; Tuliro"},"content":{"rendered":"<p>H\u1ea1t c\u00e0 ph\u00ea ch\u1ea5t l\u01b0\u1ee3ng cao<\/p>\n<p>Mang l\u1ea1i tr\u1ea3i nghi\u1ec7m th\u00fa v\u1ecb cho ng\u01b0\u1eddi s\u1eed d\u1ee5ng<\/p>\n<p>Bao b\u00ec 30 gam<\/p>\n<p>\u0110\u00f3ng g\u00f3i<\/p>\n","protected":false},"excerpt":{"rendered":"<p>H\u1ea1t c\u00e0 ph\u00ea ch\u1ea5t l\u01b0\u1ee3ng cao Mang l\u1ea1i tr\u1ea3i nghi\u1ec7m th\u00fa v\u1ecb cho ng\u01b0\u1eddi s\u1eed d\u1ee5ng Bao b\u00ec 30 gam \u0110\u00f3ng g\u00f3i<\/p>\n","protected":false},"featured_media":3224,"comment_status":"open","ping_status":"closed","template":"","meta":{"om_disable_all_campaigns":false,"_monsterinsights_skip_tracking":false,"_monsterinsights_sitenote_active":false,"_monsterinsights_sitenote_note":"","_monsterinsights_sitenote_category":0},"product_cat":[60,56,59,58],"product_tag":[],"_links":{"self":[{"href":"https:\/\/coffeehome.vn\/index.php\/wp-json\/wp\/v2\/product\/10614"}],"collection":[{"href":"https:\/\/coffeehome.vn\/index.php\/wp-json\/wp\/v2\/product"}],"about":[{"href":"https:\/\/coffeehome.vn\/index.php\/wp-json\/wp\/v2\/types\/product"}],"replies":[{"embeddable":true,"href":"https:\/\/coffeehome.vn\/index.php\/wp-json\/wp\/v2\/comments?post=10614"}],"wp:featuredmedia":[{"embeddable":true,"href":"https:\/\/coffeehome.vn\/index.php\/wp-json\/wp\/v2\/media\/3224"}],"wp:attachment":[{"href":"https:\/\/coffeehome.vn\/index.php\/wp-json\/wp\/v2\/media?parent=10614"}],"wp:term":[{"taxonomy":"product_cat","embeddable":true,"href":"https:\/\/coffeehome.vn\/index.php\/wp-json\/wp\/v2\/product_cat?post=10614"},{"taxonomy":"product_tag","embeddable":true,"href":"https:\/\/coffeehome.vn\/index.php\/wp-json\/wp\/v2\/product_tag?post=10614"}],"curies":[{"name":"wp","href":"https:\/\/api.w.org\/{rel}","templated":true}]}}