{"id":10615,"date":"2021-07-03T20:01:37","date_gmt":"2021-07-03T20:01:37","guid":{"rendered":"https:\/\/coffeehome.vn\/?post_type=product&#038;p=10615"},"modified":"2021-11-03T17:31:04","modified_gmt":"2021-11-03T10:31:04","slug":"may-rang-ca-phe-holit3","status":"publish","type":"product","link":"https:\/\/coffeehome.vn\/index.php\/product\/may-rang-ca-phe-holit3\/","title":{"rendered":"M\u00e1y rang c\u00e0 ph\u00ea holit3"},"content":{"rendered":"<p>M\u00e1y rang c\u00e0 ph\u00ea t\u1ed1t nh\u1ea5t hi\u1ec7n nay<\/p>\n<p>M\u00e1y rang c\u00e0 ph\u00ea t\u1ef1 \u0111\u1ed9ng<\/p>\n<p>t\u1ef1 \u0111\u1ed9ng pha ch\u1ebf<\/p>\n","protected":false},"excerpt":{"rendered":"<p>&nbsp;<\/p>\n<p>&nbsp;<\/p>\n","protected":false},"featured_media":10616,"comment_status":"open","ping_status":"closed","template":"","meta":{"om_disable_all_campaigns":false,"_monsterinsights_skip_tracking":false,"_monsterinsights_sitenote_active":false,"_monsterinsights_sitenote_note":"","_monsterinsights_sitenote_category":0},"product_cat":[59],"product_tag":[],"_links":{"self":[{"href":"https:\/\/coffeehome.vn\/index.php\/wp-json\/wp\/v2\/product\/10615"}],"collection":[{"href":"https:\/\/coffeehome.vn\/index.php\/wp-json\/wp\/v2\/product"}],"about":[{"href":"https:\/\/coffeehome.vn\/index.php\/wp-json\/wp\/v2\/types\/product"}],"replies":[{"embeddable":true,"href":"https:\/\/coffeehome.vn\/index.php\/wp-json\/wp\/v2\/comments?post=10615"}],"wp:featuredmedia":[{"embeddable":true,"href":"https:\/\/coffeehome.vn\/index.php\/wp-json\/wp\/v2\/media\/10616"}],"wp:attachment":[{"href":"https:\/\/coffeehome.vn\/index.php\/wp-json\/wp\/v2\/media?parent=10615"}],"wp:term":[{"taxonomy":"product_cat","embeddable":true,"href":"https:\/\/coffeehome.vn\/index.php\/wp-json\/wp\/v2\/product_cat?post=10615"},{"taxonomy":"product_tag","embeddable":true,"href":"https:\/\/coffeehome.vn\/index.php\/wp-json\/wp\/v2\/product_tag?post=10615"}],"curies":[{"name":"wp","href":"https:\/\/api.w.org\/{rel}","templated":true}]}}