{"id":11865,"date":"2021-09-08T01:14:25","date_gmt":"2021-09-07T18:14:25","guid":{"rendered":"https:\/\/coffeehome.vn\/?post_type=product&#038;p=11865"},"modified":"2021-11-03T17:31:52","modified_gmt":"2021-11-03T10:31:52","slug":"noi-rang-ca-phe-tai-nha-acl1200","status":"publish","type":"product","link":"https:\/\/coffeehome.vn\/index.php\/product\/noi-rang-ca-phe-tai-nha-acl1200\/","title":{"rendered":"N\u1ed3i rang c\u00e0 ph\u00ea t\u1ea1i nh\u00e0 ACL1200"},"content":{"rendered":"<p><img loading=\"lazy\" class=\"aligncenter size-full wp-image-11889\" src=\"https:\/\/coffeehome.vn\/wp-content\/uploads\/2021\/09\/11.jpg\" alt=\"\" width=\"750\" height=\"856\" srcset=\"https:\/\/coffeehome.vn\/wp-content\/uploads\/2021\/09\/11.jpg 750w, https:\/\/coffeehome.vn\/wp-content\/uploads\/2021\/09\/11-263x300.jpg 263w, https:\/\/coffeehome.vn\/wp-content\/uploads\/2021\/09\/11-600x685.jpg 600w\" sizes=\"(max-width: 750px) 100vw, 750px\" \/><br \/>\n<img loading=\"lazy\" class=\"aligncenter size-full wp-image-11882\" src=\"https:\/\/coffeehome.vn\/wp-content\/uploads\/2021\/09\/4.jpg\" alt=\"\" width=\"750\" height=\"656\" srcset=\"https:\/\/coffeehome.vn\/wp-content\/uploads\/2021\/09\/4.jpg 750w, https:\/\/coffeehome.vn\/wp-content\/uploads\/2021\/09\/4-300x262.jpg 300w, https:\/\/coffeehome.vn\/wp-content\/uploads\/2021\/09\/4-600x525.jpg 600w\" sizes=\"(max-width: 750px) 100vw, 750px\" \/><br \/>\n<img loading=\"lazy\" class=\"aligncenter size-full wp-image-11881\" src=\"https:\/\/coffeehome.vn\/wp-content\/uploads\/2021\/09\/3.jpg\" alt=\"\" width=\"750\" height=\"864\" srcset=\"https:\/\/coffeehome.vn\/wp-content\/uploads\/2021\/09\/3.jpg 750w, https:\/\/coffeehome.vn\/wp-content\/uploads\/2021\/09\/3-260x300.jpg 260w, https:\/\/coffeehome.vn\/wp-content\/uploads\/2021\/09\/3-600x691.jpg 600w\" sizes=\"(max-width: 750px) 100vw, 750px\" \/><img loading=\"lazy\" class=\"aligncenter size-full wp-image-11888\" src=\"https:\/\/coffeehome.vn\/wp-content\/uploads\/2021\/09\/10.jpg\" alt=\"\" width=\"750\" height=\"1131\" srcset=\"https:\/\/coffeehome.vn\/wp-content\/uploads\/2021\/09\/10.jpg 750w, https:\/\/coffeehome.vn\/wp-content\/uploads\/2021\/09\/10-199x300.jpg 199w, https:\/\/coffeehome.vn\/wp-content\/uploads\/2021\/09\/10-679x1024.jpg 679w, https:\/\/coffeehome.vn\/wp-content\/uploads\/2021\/09\/10-600x905.jpg 600w\" sizes=\"(max-width: 750px) 100vw, 750px\" \/><img loading=\"lazy\" class=\"aligncenter size-full wp-image-11887\" src=\"https:\/\/coffeehome.vn\/wp-content\/uploads\/2021\/09\/9.jpg\" alt=\"\" width=\"750\" height=\"1255\" srcset=\"https:\/\/coffeehome.vn\/wp-content\/uploads\/2021\/09\/9.jpg 750w, https:\/\/coffeehome.vn\/wp-content\/uploads\/2021\/09\/9-179x300.jpg 179w, https:\/\/coffeehome.vn\/wp-content\/uploads\/2021\/09\/9-612x1024.jpg 612w, https:\/\/coffeehome.vn\/wp-content\/uploads\/2021\/09\/9-600x1004.jpg 600w\" sizes=\"(max-width: 750px) 100vw, 750px\" \/><img loading=\"lazy\" class=\"aligncenter size-full wp-image-11886\" src=\"https:\/\/coffeehome.vn\/wp-content\/uploads\/2021\/09\/8.jpg\" alt=\"\" width=\"750\" height=\"1009\" srcset=\"https:\/\/coffeehome.vn\/wp-content\/uploads\/2021\/09\/8.jpg 750w, https:\/\/coffeehome.vn\/wp-content\/uploads\/2021\/09\/8-223x300.jpg 223w, https:\/\/coffeehome.vn\/wp-content\/uploads\/2021\/09\/8-600x807.jpg 600w\" sizes=\"(max-width: 750px) 100vw, 750px\" \/><img loading=\"lazy\" class=\"aligncenter size-full wp-image-11890\" src=\"https:\/\/coffeehome.vn\/wp-content\/uploads\/2021\/09\/12.jpg\" alt=\"\" width=\"750\" height=\"1170\" srcset=\"https:\/\/coffeehome.vn\/wp-content\/uploads\/2021\/09\/12.jpg 750w, https:\/\/coffeehome.vn\/wp-content\/uploads\/2021\/09\/12-192x300.jpg 192w, https:\/\/coffeehome.vn\/wp-content\/uploads\/2021\/09\/12-656x1024.jpg 656w, https:\/\/coffeehome.vn\/wp-content\/uploads\/2021\/09\/12-600x936.jpg 600w\" sizes=\"(max-width: 750px) 100vw, 750px\" \/><\/p>\n<ul>\n<li>T\u00caN S\u1ea2N PH\u1ea8M: M\u00e1y rang c\u00e0 ph\u00ea gia \u0111\u1ecbnh hi\u1ec1u ACL<\/li>\n<li>M\u00e0u s\u1eafc: Oblate \/ Tr\u1eafng<\/li>\n<li>Chi\u1ebfu li\u1ec7u: V\u1eadt li\u1ec7u PP ch\u1ecbu nhi\u1ec7t cao<\/li>\n<li>K\u00edch th\u01b0\u1edbc: RxC: 32 cm x 12 cm<\/li>\n<li>\u0110\u01b0\u1eddng k\u00ednh l\u00f2ng trong: 27 cm<\/li>\n<li>C\u00f4ng su\u1ea5t: 1200w<\/li>\n<li>Kh\u1ed1i l\u01b0\u1ee3ng rang 1 \u0111\u1ee3t : &lt; 800g<\/li>\n<li>Nhi\u1ec1u c\u1ea5p \u0111\u1ed9 rang kh\u00e1c nhau<\/li>\n<li>Tr\u1ecdng l\u01b0\u1ee3ng: 2,8kg<\/li>\n<\/ul>\n","protected":false},"excerpt":{"rendered":"<p>T\u00caN S\u1ea2N PH\u1ea8M: M\u00e1y rang c\u00e0 ph\u00ea gia \u0111\u1ecbnh hi\u1ec1u ACL M\u00e0u s\u1eafc: Oblate \/ Tr\u1eafng Chi\u1ebfu li\u1ec7u: V\u1eadt li\u1ec7u PP ch\u1ecbu nhi\u1ec7t cao K\u00edch th\u01b0\u1edbc: RxC: 32 cm x 12 cm \u0110\u01b0\u1eddng k\u00ednh l\u00f2ng trong: 27 cm C\u00f4ng su\u1ea5t: 1200w Kh\u1ed1i l\u01b0\u1ee3ng rang 1 \u0111\u1ee3t : &lt; 800g Nhi\u1ec1u c\u1ea5p \u0111\u1ed9 rang kh\u00e1c nhau [&hellip;]<\/p>\n","protected":false},"featured_media":11892,"comment_status":"open","ping_status":"closed","template":"","meta":{"om_disable_all_campaigns":true,"_monsterinsights_skip_tracking":false,"_monsterinsights_sitenote_active":false,"_monsterinsights_sitenote_note":"","_monsterinsights_sitenote_category":0},"product_cat":[59,190],"product_tag":[189],"_links":{"self":[{"href":"https:\/\/coffeehome.vn\/index.php\/wp-json\/wp\/v2\/product\/11865"}],"collection":[{"href":"https:\/\/coffeehome.vn\/index.php\/wp-json\/wp\/v2\/product"}],"about":[{"href":"https:\/\/coffeehome.vn\/index.php\/wp-json\/wp\/v2\/types\/product"}],"replies":[{"embeddable":true,"href":"https:\/\/coffeehome.vn\/index.php\/wp-json\/wp\/v2\/comments?post=11865"}],"wp:featuredmedia":[{"embeddable":true,"href":"https:\/\/coffeehome.vn\/index.php\/wp-json\/wp\/v2\/media\/11892"}],"wp:attachment":[{"href":"https:\/\/coffeehome.vn\/index.php\/wp-json\/wp\/v2\/media?parent=11865"}],"wp:term":[{"taxonomy":"product_cat","embeddable":true,"href":"https:\/\/coffeehome.vn\/index.php\/wp-json\/wp\/v2\/product_cat?post=11865"},{"taxonomy":"product_tag","embeddable":true,"href":"https:\/\/coffeehome.vn\/index.php\/wp-json\/wp\/v2\/product_tag?post=11865"}],"curies":[{"name":"wp","href":"https:\/\/api.w.org\/{rel}","templated":true}]}}