{"id":11915,"date":"2021-10-30T09:43:32","date_gmt":"2021-10-30T02:43:32","guid":{"rendered":"https:\/\/coffeehome.vn\/?post_type=product&#038;p=11915"},"modified":"2023-05-12T16:10:42","modified_gmt":"2023-05-12T09:10:42","slug":"tay-xay-ca-phe-hero-s01","status":"publish","type":"product","link":"https:\/\/coffeehome.vn\/index.php\/product\/tay-xay-ca-phe-hero-s01\/","title":{"rendered":"Tay Xay C\u00e0 ph\u00ea HeRo S01"},"content":{"rendered":"<p><img loading=\"lazy\" class=\"aligncenter size-full wp-image-11930\" src=\"https:\/\/coffeehome.vn\/wp-content\/uploads\/2021\/10\/15-790-921.jpg\" alt=\"\" width=\"790\" height=\"921\" srcset=\"https:\/\/coffeehome.vn\/wp-content\/uploads\/2021\/10\/15-790-921.jpg 790w, https:\/\/coffeehome.vn\/wp-content\/uploads\/2021\/10\/15-790-921-257x300.jpg 257w, https:\/\/coffeehome.vn\/wp-content\/uploads\/2021\/10\/15-790-921-768x895.jpg 768w, https:\/\/coffeehome.vn\/wp-content\/uploads\/2021\/10\/15-790-921-600x699.jpg 600w\" sizes=\"(max-width: 790px) 100vw, 790px\" \/> <img loading=\"lazy\" class=\"aligncenter size-full wp-image-11931\" src=\"https:\/\/coffeehome.vn\/wp-content\/uploads\/2021\/10\/16-790-1241.jpg\" alt=\"\" width=\"790\" height=\"1274\" srcset=\"https:\/\/coffeehome.vn\/wp-content\/uploads\/2021\/10\/16-790-1241.jpg 790w, https:\/\/coffeehome.vn\/wp-content\/uploads\/2021\/10\/16-790-1241-186x300.jpg 186w, https:\/\/coffeehome.vn\/wp-content\/uploads\/2021\/10\/16-790-1241-635x1024.jpg 635w, https:\/\/coffeehome.vn\/wp-content\/uploads\/2021\/10\/16-790-1241-768x1239.jpg 768w, https:\/\/coffeehome.vn\/wp-content\/uploads\/2021\/10\/16-790-1241-600x968.jpg 600w\" sizes=\"(max-width: 790px) 100vw, 790px\" \/> <img loading=\"lazy\" class=\"aligncenter size-full wp-image-11928\" src=\"https:\/\/coffeehome.vn\/wp-content\/uploads\/2021\/10\/13-790-990.jpg\" alt=\"\" width=\"790\" height=\"990\" srcset=\"https:\/\/coffeehome.vn\/wp-content\/uploads\/2021\/10\/13-790-990.jpg 790w, https:\/\/coffeehome.vn\/wp-content\/uploads\/2021\/10\/13-790-990-239x300.jpg 239w, https:\/\/coffeehome.vn\/wp-content\/uploads\/2021\/10\/13-790-990-768x962.jpg 768w, https:\/\/coffeehome.vn\/wp-content\/uploads\/2021\/10\/13-790-990-600x752.jpg 600w\" sizes=\"(max-width: 790px) 100vw, 790px\" \/> <img loading=\"lazy\" class=\"aligncenter size-full wp-image-11923\" src=\"https:\/\/coffeehome.vn\/wp-content\/uploads\/2021\/10\/8-790-896.jpg\" alt=\"\" width=\"790\" height=\"996\" srcset=\"https:\/\/coffeehome.vn\/wp-content\/uploads\/2021\/10\/8-790-896.jpg 790w, https:\/\/coffeehome.vn\/wp-content\/uploads\/2021\/10\/8-790-896-238x300.jpg 238w, https:\/\/coffeehome.vn\/wp-content\/uploads\/2021\/10\/8-790-896-768x968.jpg 768w, https:\/\/coffeehome.vn\/wp-content\/uploads\/2021\/10\/8-790-896-600x756.jpg 600w\" sizes=\"(max-width: 790px) 100vw, 790px\" \/> <img loading=\"lazy\" class=\"aligncenter size-full wp-image-11924\" src=\"https:\/\/coffeehome.vn\/wp-content\/uploads\/2021\/10\/9-790-508.jpg\" alt=\"\" width=\"790\" height=\"508\" srcset=\"https:\/\/coffeehome.vn\/wp-content\/uploads\/2021\/10\/9-790-508.jpg 790w, https:\/\/coffeehome.vn\/wp-content\/uploads\/2021\/10\/9-790-508-300x193.jpg 300w, https:\/\/coffeehome.vn\/wp-content\/uploads\/2021\/10\/9-790-508-768x494.jpg 768w, https:\/\/coffeehome.vn\/wp-content\/uploads\/2021\/10\/9-790-508-600x386.jpg 600w\" sizes=\"(max-width: 790px) 100vw, 790px\" \/> <img loading=\"lazy\" class=\"aligncenter size-full wp-image-11922\" src=\"https:\/\/coffeehome.vn\/wp-content\/uploads\/2021\/10\/7-790-713.jpg\" alt=\"\" width=\"790\" height=\"713\" srcset=\"https:\/\/coffeehome.vn\/wp-content\/uploads\/2021\/10\/7-790-713.jpg 790w, https:\/\/coffeehome.vn\/wp-content\/uploads\/2021\/10\/7-790-713-300x271.jpg 300w, https:\/\/coffeehome.vn\/wp-content\/uploads\/2021\/10\/7-790-713-768x693.jpg 768w, https:\/\/coffeehome.vn\/wp-content\/uploads\/2021\/10\/7-790-713-600x542.jpg 600w\" sizes=\"(max-width: 790px) 100vw, 790px\" \/> <img loading=\"lazy\" class=\"aligncenter size-full wp-image-11919\" src=\"https:\/\/coffeehome.vn\/wp-content\/uploads\/2021\/10\/4-790-892.jpg\" alt=\"\" width=\"790\" height=\"892\" srcset=\"https:\/\/coffeehome.vn\/wp-content\/uploads\/2021\/10\/4-790-892.jpg 790w, https:\/\/coffeehome.vn\/wp-content\/uploads\/2021\/10\/4-790-892-266x300.jpg 266w, https:\/\/coffeehome.vn\/wp-content\/uploads\/2021\/10\/4-790-892-768x867.jpg 768w, https:\/\/coffeehome.vn\/wp-content\/uploads\/2021\/10\/4-790-892-600x677.jpg 600w\" sizes=\"(max-width: 790px) 100vw, 790px\" \/> <img loading=\"lazy\" class=\"aligncenter size-full wp-image-11929\" src=\"https:\/\/coffeehome.vn\/wp-content\/uploads\/2021\/10\/14-790-998.jpg\" alt=\"\" width=\"790\" height=\"998\" srcset=\"https:\/\/coffeehome.vn\/wp-content\/uploads\/2021\/10\/14-790-998.jpg 790w, https:\/\/coffeehome.vn\/wp-content\/uploads\/2021\/10\/14-790-998-237x300.jpg 237w, https:\/\/coffeehome.vn\/wp-content\/uploads\/2021\/10\/14-790-998-768x970.jpg 768w, https:\/\/coffeehome.vn\/wp-content\/uploads\/2021\/10\/14-790-998-600x758.jpg 600w\" sizes=\"(max-width: 790px) 100vw, 790px\" \/> <img loading=\"lazy\" class=\"aligncenter size-full wp-image-11925\" src=\"https:\/\/coffeehome.vn\/wp-content\/uploads\/2021\/10\/10-790-771.jpg\" alt=\"\" width=\"790\" height=\"771\" srcset=\"https:\/\/coffeehome.vn\/wp-content\/uploads\/2021\/10\/10-790-771.jpg 790w, https:\/\/coffeehome.vn\/wp-content\/uploads\/2021\/10\/10-790-771-300x293.jpg 300w, https:\/\/coffeehome.vn\/wp-content\/uploads\/2021\/10\/10-790-771-768x750.jpg 768w, https:\/\/coffeehome.vn\/wp-content\/uploads\/2021\/10\/10-790-771-600x586.jpg 600w\" sizes=\"(max-width: 790px) 100vw, 790px\" \/> <img loading=\"lazy\" class=\"aligncenter size-full wp-image-11926\" src=\"https:\/\/coffeehome.vn\/wp-content\/uploads\/2021\/10\/11-790-655.jpg\" alt=\"\" width=\"790\" height=\"655\" srcset=\"https:\/\/coffeehome.vn\/wp-content\/uploads\/2021\/10\/11-790-655.jpg 790w, https:\/\/coffeehome.vn\/wp-content\/uploads\/2021\/10\/11-790-655-300x249.jpg 300w, https:\/\/coffeehome.vn\/wp-content\/uploads\/2021\/10\/11-790-655-768x637.jpg 768w, https:\/\/coffeehome.vn\/wp-content\/uploads\/2021\/10\/11-790-655-600x497.jpg 600w\" sizes=\"(max-width: 790px) 100vw, 790px\" \/> <img loading=\"lazy\" class=\"aligncenter size-full wp-image-11918\" src=\"https:\/\/coffeehome.vn\/wp-content\/uploads\/2021\/10\/3-790-892.jpg\" alt=\"\" width=\"790\" height=\"782\" srcset=\"https:\/\/coffeehome.vn\/wp-content\/uploads\/2021\/10\/3-790-892.jpg 790w, https:\/\/coffeehome.vn\/wp-content\/uploads\/2021\/10\/3-790-892-300x297.jpg 300w, https:\/\/coffeehome.vn\/wp-content\/uploads\/2021\/10\/3-790-892-768x760.jpg 768w, https:\/\/coffeehome.vn\/wp-content\/uploads\/2021\/10\/3-790-892-100x100.jpg 100w, https:\/\/coffeehome.vn\/wp-content\/uploads\/2021\/10\/3-790-892-600x594.jpg 600w\" sizes=\"(max-width: 790px) 100vw, 790px\" \/> <img loading=\"lazy\" class=\"aligncenter size-full wp-image-11920\" src=\"https:\/\/coffeehome.vn\/wp-content\/uploads\/2021\/10\/5-790-957.jpg\" alt=\"\" width=\"790\" height=\"957\" srcset=\"https:\/\/coffeehome.vn\/wp-content\/uploads\/2021\/10\/5-790-957.jpg 790w, https:\/\/coffeehome.vn\/wp-content\/uploads\/2021\/10\/5-790-957-248x300.jpg 248w, https:\/\/coffeehome.vn\/wp-content\/uploads\/2021\/10\/5-790-957-768x930.jpg 768w, https:\/\/coffeehome.vn\/wp-content\/uploads\/2021\/10\/5-790-957-600x727.jpg 600w\" sizes=\"(max-width: 790px) 100vw, 790px\" \/> <img loading=\"lazy\" class=\"aligncenter size-full wp-image-11921\" src=\"https:\/\/coffeehome.vn\/wp-content\/uploads\/2021\/10\/6-790-x-962.jpg\" alt=\"\" width=\"790\" height=\"962\" srcset=\"https:\/\/coffeehome.vn\/wp-content\/uploads\/2021\/10\/6-790-x-962.jpg 790w, https:\/\/coffeehome.vn\/wp-content\/uploads\/2021\/10\/6-790-x-962-246x300.jpg 246w, https:\/\/coffeehome.vn\/wp-content\/uploads\/2021\/10\/6-790-x-962-768x935.jpg 768w, https:\/\/coffeehome.vn\/wp-content\/uploads\/2021\/10\/6-790-x-962-600x731.jpg 600w\" sizes=\"(max-width: 790px) 100vw, 790px\" \/> <img loading=\"lazy\" class=\"aligncenter size-full wp-image-11916\" src=\"https:\/\/coffeehome.vn\/wp-content\/uploads\/2021\/10\/1-790-893.jpg\" alt=\"\" width=\"790\" height=\"983\" srcset=\"https:\/\/coffeehome.vn\/wp-content\/uploads\/2021\/10\/1-790-893.jpg 790w, https:\/\/coffeehome.vn\/wp-content\/uploads\/2021\/10\/1-790-893-241x300.jpg 241w, https:\/\/coffeehome.vn\/wp-content\/uploads\/2021\/10\/1-790-893-768x956.jpg 768w, https:\/\/coffeehome.vn\/wp-content\/uploads\/2021\/10\/1-790-893-600x747.jpg 600w\" sizes=\"(max-width: 790px) 100vw, 790px\" \/> <img loading=\"lazy\" class=\"aligncenter size-full wp-image-11917\" src=\"https:\/\/coffeehome.vn\/wp-content\/uploads\/2021\/10\/2-790-1035.jpg\" alt=\"\" width=\"790\" height=\"1035\" srcset=\"https:\/\/coffeehome.vn\/wp-content\/uploads\/2021\/10\/2-790-1035.jpg 790w, https:\/\/coffeehome.vn\/wp-content\/uploads\/2021\/10\/2-790-1035-229x300.jpg 229w, https:\/\/coffeehome.vn\/wp-content\/uploads\/2021\/10\/2-790-1035-782x1024.jpg 782w, https:\/\/coffeehome.vn\/wp-content\/uploads\/2021\/10\/2-790-1035-768x1006.jpg 768w, https:\/\/coffeehome.vn\/wp-content\/uploads\/2021\/10\/2-790-1035-600x786.jpg 600w\" sizes=\"(max-width: 790px) 100vw, 790px\" \/><\/p>\n<p>Tay xay C\u00e0 ph\u00ea<br \/>\nPh\u00f9 h\u1ee3p xay c\u00e0 ph\u00ea t\u1ea1i v\u0103n ph\u00f2ng, t\u1ea1i nh\u00e0, \u0111i du l\u1ecbch, picnic\u2026<br \/>\nTh\u00edch h\u1ee3p pha phin Vi\u1ec7t Nam, pha m\u00e1y, pha phin gi\u1ea5y trong tr\u01b0\u1eddng h\u1ee3p c\u1ea7n s\u1eed d\u1ee5ng nhanh.<\/p>\n","protected":false},"excerpt":{"rendered":"<p>Tay xay C\u00e0 ph\u00ea Ph\u00f9 h\u1ee3p xay c\u00e0 ph\u00ea t\u1ea1i v\u0103n ph\u00f2ng, t\u1ea1i nh\u00e0, \u0111i du l\u1ecbch, picnic\u2026 Th\u00edch h\u1ee3p pha phin Vi\u1ec7t Nam, pha m\u00e1y, pha phin gi\u1ea5y trong tr\u01b0\u1eddng h\u1ee3p c\u1ea7n s\u1eed d\u1ee5ng nhanh.<\/p>\n","protected":false},"featured_media":11933,"comment_status":"open","ping_status":"closed","template":"","meta":{"om_disable_all_campaigns":false,"_monsterinsights_skip_tracking":false,"_monsterinsights_sitenote_active":false,"_monsterinsights_sitenote_note":"","_monsterinsights_sitenote_category":0},"product_cat":[196,194,197,191,192],"product_tag":[],"_links":{"self":[{"href":"https:\/\/coffeehome.vn\/index.php\/wp-json\/wp\/v2\/product\/11915"}],"collection":[{"href":"https:\/\/coffeehome.vn\/index.php\/wp-json\/wp\/v2\/product"}],"about":[{"href":"https:\/\/coffeehome.vn\/index.php\/wp-json\/wp\/v2\/types\/product"}],"replies":[{"embeddable":true,"href":"https:\/\/coffeehome.vn\/index.php\/wp-json\/wp\/v2\/comments?post=11915"}],"wp:featuredmedia":[{"embeddable":true,"href":"https:\/\/coffeehome.vn\/index.php\/wp-json\/wp\/v2\/media\/11933"}],"wp:attachment":[{"href":"https:\/\/coffeehome.vn\/index.php\/wp-json\/wp\/v2\/media?parent=11915"}],"wp:term":[{"taxonomy":"product_cat","embeddable":true,"href":"https:\/\/coffeehome.vn\/index.php\/wp-json\/wp\/v2\/product_cat?post=11915"},{"taxonomy":"product_tag","embeddable":true,"href":"https:\/\/coffeehome.vn\/index.php\/wp-json\/wp\/v2\/product_tag?post=11915"}],"curies":[{"name":"wp","href":"https:\/\/api.w.org\/{rel}","templated":true}]}}