{"id":11934,"date":"2021-10-30T09:48:30","date_gmt":"2021-10-30T02:48:30","guid":{"rendered":"https:\/\/coffeehome.vn\/?post_type=product&#038;p=11934"},"modified":"2023-05-12T16:11:39","modified_gmt":"2023-05-12T09:11:39","slug":"tay-xay-ca-phe-hero-s02","status":"publish","type":"product","link":"https:\/\/coffeehome.vn\/index.php\/product\/tay-xay-ca-phe-hero-s02\/","title":{"rendered":"Tay Xay C\u00e0 ph\u00ea Hero S02"},"content":{"rendered":"<p><img loading=\"lazy\" class=\"aligncenter size-full wp-image-11935\" src=\"https:\/\/coffeehome.vn\/wp-content\/uploads\/2021\/10\/02.-720X941.jpg\" alt=\"\" width=\"720\" height=\"941\" srcset=\"https:\/\/coffeehome.vn\/wp-content\/uploads\/2021\/10\/02.-720X941.jpg 720w, https:\/\/coffeehome.vn\/wp-content\/uploads\/2021\/10\/02.-720X941-230x300.jpg 230w, https:\/\/coffeehome.vn\/wp-content\/uploads\/2021\/10\/02.-720X941-600x784.jpg 600w\" sizes=\"(max-width: 720px) 100vw, 720px\" \/> <img loading=\"lazy\" class=\"aligncenter size-full wp-image-11936\" src=\"https:\/\/coffeehome.vn\/wp-content\/uploads\/2021\/10\/03.-720X934.jpg\" alt=\"\" width=\"720\" height=\"934\" srcset=\"https:\/\/coffeehome.vn\/wp-content\/uploads\/2021\/10\/03.-720X934.jpg 720w, https:\/\/coffeehome.vn\/wp-content\/uploads\/2021\/10\/03.-720X934-231x300.jpg 231w, https:\/\/coffeehome.vn\/wp-content\/uploads\/2021\/10\/03.-720X934-600x778.jpg 600w\" sizes=\"(max-width: 720px) 100vw, 720px\" \/> <img loading=\"lazy\" class=\"aligncenter size-full wp-image-11937\" src=\"https:\/\/coffeehome.vn\/wp-content\/uploads\/2021\/10\/04.-720X934.jpg\" alt=\"\" width=\"720\" height=\"934\" srcset=\"https:\/\/coffeehome.vn\/wp-content\/uploads\/2021\/10\/04.-720X934.jpg 720w, https:\/\/coffeehome.vn\/wp-content\/uploads\/2021\/10\/04.-720X934-231x300.jpg 231w, https:\/\/coffeehome.vn\/wp-content\/uploads\/2021\/10\/04.-720X934-600x778.jpg 600w\" sizes=\"(max-width: 720px) 100vw, 720px\" \/> <img loading=\"lazy\" class=\"aligncenter size-full wp-image-11938\" src=\"https:\/\/coffeehome.vn\/wp-content\/uploads\/2021\/10\/05.-720X1161.jpg\" alt=\"\" width=\"720\" height=\"1161\" srcset=\"https:\/\/coffeehome.vn\/wp-content\/uploads\/2021\/10\/05.-720X1161.jpg 720w, https:\/\/coffeehome.vn\/wp-content\/uploads\/2021\/10\/05.-720X1161-186x300.jpg 186w, https:\/\/coffeehome.vn\/wp-content\/uploads\/2021\/10\/05.-720X1161-635x1024.jpg 635w, https:\/\/coffeehome.vn\/wp-content\/uploads\/2021\/10\/05.-720X1161-600x968.jpg 600w\" sizes=\"(max-width: 720px) 100vw, 720px\" \/> <img loading=\"lazy\" class=\"aligncenter size-full wp-image-11939\" src=\"https:\/\/coffeehome.vn\/wp-content\/uploads\/2021\/10\/06.-720X1004.jpg\" alt=\"\" width=\"720\" height=\"1004\" srcset=\"https:\/\/coffeehome.vn\/wp-content\/uploads\/2021\/10\/06.-720X1004.jpg 720w, https:\/\/coffeehome.vn\/wp-content\/uploads\/2021\/10\/06.-720X1004-215x300.jpg 215w, https:\/\/coffeehome.vn\/wp-content\/uploads\/2021\/10\/06.-720X1004-600x837.jpg 600w\" sizes=\"(max-width: 720px) 100vw, 720px\" \/> <img loading=\"lazy\" class=\"aligncenter size-full wp-image-11940\" src=\"https:\/\/coffeehome.vn\/wp-content\/uploads\/2021\/10\/07.-720X1039.jpg\" alt=\"\" width=\"720\" height=\"1039\" srcset=\"https:\/\/coffeehome.vn\/wp-content\/uploads\/2021\/10\/07.-720X1039.jpg 720w, https:\/\/coffeehome.vn\/wp-content\/uploads\/2021\/10\/07.-720X1039-208x300.jpg 208w, https:\/\/coffeehome.vn\/wp-content\/uploads\/2021\/10\/07.-720X1039-710x1024.jpg 710w, https:\/\/coffeehome.vn\/wp-content\/uploads\/2021\/10\/07.-720X1039-600x866.jpg 600w\" sizes=\"(max-width: 720px) 100vw, 720px\" \/> <img loading=\"lazy\" class=\"aligncenter size-full wp-image-11941\" src=\"https:\/\/coffeehome.vn\/wp-content\/uploads\/2021\/10\/08.-720X1066.jpg\" alt=\"\" width=\"720\" height=\"1066\" srcset=\"https:\/\/coffeehome.vn\/wp-content\/uploads\/2021\/10\/08.-720X1066.jpg 720w, https:\/\/coffeehome.vn\/wp-content\/uploads\/2021\/10\/08.-720X1066-203x300.jpg 203w, https:\/\/coffeehome.vn\/wp-content\/uploads\/2021\/10\/08.-720X1066-692x1024.jpg 692w, https:\/\/coffeehome.vn\/wp-content\/uploads\/2021\/10\/08.-720X1066-600x888.jpg 600w\" sizes=\"(max-width: 720px) 100vw, 720px\" \/> <img loading=\"lazy\" class=\"aligncenter size-full wp-image-11942\" src=\"https:\/\/coffeehome.vn\/wp-content\/uploads\/2021\/10\/09.-720X923.jpg\" alt=\"\" width=\"720\" height=\"923\" srcset=\"https:\/\/coffeehome.vn\/wp-content\/uploads\/2021\/10\/09.-720X923.jpg 720w, https:\/\/coffeehome.vn\/wp-content\/uploads\/2021\/10\/09.-720X923-234x300.jpg 234w, https:\/\/coffeehome.vn\/wp-content\/uploads\/2021\/10\/09.-720X923-600x769.jpg 600w\" sizes=\"(max-width: 720px) 100vw, 720px\" \/> <img loading=\"lazy\" class=\"aligncenter size-full wp-image-11943\" src=\"https:\/\/coffeehome.vn\/wp-content\/uploads\/2021\/10\/10.-720X1451.jpg\" alt=\"\" width=\"720\" height=\"1451\" srcset=\"https:\/\/coffeehome.vn\/wp-content\/uploads\/2021\/10\/10.-720X1451.jpg 720w, https:\/\/coffeehome.vn\/wp-content\/uploads\/2021\/10\/10.-720X1451-149x300.jpg 149w, https:\/\/coffeehome.vn\/wp-content\/uploads\/2021\/10\/10.-720X1451-508x1024.jpg 508w, https:\/\/coffeehome.vn\/wp-content\/uploads\/2021\/10\/10.-720X1451-600x1209.jpg 600w\" sizes=\"(max-width: 720px) 100vw, 720px\" \/> <img loading=\"lazy\" class=\"aligncenter size-full wp-image-11944\" src=\"https:\/\/coffeehome.vn\/wp-content\/uploads\/2021\/10\/11.-720X930.jpg\" alt=\"\" width=\"720\" height=\"930\" srcset=\"https:\/\/coffeehome.vn\/wp-content\/uploads\/2021\/10\/11.-720X930.jpg 720w, https:\/\/coffeehome.vn\/wp-content\/uploads\/2021\/10\/11.-720X930-232x300.jpg 232w, https:\/\/coffeehome.vn\/wp-content\/uploads\/2021\/10\/11.-720X930-600x775.jpg 600w\" sizes=\"(max-width: 720px) 100vw, 720px\" \/> <img loading=\"lazy\" class=\"aligncenter size-full wp-image-11945\" src=\"https:\/\/coffeehome.vn\/wp-content\/uploads\/2021\/10\/720X1119.jpg\" alt=\"\" width=\"720\" height=\"1119\" srcset=\"https:\/\/coffeehome.vn\/wp-content\/uploads\/2021\/10\/720X1119.jpg 720w, https:\/\/coffeehome.vn\/wp-content\/uploads\/2021\/10\/720X1119-193x300.jpg 193w, https:\/\/coffeehome.vn\/wp-content\/uploads\/2021\/10\/720X1119-659x1024.jpg 659w, https:\/\/coffeehome.vn\/wp-content\/uploads\/2021\/10\/720X1119-600x933.jpg 600w\" sizes=\"(max-width: 720px) 100vw, 720px\" \/><\/p>\n<p>Tay xay C\u00e0 ph\u00ea<br \/>\nPh\u00f9 h\u1ee3p xay c\u00e0 ph\u00ea t\u1ea1i v\u0103n ph\u00f2ng, t\u1ea1i nh\u00e0, \u0111i du l\u1ecbch, picnic\u2026<br \/>\nTh\u00edch h\u1ee3p pha phin Vi\u1ec7t Nam, pha m\u00e1y, pha phin gi\u1ea5y trong tr\u01b0\u1eddng h\u1ee3p c\u1ea7n s\u1eed d\u1ee5ng nhanh.<\/p>\n","protected":false},"excerpt":{"rendered":"<p>Tay xay C\u00e0 ph\u00ea Ph\u00f9 h\u1ee3p xay c\u00e0 ph\u00ea t\u1ea1i v\u0103n ph\u00f2ng, t\u1ea1i nh\u00e0, \u0111i du l\u1ecbch, picnic\u2026 Th\u00edch h\u1ee3p pha phin Vi\u1ec7t Nam, pha m\u00e1y, pha phin gi\u1ea5y trong tr\u01b0\u1eddng h\u1ee3p c\u1ea7n s\u1eed d\u1ee5ng nhanh.<\/p>\n","protected":false},"featured_media":11946,"comment_status":"open","ping_status":"closed","template":"","meta":{"om_disable_all_campaigns":false,"_monsterinsights_skip_tracking":false,"_monsterinsights_sitenote_active":false,"_monsterinsights_sitenote_note":"","_monsterinsights_sitenote_category":0},"product_cat":[196,194,197,191],"product_tag":[],"_links":{"self":[{"href":"https:\/\/coffeehome.vn\/index.php\/wp-json\/wp\/v2\/product\/11934"}],"collection":[{"href":"https:\/\/coffeehome.vn\/index.php\/wp-json\/wp\/v2\/product"}],"about":[{"href":"https:\/\/coffeehome.vn\/index.php\/wp-json\/wp\/v2\/types\/product"}],"replies":[{"embeddable":true,"href":"https:\/\/coffeehome.vn\/index.php\/wp-json\/wp\/v2\/comments?post=11934"}],"wp:featuredmedia":[{"embeddable":true,"href":"https:\/\/coffeehome.vn\/index.php\/wp-json\/wp\/v2\/media\/11946"}],"wp:attachment":[{"href":"https:\/\/coffeehome.vn\/index.php\/wp-json\/wp\/v2\/media?parent=11934"}],"wp:term":[{"taxonomy":"product_cat","embeddable":true,"href":"https:\/\/coffeehome.vn\/index.php\/wp-json\/wp\/v2\/product_cat?post=11934"},{"taxonomy":"product_tag","embeddable":true,"href":"https:\/\/coffeehome.vn\/index.php\/wp-json\/wp\/v2\/product_tag?post=11934"}],"curies":[{"name":"wp","href":"https:\/\/api.w.org\/{rel}","templated":true}]}}