{"id":11948,"date":"2021-10-30T09:54:36","date_gmt":"2021-10-30T02:54:36","guid":{"rendered":"https:\/\/coffeehome.vn\/?post_type=product&#038;p=11948"},"modified":"2023-05-12T16:10:02","modified_gmt":"2023-05-12T09:10:02","slug":"tay-xay-ca-phe-hero-propeler-s07","status":"publish","type":"product","link":"https:\/\/coffeehome.vn\/index.php\/product\/tay-xay-ca-phe-hero-propeler-s07\/","title":{"rendered":"Tay Xay C\u00e0 Ph\u00ea Hero Propeler S07"},"content":{"rendered":"<p><img loading=\"lazy\" class=\"aligncenter size-full wp-image-11949\" src=\"https:\/\/coffeehome.vn\/wp-content\/uploads\/2021\/10\/1-790-891.jpg\" alt=\"\" width=\"790\" height=\"891\" srcset=\"https:\/\/coffeehome.vn\/wp-content\/uploads\/2021\/10\/1-790-891.jpg 790w, https:\/\/coffeehome.vn\/wp-content\/uploads\/2021\/10\/1-790-891-266x300.jpg 266w, https:\/\/coffeehome.vn\/wp-content\/uploads\/2021\/10\/1-790-891-768x866.jpg 768w, https:\/\/coffeehome.vn\/wp-content\/uploads\/2021\/10\/1-790-891-600x677.jpg 600w\" sizes=\"(max-width: 790px) 100vw, 790px\" \/> <img loading=\"lazy\" class=\"aligncenter size-full wp-image-11950\" src=\"https:\/\/coffeehome.vn\/wp-content\/uploads\/2021\/10\/2-790-1218.jpg\" alt=\"\" width=\"790\" height=\"1018\" srcset=\"https:\/\/coffeehome.vn\/wp-content\/uploads\/2021\/10\/2-790-1218.jpg 790w, https:\/\/coffeehome.vn\/wp-content\/uploads\/2021\/10\/2-790-1218-233x300.jpg 233w, https:\/\/coffeehome.vn\/wp-content\/uploads\/2021\/10\/2-790-1218-768x990.jpg 768w, https:\/\/coffeehome.vn\/wp-content\/uploads\/2021\/10\/2-790-1218-600x773.jpg 600w\" sizes=\"(max-width: 790px) 100vw, 790px\" \/> <img loading=\"lazy\" class=\"aligncenter size-full wp-image-11951\" src=\"https:\/\/coffeehome.vn\/wp-content\/uploads\/2021\/10\/3-790-1022.jpg\" alt=\"\" width=\"790\" height=\"1022\" srcset=\"https:\/\/coffeehome.vn\/wp-content\/uploads\/2021\/10\/3-790-1022.jpg 790w, https:\/\/coffeehome.vn\/wp-content\/uploads\/2021\/10\/3-790-1022-232x300.jpg 232w, https:\/\/coffeehome.vn\/wp-content\/uploads\/2021\/10\/3-790-1022-768x994.jpg 768w, https:\/\/coffeehome.vn\/wp-content\/uploads\/2021\/10\/3-790-1022-600x776.jpg 600w\" sizes=\"(max-width: 790px) 100vw, 790px\" \/> <img loading=\"lazy\" class=\"aligncenter size-full wp-image-11952\" src=\"https:\/\/coffeehome.vn\/wp-content\/uploads\/2021\/10\/4-790-1077.jpg\" alt=\"\" width=\"790\" height=\"1177\" srcset=\"https:\/\/coffeehome.vn\/wp-content\/uploads\/2021\/10\/4-790-1077.jpg 790w, https:\/\/coffeehome.vn\/wp-content\/uploads\/2021\/10\/4-790-1077-201x300.jpg 201w, https:\/\/coffeehome.vn\/wp-content\/uploads\/2021\/10\/4-790-1077-687x1024.jpg 687w, https:\/\/coffeehome.vn\/wp-content\/uploads\/2021\/10\/4-790-1077-768x1144.jpg 768w, https:\/\/coffeehome.vn\/wp-content\/uploads\/2021\/10\/4-790-1077-600x894.jpg 600w\" sizes=\"(max-width: 790px) 100vw, 790px\" \/> <img loading=\"lazy\" class=\"aligncenter size-full wp-image-11953\" src=\"https:\/\/coffeehome.vn\/wp-content\/uploads\/2021\/10\/5-790-1237.jpg\" alt=\"\" width=\"790\" height=\"1237\" srcset=\"https:\/\/coffeehome.vn\/wp-content\/uploads\/2021\/10\/5-790-1237.jpg 790w, https:\/\/coffeehome.vn\/wp-content\/uploads\/2021\/10\/5-790-1237-192x300.jpg 192w, https:\/\/coffeehome.vn\/wp-content\/uploads\/2021\/10\/5-790-1237-654x1024.jpg 654w, https:\/\/coffeehome.vn\/wp-content\/uploads\/2021\/10\/5-790-1237-768x1203.jpg 768w, https:\/\/coffeehome.vn\/wp-content\/uploads\/2021\/10\/5-790-1237-600x939.jpg 600w\" sizes=\"(max-width: 790px) 100vw, 790px\" \/> <img loading=\"lazy\" class=\"aligncenter size-full wp-image-11954\" src=\"https:\/\/coffeehome.vn\/wp-content\/uploads\/2021\/10\/5-790-1663.jpg\" alt=\"\" width=\"790\" height=\"1663\" srcset=\"https:\/\/coffeehome.vn\/wp-content\/uploads\/2021\/10\/5-790-1663.jpg 790w, https:\/\/coffeehome.vn\/wp-content\/uploads\/2021\/10\/5-790-1663-143x300.jpg 143w, https:\/\/coffeehome.vn\/wp-content\/uploads\/2021\/10\/5-790-1663-486x1024.jpg 486w, https:\/\/coffeehome.vn\/wp-content\/uploads\/2021\/10\/5-790-1663-768x1617.jpg 768w, https:\/\/coffeehome.vn\/wp-content\/uploads\/2021\/10\/5-790-1663-730x1536.jpg 730w, https:\/\/coffeehome.vn\/wp-content\/uploads\/2021\/10\/5-790-1663-600x1263.jpg 600w\" sizes=\"(max-width: 790px) 100vw, 790px\" \/> <img loading=\"lazy\" class=\"aligncenter size-full wp-image-11955\" src=\"https:\/\/coffeehome.vn\/wp-content\/uploads\/2021\/10\/6-790-1078.jpg\" alt=\"\" width=\"790\" height=\"1070\" srcset=\"https:\/\/coffeehome.vn\/wp-content\/uploads\/2021\/10\/6-790-1078.jpg 790w, https:\/\/coffeehome.vn\/wp-content\/uploads\/2021\/10\/6-790-1078-221x300.jpg 221w, https:\/\/coffeehome.vn\/wp-content\/uploads\/2021\/10\/6-790-1078-756x1024.jpg 756w, https:\/\/coffeehome.vn\/wp-content\/uploads\/2021\/10\/6-790-1078-768x1040.jpg 768w, https:\/\/coffeehome.vn\/wp-content\/uploads\/2021\/10\/6-790-1078-600x813.jpg 600w\" sizes=\"(max-width: 790px) 100vw, 790px\" \/> <img loading=\"lazy\" class=\"aligncenter size-full wp-image-11956\" src=\"https:\/\/coffeehome.vn\/wp-content\/uploads\/2021\/10\/7-790-1442.jpg\" alt=\"\" width=\"790\" height=\"1442\" srcset=\"https:\/\/coffeehome.vn\/wp-content\/uploads\/2021\/10\/7-790-1442.jpg 790w, https:\/\/coffeehome.vn\/wp-content\/uploads\/2021\/10\/7-790-1442-164x300.jpg 164w, https:\/\/coffeehome.vn\/wp-content\/uploads\/2021\/10\/7-790-1442-561x1024.jpg 561w, https:\/\/coffeehome.vn\/wp-content\/uploads\/2021\/10\/7-790-1442-768x1402.jpg 768w, https:\/\/coffeehome.vn\/wp-content\/uploads\/2021\/10\/7-790-1442-600x1095.jpg 600w\" sizes=\"(max-width: 790px) 100vw, 790px\" \/> <img loading=\"lazy\" class=\"aligncenter size-full wp-image-11957\" src=\"https:\/\/coffeehome.vn\/wp-content\/uploads\/2021\/10\/8-790-829.jpg\" alt=\"\" width=\"790\" height=\"829\" srcset=\"https:\/\/coffeehome.vn\/wp-content\/uploads\/2021\/10\/8-790-829.jpg 790w, https:\/\/coffeehome.vn\/wp-content\/uploads\/2021\/10\/8-790-829-286x300.jpg 286w, https:\/\/coffeehome.vn\/wp-content\/uploads\/2021\/10\/8-790-829-768x806.jpg 768w, https:\/\/coffeehome.vn\/wp-content\/uploads\/2021\/10\/8-790-829-600x630.jpg 600w\" sizes=\"(max-width: 790px) 100vw, 790px\" \/> <img loading=\"lazy\" class=\"aligncenter size-full wp-image-11958\" src=\"https:\/\/coffeehome.vn\/wp-content\/uploads\/2021\/10\/9-790-1115.jpg\" alt=\"\" width=\"790\" height=\"1115\" srcset=\"https:\/\/coffeehome.vn\/wp-content\/uploads\/2021\/10\/9-790-1115.jpg 790w, https:\/\/coffeehome.vn\/wp-content\/uploads\/2021\/10\/9-790-1115-213x300.jpg 213w, https:\/\/coffeehome.vn\/wp-content\/uploads\/2021\/10\/9-790-1115-726x1024.jpg 726w, https:\/\/coffeehome.vn\/wp-content\/uploads\/2021\/10\/9-790-1115-768x1084.jpg 768w, https:\/\/coffeehome.vn\/wp-content\/uploads\/2021\/10\/9-790-1115-600x847.jpg 600w\" sizes=\"(max-width: 790px) 100vw, 790px\" \/> <img loading=\"lazy\" class=\"aligncenter size-full wp-image-11959\" src=\"https:\/\/coffeehome.vn\/wp-content\/uploads\/2021\/10\/10-790-1057.jpg\" alt=\"\" width=\"790\" height=\"1057\" srcset=\"https:\/\/coffeehome.vn\/wp-content\/uploads\/2021\/10\/10-790-1057.jpg 790w, https:\/\/coffeehome.vn\/wp-content\/uploads\/2021\/10\/10-790-1057-224x300.jpg 224w, https:\/\/coffeehome.vn\/wp-content\/uploads\/2021\/10\/10-790-1057-765x1024.jpg 765w, https:\/\/coffeehome.vn\/wp-content\/uploads\/2021\/10\/10-790-1057-768x1028.jpg 768w, https:\/\/coffeehome.vn\/wp-content\/uploads\/2021\/10\/10-790-1057-600x803.jpg 600w\" sizes=\"(max-width: 790px) 100vw, 790px\" \/> <img loading=\"lazy\" class=\"aligncenter size-full wp-image-11960\" src=\"https:\/\/coffeehome.vn\/wp-content\/uploads\/2021\/10\/11-790-1077.jpg\" alt=\"\" width=\"790\" height=\"1077\" srcset=\"https:\/\/coffeehome.vn\/wp-content\/uploads\/2021\/10\/11-790-1077.jpg 790w, https:\/\/coffeehome.vn\/wp-content\/uploads\/2021\/10\/11-790-1077-220x300.jpg 220w, https:\/\/coffeehome.vn\/wp-content\/uploads\/2021\/10\/11-790-1077-751x1024.jpg 751w, https:\/\/coffeehome.vn\/wp-content\/uploads\/2021\/10\/11-790-1077-768x1047.jpg 768w, https:\/\/coffeehome.vn\/wp-content\/uploads\/2021\/10\/11-790-1077-600x818.jpg 600w\" sizes=\"(max-width: 790px) 100vw, 790px\" \/> <img loading=\"lazy\" class=\"aligncenter size-full wp-image-11961\" src=\"https:\/\/coffeehome.vn\/wp-content\/uploads\/2021\/10\/12-790-847.jpg\" alt=\"\" width=\"790\" height=\"847\" srcset=\"https:\/\/coffeehome.vn\/wp-content\/uploads\/2021\/10\/12-790-847.jpg 790w, https:\/\/coffeehome.vn\/wp-content\/uploads\/2021\/10\/12-790-847-280x300.jpg 280w, https:\/\/coffeehome.vn\/wp-content\/uploads\/2021\/10\/12-790-847-768x823.jpg 768w, https:\/\/coffeehome.vn\/wp-content\/uploads\/2021\/10\/12-790-847-600x643.jpg 600w\" sizes=\"(max-width: 790px) 100vw, 790px\" \/> <img loading=\"lazy\" class=\"aligncenter size-full wp-image-11962\" src=\"https:\/\/coffeehome.vn\/wp-content\/uploads\/2021\/10\/13-790-1068.jpg\" alt=\"\" width=\"790\" height=\"1068\" srcset=\"https:\/\/coffeehome.vn\/wp-content\/uploads\/2021\/10\/13-790-1068.jpg 790w, https:\/\/coffeehome.vn\/wp-content\/uploads\/2021\/10\/13-790-1068-222x300.jpg 222w, https:\/\/coffeehome.vn\/wp-content\/uploads\/2021\/10\/13-790-1068-757x1024.jpg 757w, https:\/\/coffeehome.vn\/wp-content\/uploads\/2021\/10\/13-790-1068-768x1038.jpg 768w, https:\/\/coffeehome.vn\/wp-content\/uploads\/2021\/10\/13-790-1068-600x811.jpg 600w\" sizes=\"(max-width: 790px) 100vw, 790px\" \/> <img loading=\"lazy\" class=\"aligncenter size-full wp-image-11963\" src=\"https:\/\/coffeehome.vn\/wp-content\/uploads\/2021\/10\/14-790-824.jpg\" alt=\"\" width=\"790\" height=\"824\" srcset=\"https:\/\/coffeehome.vn\/wp-content\/uploads\/2021\/10\/14-790-824.jpg 790w, https:\/\/coffeehome.vn\/wp-content\/uploads\/2021\/10\/14-790-824-288x300.jpg 288w, https:\/\/coffeehome.vn\/wp-content\/uploads\/2021\/10\/14-790-824-768x801.jpg 768w, https:\/\/coffeehome.vn\/wp-content\/uploads\/2021\/10\/14-790-824-600x626.jpg 600w\" sizes=\"(max-width: 790px) 100vw, 790px\" \/><\/p>\n<p>Tay xay C\u00e0 ph\u00ea<br \/>\nPh\u00f9 h\u1ee3p xay c\u00e0 ph\u00ea t\u1ea1i v\u0103n ph\u00f2ng, t\u1ea1i nh\u00e0, \u0111i du l\u1ecbch, picnic\u2026<br \/>\nTh\u00edch h\u1ee3p pha phin Vi\u1ec7t Nam, pha m\u00e1y, pha phin gi\u1ea5y trong tr\u01b0\u1eddng h\u1ee3p c\u1ea7n s\u1eed d\u1ee5ng nhanh.<\/p>\n","protected":false},"excerpt":{"rendered":"<p>Tay xay C\u00e0 ph\u00ea Ph\u00f9 h\u1ee3p xay c\u00e0 ph\u00ea t\u1ea1i v\u0103n ph\u00f2ng, t\u1ea1i nh\u00e0, \u0111i du l\u1ecbch, picnic\u2026 Th\u00edch h\u1ee3p pha phin Vi\u1ec7t Nam, pha m\u00e1y, pha phin gi\u1ea5y trong tr\u01b0\u1eddng h\u1ee3p c\u1ea7n s\u1eed d\u1ee5ng nhanh.<\/p>\n","protected":false},"featured_media":11965,"comment_status":"open","ping_status":"closed","template":"","meta":{"om_disable_all_campaigns":false,"_monsterinsights_skip_tracking":false,"_monsterinsights_sitenote_active":false,"_monsterinsights_sitenote_note":"","_monsterinsights_sitenote_category":0},"product_cat":[196,194,197,191],"product_tag":[],"_links":{"self":[{"href":"https:\/\/coffeehome.vn\/index.php\/wp-json\/wp\/v2\/product\/11948"}],"collection":[{"href":"https:\/\/coffeehome.vn\/index.php\/wp-json\/wp\/v2\/product"}],"about":[{"href":"https:\/\/coffeehome.vn\/index.php\/wp-json\/wp\/v2\/types\/product"}],"replies":[{"embeddable":true,"href":"https:\/\/coffeehome.vn\/index.php\/wp-json\/wp\/v2\/comments?post=11948"}],"wp:featuredmedia":[{"embeddable":true,"href":"https:\/\/coffeehome.vn\/index.php\/wp-json\/wp\/v2\/media\/11965"}],"wp:attachment":[{"href":"https:\/\/coffeehome.vn\/index.php\/wp-json\/wp\/v2\/media?parent=11948"}],"wp:term":[{"taxonomy":"product_cat","embeddable":true,"href":"https:\/\/coffeehome.vn\/index.php\/wp-json\/wp\/v2\/product_cat?post=11948"},{"taxonomy":"product_tag","embeddable":true,"href":"https:\/\/coffeehome.vn\/index.php\/wp-json\/wp\/v2\/product_tag?post=11948"}],"curies":[{"name":"wp","href":"https:\/\/api.w.org\/{rel}","templated":true}]}}