{"id":11983,"date":"2021-10-30T21:47:59","date_gmt":"2021-10-30T14:47:59","guid":{"rendered":"https:\/\/coffeehome.vn\/?post_type=product&#038;p=11983"},"modified":"2021-11-03T17:37:08","modified_gmt":"2021-11-03T10:37:08","slug":"tay-xay-ca-phe-l-beans-v06","status":"publish","type":"product","link":"https:\/\/coffeehome.vn\/index.php\/product\/tay-xay-ca-phe-l-beans-v06\/","title":{"rendered":"Tay Xay C\u00e0 ph\u00ea L-Beans M1"},"content":{"rendered":"<p><img loading=\"lazy\" class=\"aligncenter size-full wp-image-11985\" src=\"https:\/\/coffeehome.vn\/wp-content\/uploads\/2021\/10\/2-800-800.jpg\" alt=\"\" width=\"800\" height=\"800\" srcset=\"https:\/\/coffeehome.vn\/wp-content\/uploads\/2021\/10\/2-800-800.jpg 800w, https:\/\/coffeehome.vn\/wp-content\/uploads\/2021\/10\/2-800-800-300x300.jpg 300w, https:\/\/coffeehome.vn\/wp-content\/uploads\/2021\/10\/2-800-800-150x150.jpg 150w, https:\/\/coffeehome.vn\/wp-content\/uploads\/2021\/10\/2-800-800-768x768.jpg 768w, https:\/\/coffeehome.vn\/wp-content\/uploads\/2021\/10\/2-800-800-610x610.jpg 610w, https:\/\/coffeehome.vn\/wp-content\/uploads\/2021\/10\/2-800-800-100x100.jpg 100w, https:\/\/coffeehome.vn\/wp-content\/uploads\/2021\/10\/2-800-800-600x600.jpg 600w\" sizes=\"(max-width: 800px) 100vw, 800px\" \/> <img loading=\"lazy\" class=\"aligncenter size-full wp-image-11986\" src=\"https:\/\/coffeehome.vn\/wp-content\/uploads\/2021\/10\/3-800-677.jpg\" alt=\"\" width=\"800\" height=\"677\" srcset=\"https:\/\/coffeehome.vn\/wp-content\/uploads\/2021\/10\/3-800-677.jpg 800w, https:\/\/coffeehome.vn\/wp-content\/uploads\/2021\/10\/3-800-677-300x254.jpg 300w, https:\/\/coffeehome.vn\/wp-content\/uploads\/2021\/10\/3-800-677-768x650.jpg 768w, https:\/\/coffeehome.vn\/wp-content\/uploads\/2021\/10\/3-800-677-600x508.jpg 600w\" sizes=\"(max-width: 800px) 100vw, 800px\" \/> <img loading=\"lazy\" class=\"aligncenter size-full wp-image-11987\" src=\"https:\/\/coffeehome.vn\/wp-content\/uploads\/2021\/10\/4-800-670.jpg\" alt=\"\" width=\"800\" height=\"670\" srcset=\"https:\/\/coffeehome.vn\/wp-content\/uploads\/2021\/10\/4-800-670.jpg 800w, https:\/\/coffeehome.vn\/wp-content\/uploads\/2021\/10\/4-800-670-300x251.jpg 300w, https:\/\/coffeehome.vn\/wp-content\/uploads\/2021\/10\/4-800-670-768x643.jpg 768w, https:\/\/coffeehome.vn\/wp-content\/uploads\/2021\/10\/4-800-670-600x503.jpg 600w\" sizes=\"(max-width: 800px) 100vw, 800px\" \/> <img loading=\"lazy\" class=\"aligncenter size-full wp-image-11988\" src=\"https:\/\/coffeehome.vn\/wp-content\/uploads\/2021\/10\/5-800-505.jpg\" alt=\"\" width=\"800\" height=\"505\" srcset=\"https:\/\/coffeehome.vn\/wp-content\/uploads\/2021\/10\/5-800-505.jpg 800w, https:\/\/coffeehome.vn\/wp-content\/uploads\/2021\/10\/5-800-505-300x189.jpg 300w, https:\/\/coffeehome.vn\/wp-content\/uploads\/2021\/10\/5-800-505-768x485.jpg 768w, https:\/\/coffeehome.vn\/wp-content\/uploads\/2021\/10\/5-800-505-600x379.jpg 600w\" sizes=\"(max-width: 800px) 100vw, 800px\" \/> <img loading=\"lazy\" class=\"aligncenter size-full wp-image-11989\" src=\"https:\/\/coffeehome.vn\/wp-content\/uploads\/2021\/10\/6-800-638.jpg\" alt=\"\" width=\"800\" height=\"638\" srcset=\"https:\/\/coffeehome.vn\/wp-content\/uploads\/2021\/10\/6-800-638.jpg 800w, https:\/\/coffeehome.vn\/wp-content\/uploads\/2021\/10\/6-800-638-300x239.jpg 300w, https:\/\/coffeehome.vn\/wp-content\/uploads\/2021\/10\/6-800-638-768x612.jpg 768w, https:\/\/coffeehome.vn\/wp-content\/uploads\/2021\/10\/6-800-638-600x479.jpg 600w\" sizes=\"(max-width: 800px) 100vw, 800px\" \/> <img loading=\"lazy\" class=\"aligncenter size-full wp-image-11990\" src=\"https:\/\/coffeehome.vn\/wp-content\/uploads\/2021\/10\/7-800-790.jpg\" alt=\"\" width=\"800\" height=\"790\" srcset=\"https:\/\/coffeehome.vn\/wp-content\/uploads\/2021\/10\/7-800-790.jpg 800w, https:\/\/coffeehome.vn\/wp-content\/uploads\/2021\/10\/7-800-790-300x296.jpg 300w, https:\/\/coffeehome.vn\/wp-content\/uploads\/2021\/10\/7-800-790-768x758.jpg 768w, https:\/\/coffeehome.vn\/wp-content\/uploads\/2021\/10\/7-800-790-100x100.jpg 100w, https:\/\/coffeehome.vn\/wp-content\/uploads\/2021\/10\/7-800-790-600x593.jpg 600w\" sizes=\"(max-width: 800px) 100vw, 800px\" \/> <img loading=\"lazy\" class=\"aligncenter size-full wp-image-11991\" src=\"https:\/\/coffeehome.vn\/wp-content\/uploads\/2021\/10\/8-800-620.jpg\" alt=\"\" width=\"800\" height=\"625\" srcset=\"https:\/\/coffeehome.vn\/wp-content\/uploads\/2021\/10\/8-800-620.jpg 800w, https:\/\/coffeehome.vn\/wp-content\/uploads\/2021\/10\/8-800-620-300x234.jpg 300w, https:\/\/coffeehome.vn\/wp-content\/uploads\/2021\/10\/8-800-620-768x600.jpg 768w, https:\/\/coffeehome.vn\/wp-content\/uploads\/2021\/10\/8-800-620-600x469.jpg 600w\" sizes=\"(max-width: 800px) 100vw, 800px\" \/> <img loading=\"lazy\" class=\"aligncenter size-full wp-image-11992\" src=\"https:\/\/coffeehome.vn\/wp-content\/uploads\/2021\/10\/9-800-800.jpg\" alt=\"\" width=\"800\" height=\"800\" srcset=\"https:\/\/coffeehome.vn\/wp-content\/uploads\/2021\/10\/9-800-800.jpg 800w, https:\/\/coffeehome.vn\/wp-content\/uploads\/2021\/10\/9-800-800-300x300.jpg 300w, https:\/\/coffeehome.vn\/wp-content\/uploads\/2021\/10\/9-800-800-150x150.jpg 150w, https:\/\/coffeehome.vn\/wp-content\/uploads\/2021\/10\/9-800-800-768x768.jpg 768w, https:\/\/coffeehome.vn\/wp-content\/uploads\/2021\/10\/9-800-800-610x610.jpg 610w, https:\/\/coffeehome.vn\/wp-content\/uploads\/2021\/10\/9-800-800-100x100.jpg 100w, https:\/\/coffeehome.vn\/wp-content\/uploads\/2021\/10\/9-800-800-600x600.jpg 600w\" sizes=\"(max-width: 800px) 100vw, 800px\" \/> <img loading=\"lazy\" class=\"aligncenter size-full wp-image-11993\" src=\"https:\/\/coffeehome.vn\/wp-content\/uploads\/2021\/10\/10-800-936.jpg\" alt=\"\" width=\"800\" height=\"936\" srcset=\"https:\/\/coffeehome.vn\/wp-content\/uploads\/2021\/10\/10-800-936.jpg 800w, https:\/\/coffeehome.vn\/wp-content\/uploads\/2021\/10\/10-800-936-256x300.jpg 256w, https:\/\/coffeehome.vn\/wp-content\/uploads\/2021\/10\/10-800-936-768x899.jpg 768w, https:\/\/coffeehome.vn\/wp-content\/uploads\/2021\/10\/10-800-936-600x702.jpg 600w\" sizes=\"(max-width: 800px) 100vw, 800px\" \/><\/p>\n<p><img loading=\"lazy\" class=\"aligncenter size-full wp-image-11984\" src=\"https:\/\/coffeehome.vn\/wp-content\/uploads\/2021\/10\/1-800-515.jpg\" alt=\"\" width=\"800\" height=\"515\" srcset=\"https:\/\/coffeehome.vn\/wp-content\/uploads\/2021\/10\/1-800-515.jpg 800w, https:\/\/coffeehome.vn\/wp-content\/uploads\/2021\/10\/1-800-515-300x193.jpg 300w, https:\/\/coffeehome.vn\/wp-content\/uploads\/2021\/10\/1-800-515-768x494.jpg 768w, https:\/\/coffeehome.vn\/wp-content\/uploads\/2021\/10\/1-800-515-600x386.jpg 600w\" sizes=\"(max-width: 800px) 100vw, 800px\" \/><\/p>\n<p>Tay xay C\u00e0 ph\u00ea nh\u1ecf g\u1ecdn, t\u1ea1o c\u00e0 ph\u00ea nguy\u00ean ch\u1ea5t,<br \/>\nPh\u00f9 h\u1ee3p xay c\u00e0 ph\u00ea t\u1ea1i v\u0103n ph\u00f2ng, t\u1ea1i nh\u00e0, \u0111i du l\u1ecbch, picnic\u2026<br \/>\nTh\u00edch h\u1ee3p pha phin Vi\u1ec7t Nam, pha phin gi\u1ea5y trong tr\u01b0\u1eddng h\u1ee3p c\u1ea7n s\u1eed d\u1ee5ng nhanh.<\/p>\n","protected":false},"excerpt":{"rendered":"<p>Tay xay C\u00e0 ph\u00ea nh\u1ecf g\u1ecdn, t\u1ea1o c\u00e0 ph\u00ea nguy\u00ean ch\u1ea5t, Ph\u00f9 h\u1ee3p xay c\u00e0 ph\u00ea t\u1ea1i v\u0103n ph\u00f2ng, t\u1ea1i nh\u00e0, \u0111i du l\u1ecbch, picnic\u2026 Th\u00edch h\u1ee3p pha phin Vi\u1ec7t Nam, pha phin gi\u1ea5y trong tr\u01b0\u1eddng h\u1ee3p c\u1ea7n s\u1eed d\u1ee5ng nhanh.<\/p>\n","protected":false},"featured_media":11995,"comment_status":"open","ping_status":"closed","template":"","meta":{"om_disable_all_campaigns":false,"_monsterinsights_skip_tracking":false,"_monsterinsights_sitenote_active":false,"_monsterinsights_sitenote_note":"","_monsterinsights_sitenote_category":0},"product_cat":[196,195,197,191],"product_tag":[],"_links":{"self":[{"href":"https:\/\/coffeehome.vn\/index.php\/wp-json\/wp\/v2\/product\/11983"}],"collection":[{"href":"https:\/\/coffeehome.vn\/index.php\/wp-json\/wp\/v2\/product"}],"about":[{"href":"https:\/\/coffeehome.vn\/index.php\/wp-json\/wp\/v2\/types\/product"}],"replies":[{"embeddable":true,"href":"https:\/\/coffeehome.vn\/index.php\/wp-json\/wp\/v2\/comments?post=11983"}],"wp:featuredmedia":[{"embeddable":true,"href":"https:\/\/coffeehome.vn\/index.php\/wp-json\/wp\/v2\/media\/11995"}],"wp:attachment":[{"href":"https:\/\/coffeehome.vn\/index.php\/wp-json\/wp\/v2\/media?parent=11983"}],"wp:term":[{"taxonomy":"product_cat","embeddable":true,"href":"https:\/\/coffeehome.vn\/index.php\/wp-json\/wp\/v2\/product_cat?post=11983"},{"taxonomy":"product_tag","embeddable":true,"href":"https:\/\/coffeehome.vn\/index.php\/wp-json\/wp\/v2\/product_tag?post=11983"}],"curies":[{"name":"wp","href":"https:\/\/api.w.org\/{rel}","templated":true}]}}