{"id":12043,"date":"2021-10-31T08:35:14","date_gmt":"2021-10-31T01:35:14","guid":{"rendered":"https:\/\/coffeehome.vn\/?post_type=product&#038;p=12043"},"modified":"2021-11-03T17:38:53","modified_gmt":"2021-11-03T10:38:53","slug":"tay-xay-ca-phe-vo-go-cafede-kona","status":"publish","type":"product","link":"https:\/\/coffeehome.vn\/index.php\/product\/tay-xay-ca-phe-vo-go-cafede-kona\/","title":{"rendered":"Tay Xay C\u00e0 ph\u00ea V\u1ecf g\u1ed7 &#8211; Cafede Kona"},"content":{"rendered":"<p><img loading=\"lazy\" class=\"aligncenter size-full wp-image-12047\" src=\"https:\/\/coffeehome.vn\/wp-content\/uploads\/2021\/10\/4-1000.jpg\" alt=\"\" width=\"790\" height=\"1000\" srcset=\"https:\/\/coffeehome.vn\/wp-content\/uploads\/2021\/10\/4-1000.jpg 790w, https:\/\/coffeehome.vn\/wp-content\/uploads\/2021\/10\/4-1000-237x300.jpg 237w, https:\/\/coffeehome.vn\/wp-content\/uploads\/2021\/10\/4-1000-768x972.jpg 768w, https:\/\/coffeehome.vn\/wp-content\/uploads\/2021\/10\/4-1000-600x759.jpg 600w\" sizes=\"(max-width: 790px) 100vw, 790px\" \/> <img loading=\"lazy\" class=\"aligncenter size-full wp-image-12046\" src=\"https:\/\/coffeehome.vn\/wp-content\/uploads\/2021\/10\/3-533.jpg\" alt=\"\" width=\"790\" height=\"533\" srcset=\"https:\/\/coffeehome.vn\/wp-content\/uploads\/2021\/10\/3-533.jpg 790w, https:\/\/coffeehome.vn\/wp-content\/uploads\/2021\/10\/3-533-300x202.jpg 300w, https:\/\/coffeehome.vn\/wp-content\/uploads\/2021\/10\/3-533-768x518.jpg 768w, https:\/\/coffeehome.vn\/wp-content\/uploads\/2021\/10\/3-533-600x405.jpg 600w\" sizes=\"(max-width: 790px) 100vw, 790px\" \/> <img loading=\"lazy\" class=\"aligncenter size-full wp-image-12052\" src=\"https:\/\/coffeehome.vn\/wp-content\/uploads\/2021\/10\/9-1015.jpg\" alt=\"\" width=\"790\" height=\"1015\" srcset=\"https:\/\/coffeehome.vn\/wp-content\/uploads\/2021\/10\/9-1015.jpg 790w, https:\/\/coffeehome.vn\/wp-content\/uploads\/2021\/10\/9-1015-233x300.jpg 233w, https:\/\/coffeehome.vn\/wp-content\/uploads\/2021\/10\/9-1015-768x987.jpg 768w, https:\/\/coffeehome.vn\/wp-content\/uploads\/2021\/10\/9-1015-600x771.jpg 600w\" sizes=\"(max-width: 790px) 100vw, 790px\" \/> <img loading=\"lazy\" class=\"aligncenter size-full wp-image-12045\" src=\"https:\/\/coffeehome.vn\/wp-content\/uploads\/2021\/10\/2-589.jpg\" alt=\"\" width=\"790\" height=\"589\" srcset=\"https:\/\/coffeehome.vn\/wp-content\/uploads\/2021\/10\/2-589.jpg 790w, https:\/\/coffeehome.vn\/wp-content\/uploads\/2021\/10\/2-589-300x224.jpg 300w, https:\/\/coffeehome.vn\/wp-content\/uploads\/2021\/10\/2-589-768x573.jpg 768w, https:\/\/coffeehome.vn\/wp-content\/uploads\/2021\/10\/2-589-600x447.jpg 600w\" sizes=\"(max-width: 790px) 100vw, 790px\" \/> <img loading=\"lazy\" class=\"aligncenter size-full wp-image-12044\" src=\"https:\/\/coffeehome.vn\/wp-content\/uploads\/2021\/10\/1-790-821.jpg\" alt=\"\" width=\"790\" height=\"821\" srcset=\"https:\/\/coffeehome.vn\/wp-content\/uploads\/2021\/10\/1-790-821.jpg 790w, https:\/\/coffeehome.vn\/wp-content\/uploads\/2021\/10\/1-790-821-289x300.jpg 289w, https:\/\/coffeehome.vn\/wp-content\/uploads\/2021\/10\/1-790-821-768x798.jpg 768w, https:\/\/coffeehome.vn\/wp-content\/uploads\/2021\/10\/1-790-821-600x624.jpg 600w\" sizes=\"(max-width: 790px) 100vw, 790px\" \/> <img loading=\"lazy\" class=\"aligncenter size-full wp-image-12051\" src=\"https:\/\/coffeehome.vn\/wp-content\/uploads\/2021\/10\/8-775.jpg\" alt=\"\" width=\"790\" height=\"775\" srcset=\"https:\/\/coffeehome.vn\/wp-content\/uploads\/2021\/10\/8-775.jpg 790w, https:\/\/coffeehome.vn\/wp-content\/uploads\/2021\/10\/8-775-300x294.jpg 300w, https:\/\/coffeehome.vn\/wp-content\/uploads\/2021\/10\/8-775-768x753.jpg 768w, https:\/\/coffeehome.vn\/wp-content\/uploads\/2021\/10\/8-775-600x589.jpg 600w\" sizes=\"(max-width: 790px) 100vw, 790px\" \/> <img loading=\"lazy\" class=\"aligncenter size-full wp-image-12050\" src=\"https:\/\/coffeehome.vn\/wp-content\/uploads\/2021\/10\/7-800.jpg\" alt=\"\" width=\"790\" height=\"800\" srcset=\"https:\/\/coffeehome.vn\/wp-content\/uploads\/2021\/10\/7-800.jpg 790w, https:\/\/coffeehome.vn\/wp-content\/uploads\/2021\/10\/7-800-296x300.jpg 296w, https:\/\/coffeehome.vn\/wp-content\/uploads\/2021\/10\/7-800-768x778.jpg 768w, https:\/\/coffeehome.vn\/wp-content\/uploads\/2021\/10\/7-800-100x100.jpg 100w, https:\/\/coffeehome.vn\/wp-content\/uploads\/2021\/10\/7-800-600x608.jpg 600w\" sizes=\"(max-width: 790px) 100vw, 790px\" \/> <img loading=\"lazy\" class=\"aligncenter size-full wp-image-12049\" src=\"https:\/\/coffeehome.vn\/wp-content\/uploads\/2021\/10\/6-838.jpg\" alt=\"\" width=\"790\" height=\"838\" srcset=\"https:\/\/coffeehome.vn\/wp-content\/uploads\/2021\/10\/6-838.jpg 790w, https:\/\/coffeehome.vn\/wp-content\/uploads\/2021\/10\/6-838-283x300.jpg 283w, https:\/\/coffeehome.vn\/wp-content\/uploads\/2021\/10\/6-838-768x815.jpg 768w, https:\/\/coffeehome.vn\/wp-content\/uploads\/2021\/10\/6-838-600x636.jpg 600w\" sizes=\"(max-width: 790px) 100vw, 790px\" \/> <img loading=\"lazy\" class=\"aligncenter size-full wp-image-12048\" src=\"https:\/\/coffeehome.vn\/wp-content\/uploads\/2021\/10\/5-752.jpg\" alt=\"\" width=\"790\" height=\"752\" srcset=\"https:\/\/coffeehome.vn\/wp-content\/uploads\/2021\/10\/5-752.jpg 790w, https:\/\/coffeehome.vn\/wp-content\/uploads\/2021\/10\/5-752-300x286.jpg 300w, https:\/\/coffeehome.vn\/wp-content\/uploads\/2021\/10\/5-752-768x731.jpg 768w, https:\/\/coffeehome.vn\/wp-content\/uploads\/2021\/10\/5-752-600x571.jpg 600w\" sizes=\"(max-width: 790px) 100vw, 790px\" \/><\/p>\n<p>Tay xay C\u00e0 ph\u00ea nh\u1ecf g\u1ecdn, t\u1ea1o c\u00e0 ph\u00ea nguy\u00ean ch\u1ea5t, thi\u1ebft k\u1ebf \u0111\u1eb9p m\u1eaft<br \/>\nPh\u00f9 h\u1ee3p xay c\u00e0 ph\u00ea t\u1ea1i v\u0103n ph\u00f2ng, t\u1ea1i nh\u00e0, \u0111i du l\u1ecbch, picnic\u2026<br \/>\nTh\u00edch h\u1ee3p pha phin Vi\u1ec7t Nam, pha phin gi\u1ea5y trong tr\u01b0\u1eddng h\u1ee3p c\u1ea7n s\u1eed d\u1ee5ng nhanh.<\/p>\n","protected":false},"excerpt":{"rendered":"<p>Tay xay C\u00e0 ph\u00ea nh\u1ecf g\u1ecdn, t\u1ea1o c\u00e0 ph\u00ea nguy\u00ean ch\u1ea5t, thi\u1ebft k\u1ebf \u0111\u1eb9p m\u1eaft Ph\u00f9 h\u1ee3p xay c\u00e0 ph\u00ea t\u1ea1i v\u0103n ph\u00f2ng, t\u1ea1i nh\u00e0, \u0111i du l\u1ecbch, picnic\u2026 Th\u00edch h\u1ee3p pha phin Vi\u1ec7t Nam, pha phin gi\u1ea5y trong tr\u01b0\u1eddng h\u1ee3p c\u1ea7n s\u1eed d\u1ee5ng nhanh.<\/p>\n","protected":false},"featured_media":12054,"comment_status":"open","ping_status":"closed","template":"","meta":{"om_disable_all_campaigns":false,"_monsterinsights_skip_tracking":false,"_monsterinsights_sitenote_active":false,"_monsterinsights_sitenote_note":"","_monsterinsights_sitenote_category":0},"product_cat":[55,199,196,197,191],"product_tag":[],"_links":{"self":[{"href":"https:\/\/coffeehome.vn\/index.php\/wp-json\/wp\/v2\/product\/12043"}],"collection":[{"href":"https:\/\/coffeehome.vn\/index.php\/wp-json\/wp\/v2\/product"}],"about":[{"href":"https:\/\/coffeehome.vn\/index.php\/wp-json\/wp\/v2\/types\/product"}],"replies":[{"embeddable":true,"href":"https:\/\/coffeehome.vn\/index.php\/wp-json\/wp\/v2\/comments?post=12043"}],"wp:featuredmedia":[{"embeddable":true,"href":"https:\/\/coffeehome.vn\/index.php\/wp-json\/wp\/v2\/media\/12054"}],"wp:attachment":[{"href":"https:\/\/coffeehome.vn\/index.php\/wp-json\/wp\/v2\/media?parent=12043"}],"wp:term":[{"taxonomy":"product_cat","embeddable":true,"href":"https:\/\/coffeehome.vn\/index.php\/wp-json\/wp\/v2\/product_cat?post=12043"},{"taxonomy":"product_tag","embeddable":true,"href":"https:\/\/coffeehome.vn\/index.php\/wp-json\/wp\/v2\/product_tag?post=12043"}],"curies":[{"name":"wp","href":"https:\/\/api.w.org\/{rel}","templated":true}]}}