{"id":12060,"date":"2021-10-31T08:44:43","date_gmt":"2021-10-31T01:44:43","guid":{"rendered":"https:\/\/coffeehome.vn\/?post_type=product&#038;p=12060"},"modified":"2021-11-03T17:43:01","modified_gmt":"2021-11-03T10:43:01","slug":"tay-xay-ca-phe-go-cafede-kona-ck9322","status":"publish","type":"product","link":"https:\/\/coffeehome.vn\/index.php\/product\/tay-xay-ca-phe-go-cafede-kona-ck9322\/","title":{"rendered":"Tay Xay C\u00e0 ph\u00ea G\u1ed7 Cafede Kona &#8211; CK9322"},"content":{"rendered":"<p><img loading=\"lazy\" class=\"aligncenter size-full wp-image-12061\" src=\"https:\/\/coffeehome.vn\/wp-content\/uploads\/2021\/10\/1-809.jpg\" alt=\"\" width=\"790\" height=\"809\" srcset=\"https:\/\/coffeehome.vn\/wp-content\/uploads\/2021\/10\/1-809.jpg 790w, https:\/\/coffeehome.vn\/wp-content\/uploads\/2021\/10\/1-809-293x300.jpg 293w, https:\/\/coffeehome.vn\/wp-content\/uploads\/2021\/10\/1-809-768x786.jpg 768w, https:\/\/coffeehome.vn\/wp-content\/uploads\/2021\/10\/1-809-600x614.jpg 600w\" sizes=\"(max-width: 790px) 100vw, 790px\" \/> <img loading=\"lazy\" class=\"aligncenter size-full wp-image-12062\" src=\"https:\/\/coffeehome.vn\/wp-content\/uploads\/2021\/10\/2-1140.jpg\" alt=\"\" width=\"790\" height=\"1140\" srcset=\"https:\/\/coffeehome.vn\/wp-content\/uploads\/2021\/10\/2-1140.jpg 790w, https:\/\/coffeehome.vn\/wp-content\/uploads\/2021\/10\/2-1140-208x300.jpg 208w, https:\/\/coffeehome.vn\/wp-content\/uploads\/2021\/10\/2-1140-710x1024.jpg 710w, https:\/\/coffeehome.vn\/wp-content\/uploads\/2021\/10\/2-1140-768x1108.jpg 768w, https:\/\/coffeehome.vn\/wp-content\/uploads\/2021\/10\/2-1140-600x866.jpg 600w\" sizes=\"(max-width: 790px) 100vw, 790px\" \/> <img loading=\"lazy\" class=\"aligncenter size-full wp-image-12063\" src=\"https:\/\/coffeehome.vn\/wp-content\/uploads\/2021\/10\/3-690.jpg\" alt=\"\" width=\"790\" height=\"690\" srcset=\"https:\/\/coffeehome.vn\/wp-content\/uploads\/2021\/10\/3-690.jpg 790w, https:\/\/coffeehome.vn\/wp-content\/uploads\/2021\/10\/3-690-300x262.jpg 300w, https:\/\/coffeehome.vn\/wp-content\/uploads\/2021\/10\/3-690-768x671.jpg 768w, https:\/\/coffeehome.vn\/wp-content\/uploads\/2021\/10\/3-690-600x524.jpg 600w\" sizes=\"(max-width: 790px) 100vw, 790px\" \/> <img loading=\"lazy\" class=\"aligncenter size-full wp-image-12064\" src=\"https:\/\/coffeehome.vn\/wp-content\/uploads\/2021\/10\/4-1547.jpg\" alt=\"\" width=\"790\" height=\"1547\" srcset=\"https:\/\/coffeehome.vn\/wp-content\/uploads\/2021\/10\/4-1547.jpg 790w, https:\/\/coffeehome.vn\/wp-content\/uploads\/2021\/10\/4-1547-153x300.jpg 153w, https:\/\/coffeehome.vn\/wp-content\/uploads\/2021\/10\/4-1547-523x1024.jpg 523w, https:\/\/coffeehome.vn\/wp-content\/uploads\/2021\/10\/4-1547-768x1504.jpg 768w, https:\/\/coffeehome.vn\/wp-content\/uploads\/2021\/10\/4-1547-784x1536.jpg 784w, https:\/\/coffeehome.vn\/wp-content\/uploads\/2021\/10\/4-1547-600x1175.jpg 600w\" sizes=\"(max-width: 790px) 100vw, 790px\" \/> <img loading=\"lazy\" class=\"aligncenter size-full wp-image-12065\" src=\"https:\/\/coffeehome.vn\/wp-content\/uploads\/2021\/10\/5-448.jpg\" alt=\"\" width=\"790\" height=\"448\" srcset=\"https:\/\/coffeehome.vn\/wp-content\/uploads\/2021\/10\/5-448.jpg 790w, https:\/\/coffeehome.vn\/wp-content\/uploads\/2021\/10\/5-448-300x170.jpg 300w, https:\/\/coffeehome.vn\/wp-content\/uploads\/2021\/10\/5-448-768x436.jpg 768w, https:\/\/coffeehome.vn\/wp-content\/uploads\/2021\/10\/5-448-600x340.jpg 600w\" sizes=\"(max-width: 790px) 100vw, 790px\" \/> <img loading=\"lazy\" class=\"aligncenter size-full wp-image-12066\" src=\"https:\/\/coffeehome.vn\/wp-content\/uploads\/2021\/10\/6-1142.jpg\" alt=\"\" width=\"790\" height=\"1142\" srcset=\"https:\/\/coffeehome.vn\/wp-content\/uploads\/2021\/10\/6-1142.jpg 790w, https:\/\/coffeehome.vn\/wp-content\/uploads\/2021\/10\/6-1142-208x300.jpg 208w, https:\/\/coffeehome.vn\/wp-content\/uploads\/2021\/10\/6-1142-708x1024.jpg 708w, https:\/\/coffeehome.vn\/wp-content\/uploads\/2021\/10\/6-1142-768x1110.jpg 768w, https:\/\/coffeehome.vn\/wp-content\/uploads\/2021\/10\/6-1142-600x867.jpg 600w\" sizes=\"(max-width: 790px) 100vw, 790px\" \/><\/p>\n<p>Tay xay C\u00e0 ph\u00ea nh\u1ecf g\u1ecdn, t\u1ea1o c\u00e0 ph\u00ea nguy\u00ean ch\u1ea5t, thi\u1ebft k\u1ebf sang tr\u1ecdng<br \/>\nPh\u00f9 h\u1ee3p xay c\u00e0 ph\u00ea t\u1ea1i v\u0103n ph\u00f2ng, t\u1ea1i nh\u00e0, \u0111i du l\u1ecbch, picnic\u2026<br \/>\nTh\u00edch h\u1ee3p pha phin Vi\u1ec7t Nam, pha phin gi\u1ea5y trong tr\u01b0\u1eddng h\u1ee3p c\u1ea7n s\u1eed d\u1ee5ng nhanh.<\/p>\n","protected":false},"excerpt":{"rendered":"<p>Tay xay C\u00e0 ph\u00ea nh\u1ecf g\u1ecdn, t\u1ea1o c\u00e0 ph\u00ea nguy\u00ean ch\u1ea5t, thi\u1ebft k\u1ebf sang tr\u1ecdng Ph\u00f9 h\u1ee3p xay c\u00e0 ph\u00ea t\u1ea1i v\u0103n ph\u00f2ng, t\u1ea1i nh\u00e0, \u0111i du l\u1ecbch, picnic\u2026 Th\u00edch h\u1ee3p pha phin Vi\u1ec7t Nam, pha phin gi\u1ea5y trong tr\u01b0\u1eddng h\u1ee3p c\u1ea7n s\u1eed d\u1ee5ng nhanh.<\/p>\n","protected":false},"featured_media":12068,"comment_status":"open","ping_status":"closed","template":"","meta":{"om_disable_all_campaigns":false,"_monsterinsights_skip_tracking":false,"_monsterinsights_sitenote_active":false,"_monsterinsights_sitenote_note":"","_monsterinsights_sitenote_category":0},"product_cat":[199,196,197,191],"product_tag":[],"_links":{"self":[{"href":"https:\/\/coffeehome.vn\/index.php\/wp-json\/wp\/v2\/product\/12060"}],"collection":[{"href":"https:\/\/coffeehome.vn\/index.php\/wp-json\/wp\/v2\/product"}],"about":[{"href":"https:\/\/coffeehome.vn\/index.php\/wp-json\/wp\/v2\/types\/product"}],"replies":[{"embeddable":true,"href":"https:\/\/coffeehome.vn\/index.php\/wp-json\/wp\/v2\/comments?post=12060"}],"wp:featuredmedia":[{"embeddable":true,"href":"https:\/\/coffeehome.vn\/index.php\/wp-json\/wp\/v2\/media\/12068"}],"wp:attachment":[{"href":"https:\/\/coffeehome.vn\/index.php\/wp-json\/wp\/v2\/media?parent=12060"}],"wp:term":[{"taxonomy":"product_cat","embeddable":true,"href":"https:\/\/coffeehome.vn\/index.php\/wp-json\/wp\/v2\/product_cat?post=12060"},{"taxonomy":"product_tag","embeddable":true,"href":"https:\/\/coffeehome.vn\/index.php\/wp-json\/wp\/v2\/product_tag?post=12060"}],"curies":[{"name":"wp","href":"https:\/\/api.w.org\/{rel}","templated":true}]}}