{"id":12070,"date":"2021-10-31T09:22:37","date_gmt":"2021-10-31T02:22:37","guid":{"rendered":"https:\/\/coffeehome.vn\/?post_type=product&#038;p=12070"},"modified":"2021-11-03T17:44:07","modified_gmt":"2021-11-03T10:44:07","slug":"tay-xay-ca-phe-cafede-kona-mutil-color","status":"publish","type":"product","link":"https:\/\/coffeehome.vn\/index.php\/product\/tay-xay-ca-phe-cafede-kona-mutil-color\/","title":{"rendered":"Tay Xay C\u00e0 Ph\u00ea Cafede Kona mutil Color"},"content":{"rendered":"<p><img loading=\"lazy\" class=\"aligncenter size-full wp-image-12071\" src=\"https:\/\/coffeehome.vn\/wp-content\/uploads\/2021\/10\/1-1140.jpg\" alt=\"\" width=\"790\" height=\"1140\" srcset=\"https:\/\/coffeehome.vn\/wp-content\/uploads\/2021\/10\/1-1140.jpg 790w, https:\/\/coffeehome.vn\/wp-content\/uploads\/2021\/10\/1-1140-208x300.jpg 208w, https:\/\/coffeehome.vn\/wp-content\/uploads\/2021\/10\/1-1140-710x1024.jpg 710w, https:\/\/coffeehome.vn\/wp-content\/uploads\/2021\/10\/1-1140-768x1108.jpg 768w, https:\/\/coffeehome.vn\/wp-content\/uploads\/2021\/10\/1-1140-600x866.jpg 600w\" sizes=\"(max-width: 790px) 100vw, 790px\" \/> <img loading=\"lazy\" class=\"aligncenter size-full wp-image-12072\" src=\"https:\/\/coffeehome.vn\/wp-content\/uploads\/2021\/10\/1-1.jpg\" alt=\"\" width=\"790\" height=\"781\" srcset=\"https:\/\/coffeehome.vn\/wp-content\/uploads\/2021\/10\/1-1.jpg 790w, https:\/\/coffeehome.vn\/wp-content\/uploads\/2021\/10\/1-1-300x297.jpg 300w, https:\/\/coffeehome.vn\/wp-content\/uploads\/2021\/10\/1-1-768x759.jpg 768w, https:\/\/coffeehome.vn\/wp-content\/uploads\/2021\/10\/1-1-100x100.jpg 100w, https:\/\/coffeehome.vn\/wp-content\/uploads\/2021\/10\/1-1-600x593.jpg 600w\" sizes=\"(max-width: 790px) 100vw, 790px\" \/> <img loading=\"lazy\" class=\"aligncenter size-full wp-image-12073\" src=\"https:\/\/coffeehome.vn\/wp-content\/uploads\/2021\/10\/2-777.jpg\" alt=\"\" width=\"790\" height=\"777\" srcset=\"https:\/\/coffeehome.vn\/wp-content\/uploads\/2021\/10\/2-777.jpg 790w, https:\/\/coffeehome.vn\/wp-content\/uploads\/2021\/10\/2-777-300x295.jpg 300w, https:\/\/coffeehome.vn\/wp-content\/uploads\/2021\/10\/2-777-768x755.jpg 768w, https:\/\/coffeehome.vn\/wp-content\/uploads\/2021\/10\/2-777-600x590.jpg 600w\" sizes=\"(max-width: 790px) 100vw, 790px\" \/> <img loading=\"lazy\" class=\"aligncenter size-full wp-image-12074\" src=\"https:\/\/coffeehome.vn\/wp-content\/uploads\/2021\/10\/2.jpg\" alt=\"\" width=\"790\" height=\"1167\" srcset=\"https:\/\/coffeehome.vn\/wp-content\/uploads\/2021\/10\/2.jpg 790w, https:\/\/coffeehome.vn\/wp-content\/uploads\/2021\/10\/2-203x300.jpg 203w, https:\/\/coffeehome.vn\/wp-content\/uploads\/2021\/10\/2-693x1024.jpg 693w, https:\/\/coffeehome.vn\/wp-content\/uploads\/2021\/10\/2-768x1135.jpg 768w, https:\/\/coffeehome.vn\/wp-content\/uploads\/2021\/10\/2-600x886.jpg 600w\" sizes=\"(max-width: 790px) 100vw, 790px\" \/> <img loading=\"lazy\" class=\"aligncenter size-full wp-image-12075\" src=\"https:\/\/coffeehome.vn\/wp-content\/uploads\/2021\/10\/3-1.jpg\" alt=\"\" width=\"790\" height=\"804\" srcset=\"https:\/\/coffeehome.vn\/wp-content\/uploads\/2021\/10\/3-1.jpg 790w, https:\/\/coffeehome.vn\/wp-content\/uploads\/2021\/10\/3-1-295x300.jpg 295w, https:\/\/coffeehome.vn\/wp-content\/uploads\/2021\/10\/3-1-768x782.jpg 768w, https:\/\/coffeehome.vn\/wp-content\/uploads\/2021\/10\/3-1-600x611.jpg 600w\" sizes=\"(max-width: 790px) 100vw, 790px\" \/> <img loading=\"lazy\" class=\"aligncenter size-full wp-image-12076\" src=\"https:\/\/coffeehome.vn\/wp-content\/uploads\/2021\/10\/4-1.jpg\" alt=\"\" width=\"790\" height=\"828\" srcset=\"https:\/\/coffeehome.vn\/wp-content\/uploads\/2021\/10\/4-1.jpg 790w, https:\/\/coffeehome.vn\/wp-content\/uploads\/2021\/10\/4-1-286x300.jpg 286w, https:\/\/coffeehome.vn\/wp-content\/uploads\/2021\/10\/4-1-768x805.jpg 768w, https:\/\/coffeehome.vn\/wp-content\/uploads\/2021\/10\/4-1-600x629.jpg 600w\" sizes=\"(max-width: 790px) 100vw, 790px\" \/> <img loading=\"lazy\" class=\"aligncenter size-full wp-image-12077\" src=\"https:\/\/coffeehome.vn\/wp-content\/uploads\/2021\/10\/5-1.jpg\" alt=\"\" width=\"790\" height=\"821\" srcset=\"https:\/\/coffeehome.vn\/wp-content\/uploads\/2021\/10\/5-1.jpg 790w, https:\/\/coffeehome.vn\/wp-content\/uploads\/2021\/10\/5-1-289x300.jpg 289w, https:\/\/coffeehome.vn\/wp-content\/uploads\/2021\/10\/5-1-768x798.jpg 768w, https:\/\/coffeehome.vn\/wp-content\/uploads\/2021\/10\/5-1-600x624.jpg 600w\" sizes=\"(max-width: 790px) 100vw, 790px\" \/> <img loading=\"lazy\" class=\"aligncenter size-full wp-image-12078\" src=\"https:\/\/coffeehome.vn\/wp-content\/uploads\/2021\/10\/6.jpg\" alt=\"\" width=\"790\" height=\"784\" srcset=\"https:\/\/coffeehome.vn\/wp-content\/uploads\/2021\/10\/6.jpg 790w, https:\/\/coffeehome.vn\/wp-content\/uploads\/2021\/10\/6-300x298.jpg 300w, https:\/\/coffeehome.vn\/wp-content\/uploads\/2021\/10\/6-150x150.jpg 150w, https:\/\/coffeehome.vn\/wp-content\/uploads\/2021\/10\/6-768x762.jpg 768w, https:\/\/coffeehome.vn\/wp-content\/uploads\/2021\/10\/6-100x100.jpg 100w, https:\/\/coffeehome.vn\/wp-content\/uploads\/2021\/10\/6-600x595.jpg 600w\" sizes=\"(max-width: 790px) 100vw, 790px\" \/> <img loading=\"lazy\" class=\"aligncenter size-full wp-image-12079\" src=\"https:\/\/coffeehome.vn\/wp-content\/uploads\/2021\/10\/7.jpg\" alt=\"\" width=\"790\" height=\"1176\" srcset=\"https:\/\/coffeehome.vn\/wp-content\/uploads\/2021\/10\/7.jpg 790w, https:\/\/coffeehome.vn\/wp-content\/uploads\/2021\/10\/7-202x300.jpg 202w, https:\/\/coffeehome.vn\/wp-content\/uploads\/2021\/10\/7-688x1024.jpg 688w, https:\/\/coffeehome.vn\/wp-content\/uploads\/2021\/10\/7-768x1143.jpg 768w, https:\/\/coffeehome.vn\/wp-content\/uploads\/2021\/10\/7-600x893.jpg 600w\" sizes=\"(max-width: 790px) 100vw, 790px\" \/> <img loading=\"lazy\" class=\"aligncenter size-full wp-image-12080\" src=\"https:\/\/coffeehome.vn\/wp-content\/uploads\/2021\/10\/8.jpg\" alt=\"\" width=\"790\" height=\"450\" srcset=\"https:\/\/coffeehome.vn\/wp-content\/uploads\/2021\/10\/8.jpg 790w, https:\/\/coffeehome.vn\/wp-content\/uploads\/2021\/10\/8-300x171.jpg 300w, https:\/\/coffeehome.vn\/wp-content\/uploads\/2021\/10\/8-768x437.jpg 768w, https:\/\/coffeehome.vn\/wp-content\/uploads\/2021\/10\/8-600x342.jpg 600w\" sizes=\"(max-width: 790px) 100vw, 790px\" \/><\/p>\n<p>Tay xay C\u00e0 ph\u00ea nh\u1ecf g\u1ecdn, t\u1ea1o c\u00e0 ph\u00ea nguy\u00ean ch\u1ea5t, nhi\u1ec1u m\u00e0u s\u1eafc th\u1eddi trang<br \/>\nPh\u00f9 h\u1ee3p xay c\u00e0 ph\u00ea t\u1ea1i v\u0103n ph\u00f2ng, t\u1ea1i nh\u00e0, \u0111i du l\u1ecbch, picnic\u2026<br \/>\nTh\u00edch h\u1ee3p pha phin Vi\u1ec7t Nam, pha phin gi\u1ea5y trong tr\u01b0\u1eddng h\u1ee3p c\u1ea7n s\u1eed d\u1ee5ng nhanh.<\/p>\n","protected":false},"excerpt":{"rendered":"<p>Tay xay C\u00e0 ph\u00ea nh\u1ecf g\u1ecdn, t\u1ea1o c\u00e0 ph\u00ea nguy\u00ean ch\u1ea5t, nhi\u1ec1u m\u00e0u s\u1eafc th\u1eddi trang Ph\u00f9 h\u1ee3p xay c\u00e0 ph\u00ea t\u1ea1i v\u0103n ph\u00f2ng, t\u1ea1i nh\u00e0, \u0111i du l\u1ecbch, picnic\u2026 Th\u00edch h\u1ee3p pha phin Vi\u1ec7t Nam, pha phin gi\u1ea5y trong tr\u01b0\u1eddng h\u1ee3p c\u1ea7n s\u1eed d\u1ee5ng nhanh.<\/p>\n","protected":false},"featured_media":12081,"comment_status":"open","ping_status":"closed","template":"","meta":{"om_disable_all_campaigns":false,"_monsterinsights_skip_tracking":false,"_monsterinsights_sitenote_active":false,"_monsterinsights_sitenote_note":"","_monsterinsights_sitenote_category":0},"product_cat":[199,196,197,191],"product_tag":[],"_links":{"self":[{"href":"https:\/\/coffeehome.vn\/index.php\/wp-json\/wp\/v2\/product\/12070"}],"collection":[{"href":"https:\/\/coffeehome.vn\/index.php\/wp-json\/wp\/v2\/product"}],"about":[{"href":"https:\/\/coffeehome.vn\/index.php\/wp-json\/wp\/v2\/types\/product"}],"replies":[{"embeddable":true,"href":"https:\/\/coffeehome.vn\/index.php\/wp-json\/wp\/v2\/comments?post=12070"}],"wp:featuredmedia":[{"embeddable":true,"href":"https:\/\/coffeehome.vn\/index.php\/wp-json\/wp\/v2\/media\/12081"}],"wp:attachment":[{"href":"https:\/\/coffeehome.vn\/index.php\/wp-json\/wp\/v2\/media?parent=12070"}],"wp:term":[{"taxonomy":"product_cat","embeddable":true,"href":"https:\/\/coffeehome.vn\/index.php\/wp-json\/wp\/v2\/product_cat?post=12070"},{"taxonomy":"product_tag","embeddable":true,"href":"https:\/\/coffeehome.vn\/index.php\/wp-json\/wp\/v2\/product_tag?post=12070"}],"curies":[{"name":"wp","href":"https:\/\/api.w.org\/{rel}","templated":true}]}}