{"id":12112,"date":"2021-10-31T14:03:39","date_gmt":"2021-10-31T07:03:39","guid":{"rendered":"https:\/\/coffeehome.vn\/?post_type=product&#038;p=12112"},"modified":"2021-11-03T17:48:03","modified_gmt":"2021-11-03T10:48:03","slug":"tay-xay-ca-phe-vo-nhom-ceceme","status":"publish","type":"product","link":"https:\/\/coffeehome.vn\/index.php\/product\/tay-xay-ca-phe-vo-nhom-ceceme\/","title":{"rendered":"Tay Xay C\u00e0 Ph\u00ea  V\u1ecf Nh\u00f4m &#8211; Ceceme"},"content":{"rendered":"<p><img loading=\"lazy\" class=\"aligncenter size-full wp-image-12113\" src=\"https:\/\/coffeehome.vn\/wp-content\/uploads\/2021\/10\/1-790-635.jpg\" alt=\"\" width=\"790\" height=\"635\" srcset=\"https:\/\/coffeehome.vn\/wp-content\/uploads\/2021\/10\/1-790-635.jpg 790w, https:\/\/coffeehome.vn\/wp-content\/uploads\/2021\/10\/1-790-635-300x241.jpg 300w, https:\/\/coffeehome.vn\/wp-content\/uploads\/2021\/10\/1-790-635-768x617.jpg 768w, https:\/\/coffeehome.vn\/wp-content\/uploads\/2021\/10\/1-790-635-600x482.jpg 600w\" sizes=\"(max-width: 790px) 100vw, 790px\" \/> <img loading=\"lazy\" class=\"aligncenter size-full wp-image-12114\" src=\"https:\/\/coffeehome.vn\/wp-content\/uploads\/2021\/10\/2-578.jpg\" alt=\"\" width=\"790\" height=\"578\" srcset=\"https:\/\/coffeehome.vn\/wp-content\/uploads\/2021\/10\/2-578.jpg 790w, https:\/\/coffeehome.vn\/wp-content\/uploads\/2021\/10\/2-578-300x219.jpg 300w, https:\/\/coffeehome.vn\/wp-content\/uploads\/2021\/10\/2-578-768x562.jpg 768w, https:\/\/coffeehome.vn\/wp-content\/uploads\/2021\/10\/2-578-600x439.jpg 600w\" sizes=\"(max-width: 790px) 100vw, 790px\" \/> <img loading=\"lazy\" class=\"aligncenter size-full wp-image-12115\" src=\"https:\/\/coffeehome.vn\/wp-content\/uploads\/2021\/10\/3-871.jpg\" alt=\"\" width=\"790\" height=\"871\" srcset=\"https:\/\/coffeehome.vn\/wp-content\/uploads\/2021\/10\/3-871.jpg 790w, https:\/\/coffeehome.vn\/wp-content\/uploads\/2021\/10\/3-871-272x300.jpg 272w, https:\/\/coffeehome.vn\/wp-content\/uploads\/2021\/10\/3-871-768x847.jpg 768w, https:\/\/coffeehome.vn\/wp-content\/uploads\/2021\/10\/3-871-600x662.jpg 600w\" sizes=\"(max-width: 790px) 100vw, 790px\" \/> <img loading=\"lazy\" class=\"aligncenter size-full wp-image-12116\" src=\"https:\/\/coffeehome.vn\/wp-content\/uploads\/2021\/10\/4-1247.jpg\" alt=\"\" width=\"790\" height=\"1247\" srcset=\"https:\/\/coffeehome.vn\/wp-content\/uploads\/2021\/10\/4-1247.jpg 790w, https:\/\/coffeehome.vn\/wp-content\/uploads\/2021\/10\/4-1247-190x300.jpg 190w, https:\/\/coffeehome.vn\/wp-content\/uploads\/2021\/10\/4-1247-649x1024.jpg 649w, https:\/\/coffeehome.vn\/wp-content\/uploads\/2021\/10\/4-1247-768x1212.jpg 768w, https:\/\/coffeehome.vn\/wp-content\/uploads\/2021\/10\/4-1247-600x947.jpg 600w\" sizes=\"(max-width: 790px) 100vw, 790px\" \/> <img loading=\"lazy\" class=\"aligncenter size-full wp-image-12117\" src=\"https:\/\/coffeehome.vn\/wp-content\/uploads\/2021\/10\/5-925.jpg\" alt=\"\" width=\"790\" height=\"925\" srcset=\"https:\/\/coffeehome.vn\/wp-content\/uploads\/2021\/10\/5-925.jpg 790w, https:\/\/coffeehome.vn\/wp-content\/uploads\/2021\/10\/5-925-256x300.jpg 256w, https:\/\/coffeehome.vn\/wp-content\/uploads\/2021\/10\/5-925-768x899.jpg 768w, https:\/\/coffeehome.vn\/wp-content\/uploads\/2021\/10\/5-925-600x703.jpg 600w\" sizes=\"(max-width: 790px) 100vw, 790px\" \/> <img loading=\"lazy\" class=\"aligncenter size-full wp-image-12118\" src=\"https:\/\/coffeehome.vn\/wp-content\/uploads\/2021\/10\/6-953.jpg\" alt=\"\" width=\"790\" height=\"953\" srcset=\"https:\/\/coffeehome.vn\/wp-content\/uploads\/2021\/10\/6-953.jpg 790w, https:\/\/coffeehome.vn\/wp-content\/uploads\/2021\/10\/6-953-249x300.jpg 249w, https:\/\/coffeehome.vn\/wp-content\/uploads\/2021\/10\/6-953-768x926.jpg 768w, https:\/\/coffeehome.vn\/wp-content\/uploads\/2021\/10\/6-953-600x724.jpg 600w\" sizes=\"(max-width: 790px) 100vw, 790px\" \/> <img loading=\"lazy\" class=\"aligncenter size-full wp-image-12119\" src=\"https:\/\/coffeehome.vn\/wp-content\/uploads\/2021\/10\/7-612.jpg\" alt=\"\" width=\"790\" height=\"612\" srcset=\"https:\/\/coffeehome.vn\/wp-content\/uploads\/2021\/10\/7-612.jpg 790w, https:\/\/coffeehome.vn\/wp-content\/uploads\/2021\/10\/7-612-300x232.jpg 300w, https:\/\/coffeehome.vn\/wp-content\/uploads\/2021\/10\/7-612-768x595.jpg 768w, https:\/\/coffeehome.vn\/wp-content\/uploads\/2021\/10\/7-612-600x465.jpg 600w\" sizes=\"(max-width: 790px) 100vw, 790px\" \/> <img loading=\"lazy\" class=\"aligncenter size-full wp-image-12120\" src=\"https:\/\/coffeehome.vn\/wp-content\/uploads\/2021\/10\/8-807.jpg\" alt=\"\" width=\"790\" height=\"807\" srcset=\"https:\/\/coffeehome.vn\/wp-content\/uploads\/2021\/10\/8-807.jpg 790w, https:\/\/coffeehome.vn\/wp-content\/uploads\/2021\/10\/8-807-294x300.jpg 294w, https:\/\/coffeehome.vn\/wp-content\/uploads\/2021\/10\/8-807-768x785.jpg 768w, https:\/\/coffeehome.vn\/wp-content\/uploads\/2021\/10\/8-807-600x613.jpg 600w\" sizes=\"(max-width: 790px) 100vw, 790px\" \/> <img loading=\"lazy\" class=\"aligncenter size-full wp-image-12121\" src=\"https:\/\/coffeehome.vn\/wp-content\/uploads\/2021\/10\/9-768.jpg\" alt=\"\" width=\"790\" height=\"768\" srcset=\"https:\/\/coffeehome.vn\/wp-content\/uploads\/2021\/10\/9-768.jpg 790w, https:\/\/coffeehome.vn\/wp-content\/uploads\/2021\/10\/9-768-300x292.jpg 300w, https:\/\/coffeehome.vn\/wp-content\/uploads\/2021\/10\/9-768-768x747.jpg 768w, https:\/\/coffeehome.vn\/wp-content\/uploads\/2021\/10\/9-768-600x583.jpg 600w\" sizes=\"(max-width: 790px) 100vw, 790px\" \/> <img loading=\"lazy\" class=\"aligncenter size-full wp-image-12122\" src=\"https:\/\/coffeehome.vn\/wp-content\/uploads\/2021\/10\/10-861.jpg\" alt=\"\" width=\"790\" height=\"861\" srcset=\"https:\/\/coffeehome.vn\/wp-content\/uploads\/2021\/10\/10-861.jpg 790w, https:\/\/coffeehome.vn\/wp-content\/uploads\/2021\/10\/10-861-275x300.jpg 275w, https:\/\/coffeehome.vn\/wp-content\/uploads\/2021\/10\/10-861-768x837.jpg 768w, https:\/\/coffeehome.vn\/wp-content\/uploads\/2021\/10\/10-861-600x654.jpg 600w\" sizes=\"(max-width: 790px) 100vw, 790px\" \/> <img loading=\"lazy\" class=\"aligncenter size-full wp-image-12123\" src=\"https:\/\/coffeehome.vn\/wp-content\/uploads\/2021\/10\/11-693.jpg\" alt=\"\" width=\"790\" height=\"693\" srcset=\"https:\/\/coffeehome.vn\/wp-content\/uploads\/2021\/10\/11-693.jpg 790w, https:\/\/coffeehome.vn\/wp-content\/uploads\/2021\/10\/11-693-300x263.jpg 300w, https:\/\/coffeehome.vn\/wp-content\/uploads\/2021\/10\/11-693-768x674.jpg 768w, https:\/\/coffeehome.vn\/wp-content\/uploads\/2021\/10\/11-693-600x526.jpg 600w\" sizes=\"(max-width: 790px) 100vw, 790px\" \/> <img loading=\"lazy\" class=\"aligncenter size-full wp-image-12124\" src=\"https:\/\/coffeehome.vn\/wp-content\/uploads\/2021\/10\/12-995.jpg\" alt=\"\" width=\"790\" height=\"995\" srcset=\"https:\/\/coffeehome.vn\/wp-content\/uploads\/2021\/10\/12-995.jpg 790w, https:\/\/coffeehome.vn\/wp-content\/uploads\/2021\/10\/12-995-238x300.jpg 238w, https:\/\/coffeehome.vn\/wp-content\/uploads\/2021\/10\/12-995-768x967.jpg 768w, https:\/\/coffeehome.vn\/wp-content\/uploads\/2021\/10\/12-995-600x756.jpg 600w\" sizes=\"(max-width: 790px) 100vw, 790px\" \/><\/p>\n<p>Tay xay C\u00e0 ph\u00ea nh\u1ecf g\u1ecdn, t\u1ea1o c\u00e0 ph\u00ea nguy\u00ean ch\u1ea5t,<br \/>\nPh\u00f9 h\u1ee3p xay c\u00e0 ph\u00ea t\u1ea1i v\u0103n ph\u00f2ng, t\u1ea1i nh\u00e0, \u0111i du l\u1ecbch, picnic\u2026<br \/>\nTh\u00edch h\u1ee3p pha phin Vi\u1ec7t Nam, pha phin gi\u1ea5y trong tr\u01b0\u1eddng h\u1ee3p c\u1ea7n s\u1eed d\u1ee5ng nhanh.<\/p>\n","protected":false},"excerpt":{"rendered":"<p>Tay xay C\u00e0 ph\u00ea nh\u1ecf g\u1ecdn, t\u1ea1o c\u00e0 ph\u00ea nguy\u00ean ch\u1ea5t, Ph\u00f9 h\u1ee3p xay c\u00e0 ph\u00ea t\u1ea1i v\u0103n ph\u00f2ng, t\u1ea1i nh\u00e0, \u0111i du l\u1ecbch, picnic\u2026 Th\u00edch h\u1ee3p pha phin Vi\u1ec7t Nam, pha phin gi\u1ea5y trong tr\u01b0\u1eddng h\u1ee3p c\u1ea7n s\u1eed d\u1ee5ng nhanh.<\/p>\n","protected":false},"featured_media":12129,"comment_status":"open","ping_status":"closed","template":"","meta":{"om_disable_all_campaigns":false,"_monsterinsights_skip_tracking":false,"_monsterinsights_sitenote_active":false,"_monsterinsights_sitenote_note":"","_monsterinsights_sitenote_category":0},"product_cat":[200,196,197,191],"product_tag":[],"_links":{"self":[{"href":"https:\/\/coffeehome.vn\/index.php\/wp-json\/wp\/v2\/product\/12112"}],"collection":[{"href":"https:\/\/coffeehome.vn\/index.php\/wp-json\/wp\/v2\/product"}],"about":[{"href":"https:\/\/coffeehome.vn\/index.php\/wp-json\/wp\/v2\/types\/product"}],"replies":[{"embeddable":true,"href":"https:\/\/coffeehome.vn\/index.php\/wp-json\/wp\/v2\/comments?post=12112"}],"wp:featuredmedia":[{"embeddable":true,"href":"https:\/\/coffeehome.vn\/index.php\/wp-json\/wp\/v2\/media\/12129"}],"wp:attachment":[{"href":"https:\/\/coffeehome.vn\/index.php\/wp-json\/wp\/v2\/media?parent=12112"}],"wp:term":[{"taxonomy":"product_cat","embeddable":true,"href":"https:\/\/coffeehome.vn\/index.php\/wp-json\/wp\/v2\/product_cat?post=12112"},{"taxonomy":"product_tag","embeddable":true,"href":"https:\/\/coffeehome.vn\/index.php\/wp-json\/wp\/v2\/product_tag?post=12112"}],"curies":[{"name":"wp","href":"https:\/\/api.w.org\/{rel}","templated":true}]}}