{"id":12219,"date":"2021-10-31T15:51:07","date_gmt":"2021-10-31T08:51:07","guid":{"rendered":"https:\/\/coffeehome.vn\/?post_type=product&#038;p=12219"},"modified":"2021-10-31T15:51:07","modified_gmt":"2021-10-31T08:51:07","slug":"giay-loc-co-tai-hinh-vuong-hop-50c-hero","status":"publish","type":"product","link":"https:\/\/coffeehome.vn\/index.php\/product\/giay-loc-co-tai-hinh-vuong-hop-50c-hero\/","title":{"rendered":"Gi\u1ea5y L\u1ecdc c\u00f3 tai h\u00ecnh Vu\u00f4ng (h\u1ed9p 50c) &#8211; Hero"},"content":{"rendered":"<p><img loading=\"lazy\" class=\"aligncenter size-full wp-image-12220\" src=\"https:\/\/coffeehome.vn\/wp-content\/uploads\/2021\/10\/O1CN01CAR1vu1dq27QEB6WX_9246137862.jpg\" alt=\"\" width=\"790\" height=\"790\" srcset=\"https:\/\/coffeehome.vn\/wp-content\/uploads\/2021\/10\/O1CN01CAR1vu1dq27QEB6WX_9246137862.jpg 790w, https:\/\/coffeehome.vn\/wp-content\/uploads\/2021\/10\/O1CN01CAR1vu1dq27QEB6WX_9246137862-300x300.jpg 300w, https:\/\/coffeehome.vn\/wp-content\/uploads\/2021\/10\/O1CN01CAR1vu1dq27QEB6WX_9246137862-150x150.jpg 150w, https:\/\/coffeehome.vn\/wp-content\/uploads\/2021\/10\/O1CN01CAR1vu1dq27QEB6WX_9246137862-768x768.jpg 768w, https:\/\/coffeehome.vn\/wp-content\/uploads\/2021\/10\/O1CN01CAR1vu1dq27QEB6WX_9246137862-610x610.jpg 610w, https:\/\/coffeehome.vn\/wp-content\/uploads\/2021\/10\/O1CN01CAR1vu1dq27QEB6WX_9246137862-100x100.jpg 100w, https:\/\/coffeehome.vn\/wp-content\/uploads\/2021\/10\/O1CN01CAR1vu1dq27QEB6WX_9246137862-600x600.jpg 600w\" sizes=\"(max-width: 790px) 100vw, 790px\" \/> <img loading=\"lazy\" class=\"aligncenter size-full wp-image-12221\" src=\"https:\/\/coffeehome.vn\/wp-content\/uploads\/2021\/10\/O1CN01jvIsaL1dq27KKYT2E_924613786.jpg\" alt=\"\" width=\"790\" height=\"737\" srcset=\"https:\/\/coffeehome.vn\/wp-content\/uploads\/2021\/10\/O1CN01jvIsaL1dq27KKYT2E_924613786.jpg 790w, https:\/\/coffeehome.vn\/wp-content\/uploads\/2021\/10\/O1CN01jvIsaL1dq27KKYT2E_924613786-300x280.jpg 300w, https:\/\/coffeehome.vn\/wp-content\/uploads\/2021\/10\/O1CN01jvIsaL1dq27KKYT2E_924613786-768x716.jpg 768w, https:\/\/coffeehome.vn\/wp-content\/uploads\/2021\/10\/O1CN01jvIsaL1dq27KKYT2E_924613786-600x560.jpg 600w\" sizes=\"(max-width: 790px) 100vw, 790px\" \/> <img loading=\"lazy\" class=\"aligncenter size-full wp-image-12222\" src=\"https:\/\/coffeehome.vn\/wp-content\/uploads\/2021\/10\/O1CN01l657kj1dq27P87yEX_924613786.jpg\" alt=\"\" width=\"790\" height=\"825\" srcset=\"https:\/\/coffeehome.vn\/wp-content\/uploads\/2021\/10\/O1CN01l657kj1dq27P87yEX_924613786.jpg 790w, https:\/\/coffeehome.vn\/wp-content\/uploads\/2021\/10\/O1CN01l657kj1dq27P87yEX_924613786-287x300.jpg 287w, https:\/\/coffeehome.vn\/wp-content\/uploads\/2021\/10\/O1CN01l657kj1dq27P87yEX_924613786-768x802.jpg 768w, https:\/\/coffeehome.vn\/wp-content\/uploads\/2021\/10\/O1CN01l657kj1dq27P87yEX_924613786-600x627.jpg 600w\" sizes=\"(max-width: 790px) 100vw, 790px\" \/> <img loading=\"lazy\" class=\"aligncenter size-full wp-image-12223\" src=\"https:\/\/coffeehome.vn\/wp-content\/uploads\/2021\/10\/O1CN01LiTDFD1dq27JwTCWt_924613786.jpg\" alt=\"\" width=\"790\" height=\"724\" srcset=\"https:\/\/coffeehome.vn\/wp-content\/uploads\/2021\/10\/O1CN01LiTDFD1dq27JwTCWt_924613786.jpg 790w, https:\/\/coffeehome.vn\/wp-content\/uploads\/2021\/10\/O1CN01LiTDFD1dq27JwTCWt_924613786-300x275.jpg 300w, https:\/\/coffeehome.vn\/wp-content\/uploads\/2021\/10\/O1CN01LiTDFD1dq27JwTCWt_924613786-768x704.jpg 768w, https:\/\/coffeehome.vn\/wp-content\/uploads\/2021\/10\/O1CN01LiTDFD1dq27JwTCWt_924613786-600x550.jpg 600w\" sizes=\"(max-width: 790px) 100vw, 790px\" \/> <img loading=\"lazy\" class=\"aligncenter size-full wp-image-12224\" src=\"https:\/\/coffeehome.vn\/wp-content\/uploads\/2021\/10\/O1CN01LQDlO51dq22sK7nj2_924613786.jpg\" alt=\"\" width=\"790\" height=\"1160\" srcset=\"https:\/\/coffeehome.vn\/wp-content\/uploads\/2021\/10\/O1CN01LQDlO51dq22sK7nj2_924613786.jpg 790w, https:\/\/coffeehome.vn\/wp-content\/uploads\/2021\/10\/O1CN01LQDlO51dq22sK7nj2_924613786-204x300.jpg 204w, https:\/\/coffeehome.vn\/wp-content\/uploads\/2021\/10\/O1CN01LQDlO51dq22sK7nj2_924613786-697x1024.jpg 697w, https:\/\/coffeehome.vn\/wp-content\/uploads\/2021\/10\/O1CN01LQDlO51dq22sK7nj2_924613786-768x1128.jpg 768w, https:\/\/coffeehome.vn\/wp-content\/uploads\/2021\/10\/O1CN01LQDlO51dq22sK7nj2_924613786-600x881.jpg 600w\" sizes=\"(max-width: 790px) 100vw, 790px\" \/> <img loading=\"lazy\" class=\"aligncenter size-full wp-image-12225\" src=\"https:\/\/coffeehome.vn\/wp-content\/uploads\/2021\/10\/O1CN01n4kiPy1dq27MudVMp_924613786.jpg\" alt=\"\" width=\"790\" height=\"664\" srcset=\"https:\/\/coffeehome.vn\/wp-content\/uploads\/2021\/10\/O1CN01n4kiPy1dq27MudVMp_924613786.jpg 790w, https:\/\/coffeehome.vn\/wp-content\/uploads\/2021\/10\/O1CN01n4kiPy1dq27MudVMp_924613786-300x252.jpg 300w, https:\/\/coffeehome.vn\/wp-content\/uploads\/2021\/10\/O1CN01n4kiPy1dq27MudVMp_924613786-768x646.jpg 768w, https:\/\/coffeehome.vn\/wp-content\/uploads\/2021\/10\/O1CN01n4kiPy1dq27MudVMp_924613786-600x504.jpg 600w\" sizes=\"(max-width: 790px) 100vw, 790px\" \/> <img loading=\"lazy\" class=\"aligncenter size-full wp-image-12226\" src=\"https:\/\/coffeehome.vn\/wp-content\/uploads\/2021\/10\/O1CN01RsKGeg1dq27MubpQn_924613786.jpg\" alt=\"\" width=\"790\" height=\"703\" srcset=\"https:\/\/coffeehome.vn\/wp-content\/uploads\/2021\/10\/O1CN01RsKGeg1dq27MubpQn_924613786.jpg 790w, https:\/\/coffeehome.vn\/wp-content\/uploads\/2021\/10\/O1CN01RsKGeg1dq27MubpQn_924613786-300x267.jpg 300w, https:\/\/coffeehome.vn\/wp-content\/uploads\/2021\/10\/O1CN01RsKGeg1dq27MubpQn_924613786-768x683.jpg 768w, https:\/\/coffeehome.vn\/wp-content\/uploads\/2021\/10\/O1CN01RsKGeg1dq27MubpQn_924613786-600x534.jpg 600w\" sizes=\"(max-width: 790px) 100vw, 790px\" \/> <img loading=\"lazy\" class=\"aligncenter size-full wp-image-12227\" src=\"https:\/\/coffeehome.vn\/wp-content\/uploads\/2021\/10\/O1CN01ZCcyPy1dq27CCHdSm_924613786.jpg\" alt=\"\" width=\"790\" height=\"520\" srcset=\"https:\/\/coffeehome.vn\/wp-content\/uploads\/2021\/10\/O1CN01ZCcyPy1dq27CCHdSm_924613786.jpg 790w, https:\/\/coffeehome.vn\/wp-content\/uploads\/2021\/10\/O1CN01ZCcyPy1dq27CCHdSm_924613786-300x197.jpg 300w, https:\/\/coffeehome.vn\/wp-content\/uploads\/2021\/10\/O1CN01ZCcyPy1dq27CCHdSm_924613786-768x506.jpg 768w, https:\/\/coffeehome.vn\/wp-content\/uploads\/2021\/10\/O1CN01ZCcyPy1dq27CCHdSm_924613786-600x395.jpg 600w\" sizes=\"(max-width: 790px) 100vw, 790px\" \/> <img loading=\"lazy\" class=\"aligncenter size-full wp-image-12228\" src=\"https:\/\/coffeehome.vn\/wp-content\/uploads\/2021\/10\/O1CN011YP4pM1dq27PS9MAR_924613786.jpg\" alt=\"\" width=\"790\" height=\"507\" srcset=\"https:\/\/coffeehome.vn\/wp-content\/uploads\/2021\/10\/O1CN011YP4pM1dq27PS9MAR_924613786.jpg 790w, https:\/\/coffeehome.vn\/wp-content\/uploads\/2021\/10\/O1CN011YP4pM1dq27PS9MAR_924613786-300x193.jpg 300w, https:\/\/coffeehome.vn\/wp-content\/uploads\/2021\/10\/O1CN011YP4pM1dq27PS9MAR_924613786-768x493.jpg 768w, https:\/\/coffeehome.vn\/wp-content\/uploads\/2021\/10\/O1CN011YP4pM1dq27PS9MAR_924613786-600x385.jpg 600w\" sizes=\"(max-width: 790px) 100vw, 790px\" \/> <img loading=\"lazy\" class=\"aligncenter size-full wp-image-12229\" src=\"https:\/\/coffeehome.vn\/wp-content\/uploads\/2021\/10\/O1CN0136s27I1dq27Kq4Drt_924613786.jpg\" alt=\"\" width=\"790\" height=\"710\" srcset=\"https:\/\/coffeehome.vn\/wp-content\/uploads\/2021\/10\/O1CN0136s27I1dq27Kq4Drt_924613786.jpg 790w, https:\/\/coffeehome.vn\/wp-content\/uploads\/2021\/10\/O1CN0136s27I1dq27Kq4Drt_924613786-300x270.jpg 300w, https:\/\/coffeehome.vn\/wp-content\/uploads\/2021\/10\/O1CN0136s27I1dq27Kq4Drt_924613786-768x690.jpg 768w, https:\/\/coffeehome.vn\/wp-content\/uploads\/2021\/10\/O1CN0136s27I1dq27Kq4Drt_924613786-600x539.jpg 600w\" sizes=\"(max-width: 790px) 100vw, 790px\" \/><\/p>\n","protected":false},"excerpt":{"rendered":"","protected":false},"featured_media":12231,"comment_status":"open","ping_status":"closed","template":"","meta":{"om_disable_all_campaigns":false,"_monsterinsights_skip_tracking":false,"_monsterinsights_sitenote_active":false,"_monsterinsights_sitenote_note":"","_monsterinsights_sitenote_category":0},"product_cat":[196,202,194,197],"product_tag":[],"_links":{"self":[{"href":"https:\/\/coffeehome.vn\/index.php\/wp-json\/wp\/v2\/product\/12219"}],"collection":[{"href":"https:\/\/coffeehome.vn\/index.php\/wp-json\/wp\/v2\/product"}],"about":[{"href":"https:\/\/coffeehome.vn\/index.php\/wp-json\/wp\/v2\/types\/product"}],"replies":[{"embeddable":true,"href":"https:\/\/coffeehome.vn\/index.php\/wp-json\/wp\/v2\/comments?post=12219"}],"wp:featuredmedia":[{"embeddable":true,"href":"https:\/\/coffeehome.vn\/index.php\/wp-json\/wp\/v2\/media\/12231"}],"wp:attachment":[{"href":"https:\/\/coffeehome.vn\/index.php\/wp-json\/wp\/v2\/media?parent=12219"}],"wp:term":[{"taxonomy":"product_cat","embeddable":true,"href":"https:\/\/coffeehome.vn\/index.php\/wp-json\/wp\/v2\/product_cat?post=12219"},{"taxonomy":"product_tag","embeddable":true,"href":"https:\/\/coffeehome.vn\/index.php\/wp-json\/wp\/v2\/product_tag?post=12219"}],"curies":[{"name":"wp","href":"https:\/\/api.w.org\/{rel}","templated":true}]}}