{"id":12232,"date":"2021-10-31T19:46:07","date_gmt":"2021-10-31T12:46:07","guid":{"rendered":"https:\/\/coffeehome.vn\/?post_type=product&#038;p=12232"},"modified":"2021-10-31T19:46:07","modified_gmt":"2021-10-31T12:46:07","slug":"giay-loc-ca-phe-hinh-quat-cafede-kona","status":"publish","type":"product","link":"https:\/\/coffeehome.vn\/index.php\/product\/giay-loc-ca-phe-hinh-quat-cafede-kona\/","title":{"rendered":"Gi\u1ea5y l\u1ecdc c\u00e0 ph\u00ea h\u00ecnh qu\u1ea1t &#8211; Cafede Kona"},"content":{"rendered":"<p><img loading=\"lazy\" class=\"aligncenter size-full wp-image-12233\" src=\"https:\/\/coffeehome.vn\/wp-content\/uploads\/2021\/10\/1-1004.jpg\" alt=\"\" width=\"790\" height=\"1004\" srcset=\"https:\/\/coffeehome.vn\/wp-content\/uploads\/2021\/10\/1-1004.jpg 790w, https:\/\/coffeehome.vn\/wp-content\/uploads\/2021\/10\/1-1004-236x300.jpg 236w, https:\/\/coffeehome.vn\/wp-content\/uploads\/2021\/10\/1-1004-768x976.jpg 768w, https:\/\/coffeehome.vn\/wp-content\/uploads\/2021\/10\/1-1004-600x763.jpg 600w\" sizes=\"(max-width: 790px) 100vw, 790px\" \/> <img loading=\"lazy\" class=\"aligncenter size-full wp-image-12234\" src=\"https:\/\/coffeehome.vn\/wp-content\/uploads\/2021\/10\/2-789.jpg\" alt=\"\" width=\"790\" height=\"789\" srcset=\"https:\/\/coffeehome.vn\/wp-content\/uploads\/2021\/10\/2-789.jpg 790w, https:\/\/coffeehome.vn\/wp-content\/uploads\/2021\/10\/2-789-300x300.jpg 300w, https:\/\/coffeehome.vn\/wp-content\/uploads\/2021\/10\/2-789-150x150.jpg 150w, https:\/\/coffeehome.vn\/wp-content\/uploads\/2021\/10\/2-789-768x767.jpg 768w, https:\/\/coffeehome.vn\/wp-content\/uploads\/2021\/10\/2-789-610x610.jpg 610w, https:\/\/coffeehome.vn\/wp-content\/uploads\/2021\/10\/2-789-100x100.jpg 100w, https:\/\/coffeehome.vn\/wp-content\/uploads\/2021\/10\/2-789-600x599.jpg 600w\" sizes=\"(max-width: 790px) 100vw, 790px\" \/> <img loading=\"lazy\" class=\"aligncenter size-full wp-image-12235\" src=\"https:\/\/coffeehome.vn\/wp-content\/uploads\/2021\/10\/4-1206.jpg\" alt=\"\" width=\"790\" height=\"1206\" srcset=\"https:\/\/coffeehome.vn\/wp-content\/uploads\/2021\/10\/4-1206.jpg 790w, https:\/\/coffeehome.vn\/wp-content\/uploads\/2021\/10\/4-1206-197x300.jpg 197w, https:\/\/coffeehome.vn\/wp-content\/uploads\/2021\/10\/4-1206-671x1024.jpg 671w, https:\/\/coffeehome.vn\/wp-content\/uploads\/2021\/10\/4-1206-768x1172.jpg 768w, https:\/\/coffeehome.vn\/wp-content\/uploads\/2021\/10\/4-1206-600x916.jpg 600w\" sizes=\"(max-width: 790px) 100vw, 790px\" \/> <img loading=\"lazy\" class=\"aligncenter size-full wp-image-12236\" src=\"https:\/\/coffeehome.vn\/wp-content\/uploads\/2021\/10\/5-749.jpg\" alt=\"\" width=\"790\" height=\"797\" srcset=\"https:\/\/coffeehome.vn\/wp-content\/uploads\/2021\/10\/5-749.jpg 790w, https:\/\/coffeehome.vn\/wp-content\/uploads\/2021\/10\/5-749-297x300.jpg 297w, https:\/\/coffeehome.vn\/wp-content\/uploads\/2021\/10\/5-749-150x150.jpg 150w, https:\/\/coffeehome.vn\/wp-content\/uploads\/2021\/10\/5-749-768x775.jpg 768w, https:\/\/coffeehome.vn\/wp-content\/uploads\/2021\/10\/5-749-100x100.jpg 100w, https:\/\/coffeehome.vn\/wp-content\/uploads\/2021\/10\/5-749-600x605.jpg 600w\" sizes=\"(max-width: 790px) 100vw, 790px\" \/> <img loading=\"lazy\" class=\"aligncenter size-full wp-image-12237\" src=\"https:\/\/coffeehome.vn\/wp-content\/uploads\/2021\/10\/6-786.jpg\" alt=\"\" width=\"790\" height=\"786\" srcset=\"https:\/\/coffeehome.vn\/wp-content\/uploads\/2021\/10\/6-786.jpg 790w, https:\/\/coffeehome.vn\/wp-content\/uploads\/2021\/10\/6-786-300x298.jpg 300w, https:\/\/coffeehome.vn\/wp-content\/uploads\/2021\/10\/6-786-150x150.jpg 150w, https:\/\/coffeehome.vn\/wp-content\/uploads\/2021\/10\/6-786-768x764.jpg 768w, https:\/\/coffeehome.vn\/wp-content\/uploads\/2021\/10\/6-786-100x100.jpg 100w, https:\/\/coffeehome.vn\/wp-content\/uploads\/2021\/10\/6-786-600x597.jpg 600w\" sizes=\"(max-width: 790px) 100vw, 790px\" \/> <img loading=\"lazy\" class=\"aligncenter size-full wp-image-12238\" src=\"https:\/\/coffeehome.vn\/wp-content\/uploads\/2021\/10\/7-791.jpg\" alt=\"\" width=\"790\" height=\"791\" srcset=\"https:\/\/coffeehome.vn\/wp-content\/uploads\/2021\/10\/7-791.jpg 790w, https:\/\/coffeehome.vn\/wp-content\/uploads\/2021\/10\/7-791-300x300.jpg 300w, https:\/\/coffeehome.vn\/wp-content\/uploads\/2021\/10\/7-791-150x150.jpg 150w, https:\/\/coffeehome.vn\/wp-content\/uploads\/2021\/10\/7-791-768x769.jpg 768w, https:\/\/coffeehome.vn\/wp-content\/uploads\/2021\/10\/7-791-610x610.jpg 610w, https:\/\/coffeehome.vn\/wp-content\/uploads\/2021\/10\/7-791-100x100.jpg 100w, https:\/\/coffeehome.vn\/wp-content\/uploads\/2021\/10\/7-791-600x601.jpg 600w\" sizes=\"(max-width: 790px) 100vw, 790px\" \/><\/p>\n","protected":false},"excerpt":{"rendered":"","protected":false},"featured_media":12241,"comment_status":"open","ping_status":"closed","template":"","meta":{"om_disable_all_campaigns":false,"_monsterinsights_skip_tracking":false,"_monsterinsights_sitenote_active":false,"_monsterinsights_sitenote_note":"","_monsterinsights_sitenote_category":0},"product_cat":[199,196,202,197],"product_tag":[],"_links":{"self":[{"href":"https:\/\/coffeehome.vn\/index.php\/wp-json\/wp\/v2\/product\/12232"}],"collection":[{"href":"https:\/\/coffeehome.vn\/index.php\/wp-json\/wp\/v2\/product"}],"about":[{"href":"https:\/\/coffeehome.vn\/index.php\/wp-json\/wp\/v2\/types\/product"}],"replies":[{"embeddable":true,"href":"https:\/\/coffeehome.vn\/index.php\/wp-json\/wp\/v2\/comments?post=12232"}],"wp:featuredmedia":[{"embeddable":true,"href":"https:\/\/coffeehome.vn\/index.php\/wp-json\/wp\/v2\/media\/12241"}],"wp:attachment":[{"href":"https:\/\/coffeehome.vn\/index.php\/wp-json\/wp\/v2\/media?parent=12232"}],"wp:term":[{"taxonomy":"product_cat","embeddable":true,"href":"https:\/\/coffeehome.vn\/index.php\/wp-json\/wp\/v2\/product_cat?post=12232"},{"taxonomy":"product_tag","embeddable":true,"href":"https:\/\/coffeehome.vn\/index.php\/wp-json\/wp\/v2\/product_tag?post=12232"}],"curies":[{"name":"wp","href":"https:\/\/api.w.org\/{rel}","templated":true}]}}