{"id":12243,"date":"2021-10-31T19:51:43","date_gmt":"2021-10-31T12:51:43","guid":{"rendered":"https:\/\/coffeehome.vn\/?post_type=product&#038;p=12243"},"modified":"2021-10-31T19:51:43","modified_gmt":"2021-10-31T12:51:43","slug":"giay-loc-co-tai-hinh-vuong-50-cai-phin-giay-cafede-kona","status":"publish","type":"product","link":"https:\/\/coffeehome.vn\/index.php\/product\/giay-loc-co-tai-hinh-vuong-50-cai-phin-giay-cafede-kona\/","title":{"rendered":"Gi\u1ea5y L\u1ecdc c\u00f3 tai h\u00ecnh vu\u00f4ng 50 c\u00e1i (Phin gi\u1ea5y) &#8211; Cafede Kona"},"content":{"rendered":"<p><img loading=\"lazy\" class=\"aligncenter  wp-image-12244\" src=\"https:\/\/coffeehome.vn\/wp-content\/uploads\/2021\/10\/1-790-x-3784-scaled.jpg\" alt=\"\" width=\"571\" height=\"2737\" \/> <img loading=\"lazy\" class=\"aligncenter  wp-image-12245\" src=\"https:\/\/coffeehome.vn\/wp-content\/uploads\/2021\/10\/2-2157-scaled.jpg\" alt=\"\" width=\"569\" height=\"1982\" srcset=\"https:\/\/coffeehome.vn\/wp-content\/uploads\/2021\/10\/2-2157-scaled.jpg 735w, https:\/\/coffeehome.vn\/wp-content\/uploads\/2021\/10\/2-2157-86x300.jpg 86w, https:\/\/coffeehome.vn\/wp-content\/uploads\/2021\/10\/2-2157-294x1024.jpg 294w, https:\/\/coffeehome.vn\/wp-content\/uploads\/2021\/10\/2-2157-768x2674.jpg 768w, https:\/\/coffeehome.vn\/wp-content\/uploads\/2021\/10\/2-2157-441x1536.jpg 441w, https:\/\/coffeehome.vn\/wp-content\/uploads\/2021\/10\/2-2157-588x2048.jpg 588w, https:\/\/coffeehome.vn\/wp-content\/uploads\/2021\/10\/2-2157-600x2089.jpg 600w\" sizes=\"(max-width: 569px) 100vw, 569px\" \/><\/p>\n","protected":false},"excerpt":{"rendered":"","protected":false},"featured_media":12247,"comment_status":"open","ping_status":"closed","template":"","meta":{"om_disable_all_campaigns":false,"_monsterinsights_skip_tracking":false,"_monsterinsights_sitenote_active":false,"_monsterinsights_sitenote_note":"","_monsterinsights_sitenote_category":0},"product_cat":[199,196,202,197],"product_tag":[],"_links":{"self":[{"href":"https:\/\/coffeehome.vn\/index.php\/wp-json\/wp\/v2\/product\/12243"}],"collection":[{"href":"https:\/\/coffeehome.vn\/index.php\/wp-json\/wp\/v2\/product"}],"about":[{"href":"https:\/\/coffeehome.vn\/index.php\/wp-json\/wp\/v2\/types\/product"}],"replies":[{"embeddable":true,"href":"https:\/\/coffeehome.vn\/index.php\/wp-json\/wp\/v2\/comments?post=12243"}],"wp:featuredmedia":[{"embeddable":true,"href":"https:\/\/coffeehome.vn\/index.php\/wp-json\/wp\/v2\/media\/12247"}],"wp:attachment":[{"href":"https:\/\/coffeehome.vn\/index.php\/wp-json\/wp\/v2\/media?parent=12243"}],"wp:term":[{"taxonomy":"product_cat","embeddable":true,"href":"https:\/\/coffeehome.vn\/index.php\/wp-json\/wp\/v2\/product_cat?post=12243"},{"taxonomy":"product_tag","embeddable":true,"href":"https:\/\/coffeehome.vn\/index.php\/wp-json\/wp\/v2\/product_tag?post=12243"}],"curies":[{"name":"wp","href":"https:\/\/api.w.org\/{rel}","templated":true}]}}