{"id":12496,"date":"2021-11-01T07:45:48","date_gmt":"2021-11-01T00:45:48","guid":{"rendered":"https:\/\/coffeehome.vn\/?post_type=product&#038;p=12496"},"modified":"2021-11-01T07:45:48","modified_gmt":"2021-11-01T00:45:48","slug":"coc-loc-su-hoa-sen-kieu-nhat-ban-cofede-kona","status":"publish","type":"product","link":"https:\/\/coffeehome.vn\/index.php\/product\/coc-loc-su-hoa-sen-kieu-nhat-ban-cofede-kona\/","title":{"rendered":"C\u00f3c L\u1ecdc S\u1ee9 hoa sen ki\u1ec3u Nh\u1eadt B\u1ea3n &#8211; Cofede Kona"},"content":{"rendered":"<p><img loading=\"lazy\" class=\"aligncenter size-full wp-image-12497\" src=\"https:\/\/coffeehome.vn\/wp-content\/uploads\/2021\/11\/1.jpg\" alt=\"\" width=\"790\" height=\"831\" srcset=\"https:\/\/coffeehome.vn\/wp-content\/uploads\/2021\/11\/1.jpg 790w, https:\/\/coffeehome.vn\/wp-content\/uploads\/2021\/11\/1-285x300.jpg 285w, https:\/\/coffeehome.vn\/wp-content\/uploads\/2021\/11\/1-768x808.jpg 768w, https:\/\/coffeehome.vn\/wp-content\/uploads\/2021\/11\/1-600x631.jpg 600w\" sizes=\"(max-width: 790px) 100vw, 790px\" \/> <img loading=\"lazy\" class=\"aligncenter size-full wp-image-12498\" src=\"https:\/\/coffeehome.vn\/wp-content\/uploads\/2021\/11\/2.jpg\" alt=\"\" width=\"790\" height=\"446\" srcset=\"https:\/\/coffeehome.vn\/wp-content\/uploads\/2021\/11\/2.jpg 790w, https:\/\/coffeehome.vn\/wp-content\/uploads\/2021\/11\/2-300x169.jpg 300w, https:\/\/coffeehome.vn\/wp-content\/uploads\/2021\/11\/2-768x434.jpg 768w, https:\/\/coffeehome.vn\/wp-content\/uploads\/2021\/11\/2-600x339.jpg 600w\" sizes=\"(max-width: 790px) 100vw, 790px\" \/> <img loading=\"lazy\" class=\"aligncenter size-full wp-image-12499\" src=\"https:\/\/coffeehome.vn\/wp-content\/uploads\/2021\/11\/3.jpg\" alt=\"\" width=\"790\" height=\"1189\" srcset=\"https:\/\/coffeehome.vn\/wp-content\/uploads\/2021\/11\/3.jpg 790w, https:\/\/coffeehome.vn\/wp-content\/uploads\/2021\/11\/3-199x300.jpg 199w, https:\/\/coffeehome.vn\/wp-content\/uploads\/2021\/11\/3-680x1024.jpg 680w, https:\/\/coffeehome.vn\/wp-content\/uploads\/2021\/11\/3-768x1156.jpg 768w, https:\/\/coffeehome.vn\/wp-content\/uploads\/2021\/11\/3-600x903.jpg 600w\" sizes=\"(max-width: 790px) 100vw, 790px\" \/> <img loading=\"lazy\" class=\"aligncenter size-full wp-image-12500\" src=\"https:\/\/coffeehome.vn\/wp-content\/uploads\/2021\/11\/4.jpg\" alt=\"\" width=\"790\" height=\"527\" srcset=\"https:\/\/coffeehome.vn\/wp-content\/uploads\/2021\/11\/4.jpg 790w, https:\/\/coffeehome.vn\/wp-content\/uploads\/2021\/11\/4-300x200.jpg 300w, https:\/\/coffeehome.vn\/wp-content\/uploads\/2021\/11\/4-768x512.jpg 768w, https:\/\/coffeehome.vn\/wp-content\/uploads\/2021\/11\/4-600x400.jpg 600w\" sizes=\"(max-width: 790px) 100vw, 790px\" \/> <img loading=\"lazy\" class=\"aligncenter size-full wp-image-12501\" src=\"https:\/\/coffeehome.vn\/wp-content\/uploads\/2021\/11\/5.jpg\" alt=\"\" width=\"790\" height=\"1042\" srcset=\"https:\/\/coffeehome.vn\/wp-content\/uploads\/2021\/11\/5.jpg 790w, https:\/\/coffeehome.vn\/wp-content\/uploads\/2021\/11\/5-227x300.jpg 227w, https:\/\/coffeehome.vn\/wp-content\/uploads\/2021\/11\/5-776x1024.jpg 776w, https:\/\/coffeehome.vn\/wp-content\/uploads\/2021\/11\/5-768x1013.jpg 768w, https:\/\/coffeehome.vn\/wp-content\/uploads\/2021\/11\/5-600x791.jpg 600w\" sizes=\"(max-width: 790px) 100vw, 790px\" \/> <img loading=\"lazy\" class=\"aligncenter size-full wp-image-12502\" src=\"https:\/\/coffeehome.vn\/wp-content\/uploads\/2021\/11\/6.jpg\" alt=\"\" width=\"790\" height=\"759\" srcset=\"https:\/\/coffeehome.vn\/wp-content\/uploads\/2021\/11\/6.jpg 790w, https:\/\/coffeehome.vn\/wp-content\/uploads\/2021\/11\/6-300x288.jpg 300w, https:\/\/coffeehome.vn\/wp-content\/uploads\/2021\/11\/6-768x738.jpg 768w, https:\/\/coffeehome.vn\/wp-content\/uploads\/2021\/11\/6-600x576.jpg 600w\" sizes=\"(max-width: 790px) 100vw, 790px\" \/><\/p>\n","protected":false},"excerpt":{"rendered":"<p>Ch\u1ea5t li\u1ec7u g\u1ed1m s\u1ee9 tinh t\u1ebf, s\u1eed d\u1ee5ng l\u00e0m c\u1ed1c l\u1ecdc c\u00e0 ph\u00ea V60 k\u1ebft h\u1ee3p l\u00e0m \u0111\u1ed3 trang tr\u00ed tinh t\u1ebf cho n\u1ed9i th\u1ea5t.<\/p>\n<p>V\u1ebb \u0111\u1eb9p k\u1ebft h\u1ee3p v\u1edbi c\u00e0 ph\u00ea nguy\u00ean ch\u1ea5t mang l\u1ea1i c\u1ea3m gi\u00e1c tr\u00e0n \u0111\u1ea7y n\u0103ng l\u01b0\u1ee3ng.<\/p>\n","protected":false},"featured_media":12503,"comment_status":"open","ping_status":"closed","template":"","meta":{"om_disable_all_campaigns":false,"_monsterinsights_skip_tracking":false,"_monsterinsights_sitenote_active":false,"_monsterinsights_sitenote_note":"","_monsterinsights_sitenote_category":0},"product_cat":[199,204,196,198],"product_tag":[],"_links":{"self":[{"href":"https:\/\/coffeehome.vn\/index.php\/wp-json\/wp\/v2\/product\/12496"}],"collection":[{"href":"https:\/\/coffeehome.vn\/index.php\/wp-json\/wp\/v2\/product"}],"about":[{"href":"https:\/\/coffeehome.vn\/index.php\/wp-json\/wp\/v2\/types\/product"}],"replies":[{"embeddable":true,"href":"https:\/\/coffeehome.vn\/index.php\/wp-json\/wp\/v2\/comments?post=12496"}],"wp:featuredmedia":[{"embeddable":true,"href":"https:\/\/coffeehome.vn\/index.php\/wp-json\/wp\/v2\/media\/12503"}],"wp:attachment":[{"href":"https:\/\/coffeehome.vn\/index.php\/wp-json\/wp\/v2\/media?parent=12496"}],"wp:term":[{"taxonomy":"product_cat","embeddable":true,"href":"https:\/\/coffeehome.vn\/index.php\/wp-json\/wp\/v2\/product_cat?post=12496"},{"taxonomy":"product_tag","embeddable":true,"href":"https:\/\/coffeehome.vn\/index.php\/wp-json\/wp\/v2\/product_tag?post=12496"}],"curies":[{"name":"wp","href":"https:\/\/api.w.org\/{rel}","templated":true}]}}