{"id":12749,"date":"2021-11-04T07:46:49","date_gmt":"2021-11-04T00:46:49","guid":{"rendered":"https:\/\/coffeehome.vn\/?post_type=product&#038;p=12749"},"modified":"2023-05-12T16:05:28","modified_gmt":"2023-05-12T09:05:28","slug":"coc-loc-ca-phe-co-gia-do-ceceme","status":"publish","type":"product","link":"https:\/\/coffeehome.vn\/index.php\/product\/coc-loc-ca-phe-co-gia-do-ceceme\/","title":{"rendered":"C\u1ed1c l\u1ecdc C\u00e0 ph\u00ea c\u00f3 Gi\u00e1 \u0111\u1ee1 &#8211; Ceceme"},"content":{"rendered":"<p><img loading=\"lazy\" class=\"aligncenter size-full wp-image-12750\" src=\"https:\/\/coffeehome.vn\/wp-content\/uploads\/2021\/11\/1-8.jpg\" alt=\"\" width=\"790\" height=\"950\" srcset=\"https:\/\/coffeehome.vn\/wp-content\/uploads\/2021\/11\/1-8.jpg 790w, https:\/\/coffeehome.vn\/wp-content\/uploads\/2021\/11\/1-8-249x300.jpg 249w, https:\/\/coffeehome.vn\/wp-content\/uploads\/2021\/11\/1-8-768x924.jpg 768w, https:\/\/coffeehome.vn\/wp-content\/uploads\/2021\/11\/1-8-600x722.jpg 600w\" sizes=\"(max-width: 790px) 100vw, 790px\" \/> <img loading=\"lazy\" class=\"aligncenter size-full wp-image-12751\" src=\"https:\/\/coffeehome.vn\/wp-content\/uploads\/2021\/11\/2-8.jpg\" alt=\"\" width=\"790\" height=\"1035\" srcset=\"https:\/\/coffeehome.vn\/wp-content\/uploads\/2021\/11\/2-8.jpg 790w, https:\/\/coffeehome.vn\/wp-content\/uploads\/2021\/11\/2-8-229x300.jpg 229w, https:\/\/coffeehome.vn\/wp-content\/uploads\/2021\/11\/2-8-782x1024.jpg 782w, https:\/\/coffeehome.vn\/wp-content\/uploads\/2021\/11\/2-8-768x1006.jpg 768w, https:\/\/coffeehome.vn\/wp-content\/uploads\/2021\/11\/2-8-600x786.jpg 600w\" sizes=\"(max-width: 790px) 100vw, 790px\" \/> <img loading=\"lazy\" class=\"aligncenter size-full wp-image-12752\" src=\"https:\/\/coffeehome.vn\/wp-content\/uploads\/2021\/11\/3-8.jpg\" alt=\"\" width=\"790\" height=\"892\" srcset=\"https:\/\/coffeehome.vn\/wp-content\/uploads\/2021\/11\/3-8.jpg 790w, https:\/\/coffeehome.vn\/wp-content\/uploads\/2021\/11\/3-8-266x300.jpg 266w, https:\/\/coffeehome.vn\/wp-content\/uploads\/2021\/11\/3-8-768x867.jpg 768w, https:\/\/coffeehome.vn\/wp-content\/uploads\/2021\/11\/3-8-600x677.jpg 600w\" sizes=\"(max-width: 790px) 100vw, 790px\" \/> <img loading=\"lazy\" class=\"aligncenter size-full wp-image-12753\" src=\"https:\/\/coffeehome.vn\/wp-content\/uploads\/2021\/11\/4-8.jpg\" alt=\"\" width=\"790\" height=\"1033\" srcset=\"https:\/\/coffeehome.vn\/wp-content\/uploads\/2021\/11\/4-8.jpg 790w, https:\/\/coffeehome.vn\/wp-content\/uploads\/2021\/11\/4-8-229x300.jpg 229w, https:\/\/coffeehome.vn\/wp-content\/uploads\/2021\/11\/4-8-783x1024.jpg 783w, https:\/\/coffeehome.vn\/wp-content\/uploads\/2021\/11\/4-8-768x1004.jpg 768w, https:\/\/coffeehome.vn\/wp-content\/uploads\/2021\/11\/4-8-600x785.jpg 600w\" sizes=\"(max-width: 790px) 100vw, 790px\" \/> <img loading=\"lazy\" class=\"aligncenter size-full wp-image-12754\" src=\"https:\/\/coffeehome.vn\/wp-content\/uploads\/2021\/11\/5-8.jpg\" alt=\"\" width=\"790\" height=\"617\" srcset=\"https:\/\/coffeehome.vn\/wp-content\/uploads\/2021\/11\/5-8.jpg 790w, https:\/\/coffeehome.vn\/wp-content\/uploads\/2021\/11\/5-8-300x234.jpg 300w, https:\/\/coffeehome.vn\/wp-content\/uploads\/2021\/11\/5-8-768x600.jpg 768w, https:\/\/coffeehome.vn\/wp-content\/uploads\/2021\/11\/5-8-600x469.jpg 600w\" sizes=\"(max-width: 790px) 100vw, 790px\" \/> <img loading=\"lazy\" class=\"aligncenter size-full wp-image-12755\" src=\"https:\/\/coffeehome.vn\/wp-content\/uploads\/2021\/11\/6-8.jpg\" alt=\"\" width=\"790\" height=\"1061\" srcset=\"https:\/\/coffeehome.vn\/wp-content\/uploads\/2021\/11\/6-8.jpg 790w, https:\/\/coffeehome.vn\/wp-content\/uploads\/2021\/11\/6-8-223x300.jpg 223w, https:\/\/coffeehome.vn\/wp-content\/uploads\/2021\/11\/6-8-762x1024.jpg 762w, https:\/\/coffeehome.vn\/wp-content\/uploads\/2021\/11\/6-8-768x1031.jpg 768w, https:\/\/coffeehome.vn\/wp-content\/uploads\/2021\/11\/6-8-600x806.jpg 600w\" sizes=\"(max-width: 790px) 100vw, 790px\" \/> <img loading=\"lazy\" class=\"aligncenter size-full wp-image-12756\" src=\"https:\/\/coffeehome.vn\/wp-content\/uploads\/2021\/11\/7-7.jpg\" alt=\"\" width=\"790\" height=\"1420\" srcset=\"https:\/\/coffeehome.vn\/wp-content\/uploads\/2021\/11\/7-7.jpg 790w, https:\/\/coffeehome.vn\/wp-content\/uploads\/2021\/11\/7-7-167x300.jpg 167w, https:\/\/coffeehome.vn\/wp-content\/uploads\/2021\/11\/7-7-570x1024.jpg 570w, https:\/\/coffeehome.vn\/wp-content\/uploads\/2021\/11\/7-7-768x1380.jpg 768w, https:\/\/coffeehome.vn\/wp-content\/uploads\/2021\/11\/7-7-600x1078.jpg 600w\" sizes=\"(max-width: 790px) 100vw, 790px\" \/> <img loading=\"lazy\" class=\"aligncenter size-full wp-image-12757\" src=\"https:\/\/coffeehome.vn\/wp-content\/uploads\/2021\/11\/8-6.jpg\" alt=\"\" width=\"790\" height=\"914\" srcset=\"https:\/\/coffeehome.vn\/wp-content\/uploads\/2021\/11\/8-6.jpg 790w, https:\/\/coffeehome.vn\/wp-content\/uploads\/2021\/11\/8-6-259x300.jpg 259w, https:\/\/coffeehome.vn\/wp-content\/uploads\/2021\/11\/8-6-768x889.jpg 768w, https:\/\/coffeehome.vn\/wp-content\/uploads\/2021\/11\/8-6-600x694.jpg 600w\" sizes=\"(max-width: 790px) 100vw, 790px\" \/> <img loading=\"lazy\" class=\"aligncenter size-full wp-image-12758\" src=\"https:\/\/coffeehome.vn\/wp-content\/uploads\/2021\/11\/9-6.jpg\" alt=\"\" width=\"790\" height=\"1160\" srcset=\"https:\/\/coffeehome.vn\/wp-content\/uploads\/2021\/11\/9-6.jpg 790w, https:\/\/coffeehome.vn\/wp-content\/uploads\/2021\/11\/9-6-204x300.jpg 204w, https:\/\/coffeehome.vn\/wp-content\/uploads\/2021\/11\/9-6-697x1024.jpg 697w, https:\/\/coffeehome.vn\/wp-content\/uploads\/2021\/11\/9-6-768x1128.jpg 768w, https:\/\/coffeehome.vn\/wp-content\/uploads\/2021\/11\/9-6-600x881.jpg 600w\" sizes=\"(max-width: 790px) 100vw, 790px\" \/> <img loading=\"lazy\" class=\"aligncenter size-full wp-image-12759\" src=\"https:\/\/coffeehome.vn\/wp-content\/uploads\/2021\/11\/10-4.jpg\" alt=\"\" width=\"790\" height=\"1076\" srcset=\"https:\/\/coffeehome.vn\/wp-content\/uploads\/2021\/11\/10-4.jpg 790w, https:\/\/coffeehome.vn\/wp-content\/uploads\/2021\/11\/10-4-220x300.jpg 220w, https:\/\/coffeehome.vn\/wp-content\/uploads\/2021\/11\/10-4-752x1024.jpg 752w, https:\/\/coffeehome.vn\/wp-content\/uploads\/2021\/11\/10-4-768x1046.jpg 768w, https:\/\/coffeehome.vn\/wp-content\/uploads\/2021\/11\/10-4-600x817.jpg 600w\" sizes=\"(max-width: 790px) 100vw, 790px\" \/> <img loading=\"lazy\" class=\"aligncenter size-full wp-image-12760\" src=\"https:\/\/coffeehome.vn\/wp-content\/uploads\/2021\/11\/12-3.jpg\" alt=\"\" width=\"790\" height=\"1041\" srcset=\"https:\/\/coffeehome.vn\/wp-content\/uploads\/2021\/11\/12-3.jpg 790w, https:\/\/coffeehome.vn\/wp-content\/uploads\/2021\/11\/12-3-228x300.jpg 228w, https:\/\/coffeehome.vn\/wp-content\/uploads\/2021\/11\/12-3-777x1024.jpg 777w, https:\/\/coffeehome.vn\/wp-content\/uploads\/2021\/11\/12-3-768x1012.jpg 768w, https:\/\/coffeehome.vn\/wp-content\/uploads\/2021\/11\/12-3-600x791.jpg 600w\" sizes=\"(max-width: 790px) 100vw, 790px\" \/> <img loading=\"lazy\" class=\"aligncenter size-full wp-image-12761\" src=\"https:\/\/coffeehome.vn\/wp-content\/uploads\/2021\/11\/13-3.jpg\" alt=\"\" width=\"790\" height=\"605\" srcset=\"https:\/\/coffeehome.vn\/wp-content\/uploads\/2021\/11\/13-3.jpg 790w, https:\/\/coffeehome.vn\/wp-content\/uploads\/2021\/11\/13-3-300x230.jpg 300w, https:\/\/coffeehome.vn\/wp-content\/uploads\/2021\/11\/13-3-768x588.jpg 768w, https:\/\/coffeehome.vn\/wp-content\/uploads\/2021\/11\/13-3-600x459.jpg 600w\" sizes=\"(max-width: 790px) 100vw, 790px\" \/> <img loading=\"lazy\" class=\"aligncenter size-full wp-image-12762\" src=\"https:\/\/coffeehome.vn\/wp-content\/uploads\/2021\/11\/14-1.jpg\" alt=\"\" width=\"790\" height=\"989\" srcset=\"https:\/\/coffeehome.vn\/wp-content\/uploads\/2021\/11\/14-1.jpg 790w, https:\/\/coffeehome.vn\/wp-content\/uploads\/2021\/11\/14-1-240x300.jpg 240w, https:\/\/coffeehome.vn\/wp-content\/uploads\/2021\/11\/14-1-768x961.jpg 768w, https:\/\/coffeehome.vn\/wp-content\/uploads\/2021\/11\/14-1-600x751.jpg 600w\" sizes=\"(max-width: 790px) 100vw, 790px\" \/> <img loading=\"lazy\" class=\"aligncenter size-full wp-image-12763\" src=\"https:\/\/coffeehome.vn\/wp-content\/uploads\/2021\/11\/15-1.jpg\" alt=\"\" width=\"790\" height=\"1083\" srcset=\"https:\/\/coffeehome.vn\/wp-content\/uploads\/2021\/11\/15-1.jpg 790w, https:\/\/coffeehome.vn\/wp-content\/uploads\/2021\/11\/15-1-219x300.jpg 219w, https:\/\/coffeehome.vn\/wp-content\/uploads\/2021\/11\/15-1-747x1024.jpg 747w, https:\/\/coffeehome.vn\/wp-content\/uploads\/2021\/11\/15-1-768x1053.jpg 768w, https:\/\/coffeehome.vn\/wp-content\/uploads\/2021\/11\/15-1-600x823.jpg 600w\" sizes=\"(max-width: 790px) 100vw, 790px\" \/><\/p>\n","protected":false},"excerpt":{"rendered":"","protected":false},"featured_media":12798,"comment_status":"open","ping_status":"closed","template":"","meta":{"om_disable_all_campaigns":false,"_monsterinsights_skip_tracking":false,"_monsterinsights_sitenote_active":false,"_monsterinsights_sitenote_note":"","_monsterinsights_sitenote_category":0},"product_cat":[204,196,195,197],"product_tag":[],"_links":{"self":[{"href":"https:\/\/coffeehome.vn\/index.php\/wp-json\/wp\/v2\/product\/12749"}],"collection":[{"href":"https:\/\/coffeehome.vn\/index.php\/wp-json\/wp\/v2\/product"}],"about":[{"href":"https:\/\/coffeehome.vn\/index.php\/wp-json\/wp\/v2\/types\/product"}],"replies":[{"embeddable":true,"href":"https:\/\/coffeehome.vn\/index.php\/wp-json\/wp\/v2\/comments?post=12749"}],"wp:featuredmedia":[{"embeddable":true,"href":"https:\/\/coffeehome.vn\/index.php\/wp-json\/wp\/v2\/media\/12798"}],"wp:attachment":[{"href":"https:\/\/coffeehome.vn\/index.php\/wp-json\/wp\/v2\/media?parent=12749"}],"wp:term":[{"taxonomy":"product_cat","embeddable":true,"href":"https:\/\/coffeehome.vn\/index.php\/wp-json\/wp\/v2\/product_cat?post=12749"},{"taxonomy":"product_tag","embeddable":true,"href":"https:\/\/coffeehome.vn\/index.php\/wp-json\/wp\/v2\/product_tag?post=12749"}],"curies":[{"name":"wp","href":"https:\/\/api.w.org\/{rel}","templated":true}]}}