{"id":12799,"date":"2021-11-04T07:54:00","date_gmt":"2021-11-04T00:54:00","guid":{"rendered":"https:\/\/coffeehome.vn\/?post_type=product&#038;p=12799"},"modified":"2021-11-04T07:54:00","modified_gmt":"2021-11-04T00:54:00","slug":"coc-loc-ca-phe-mau-den-gom-su-ceceme","status":"publish","type":"product","link":"https:\/\/coffeehome.vn\/index.php\/product\/coc-loc-ca-phe-mau-den-gom-su-ceceme\/","title":{"rendered":"C\u1ed1c l\u1ecdc c\u00e0 ph\u00ea m\u00e0u \u0111en g\u1ed1m s\u1ee9 &#8211; Ceceme"},"content":{"rendered":"<p><img loading=\"lazy\" class=\"aligncenter size-full wp-image-12800\" src=\"https:\/\/coffeehome.vn\/wp-content\/uploads\/2021\/11\/1-9.jpg\" alt=\"\" width=\"790\" height=\"480\" srcset=\"https:\/\/coffeehome.vn\/wp-content\/uploads\/2021\/11\/1-9.jpg 790w, https:\/\/coffeehome.vn\/wp-content\/uploads\/2021\/11\/1-9-300x182.jpg 300w, https:\/\/coffeehome.vn\/wp-content\/uploads\/2021\/11\/1-9-768x467.jpg 768w, https:\/\/coffeehome.vn\/wp-content\/uploads\/2021\/11\/1-9-600x365.jpg 600w\" sizes=\"(max-width: 790px) 100vw, 790px\" \/> <img loading=\"lazy\" class=\"aligncenter size-full wp-image-12801\" src=\"https:\/\/coffeehome.vn\/wp-content\/uploads\/2021\/11\/2-9.jpg\" alt=\"\" width=\"790\" height=\"932\" srcset=\"https:\/\/coffeehome.vn\/wp-content\/uploads\/2021\/11\/2-9.jpg 790w, https:\/\/coffeehome.vn\/wp-content\/uploads\/2021\/11\/2-9-254x300.jpg 254w, https:\/\/coffeehome.vn\/wp-content\/uploads\/2021\/11\/2-9-768x906.jpg 768w, https:\/\/coffeehome.vn\/wp-content\/uploads\/2021\/11\/2-9-600x708.jpg 600w\" sizes=\"(max-width: 790px) 100vw, 790px\" \/> <img loading=\"lazy\" class=\"aligncenter size-full wp-image-12802\" src=\"https:\/\/coffeehome.vn\/wp-content\/uploads\/2021\/11\/3-9.jpg\" alt=\"\" width=\"790\" height=\"1207\" srcset=\"https:\/\/coffeehome.vn\/wp-content\/uploads\/2021\/11\/3-9.jpg 790w, https:\/\/coffeehome.vn\/wp-content\/uploads\/2021\/11\/3-9-196x300.jpg 196w, https:\/\/coffeehome.vn\/wp-content\/uploads\/2021\/11\/3-9-670x1024.jpg 670w, https:\/\/coffeehome.vn\/wp-content\/uploads\/2021\/11\/3-9-768x1173.jpg 768w, https:\/\/coffeehome.vn\/wp-content\/uploads\/2021\/11\/3-9-600x917.jpg 600w\" sizes=\"(max-width: 790px) 100vw, 790px\" \/> <img loading=\"lazy\" class=\"aligncenter size-full wp-image-12803\" src=\"https:\/\/coffeehome.vn\/wp-content\/uploads\/2021\/11\/4-9.jpg\" alt=\"\" width=\"790\" height=\"1033\" srcset=\"https:\/\/coffeehome.vn\/wp-content\/uploads\/2021\/11\/4-9.jpg 790w, https:\/\/coffeehome.vn\/wp-content\/uploads\/2021\/11\/4-9-229x300.jpg 229w, https:\/\/coffeehome.vn\/wp-content\/uploads\/2021\/11\/4-9-783x1024.jpg 783w, https:\/\/coffeehome.vn\/wp-content\/uploads\/2021\/11\/4-9-768x1004.jpg 768w, https:\/\/coffeehome.vn\/wp-content\/uploads\/2021\/11\/4-9-600x785.jpg 600w\" sizes=\"(max-width: 790px) 100vw, 790px\" \/> <img loading=\"lazy\" class=\"aligncenter size-full wp-image-12804\" src=\"https:\/\/coffeehome.vn\/wp-content\/uploads\/2021\/11\/5-9.jpg\" alt=\"\" width=\"790\" height=\"988\" srcset=\"https:\/\/coffeehome.vn\/wp-content\/uploads\/2021\/11\/5-9.jpg 790w, https:\/\/coffeehome.vn\/wp-content\/uploads\/2021\/11\/5-9-240x300.jpg 240w, https:\/\/coffeehome.vn\/wp-content\/uploads\/2021\/11\/5-9-768x960.jpg 768w, https:\/\/coffeehome.vn\/wp-content\/uploads\/2021\/11\/5-9-600x750.jpg 600w\" sizes=\"(max-width: 790px) 100vw, 790px\" \/> <img loading=\"lazy\" class=\"aligncenter size-full wp-image-12805\" src=\"https:\/\/coffeehome.vn\/wp-content\/uploads\/2021\/11\/6-9.jpg\" alt=\"\" width=\"790\" height=\"1111\" srcset=\"https:\/\/coffeehome.vn\/wp-content\/uploads\/2021\/11\/6-9.jpg 790w, https:\/\/coffeehome.vn\/wp-content\/uploads\/2021\/11\/6-9-213x300.jpg 213w, https:\/\/coffeehome.vn\/wp-content\/uploads\/2021\/11\/6-9-728x1024.jpg 728w, https:\/\/coffeehome.vn\/wp-content\/uploads\/2021\/11\/6-9-768x1080.jpg 768w, https:\/\/coffeehome.vn\/wp-content\/uploads\/2021\/11\/6-9-600x844.jpg 600w\" sizes=\"(max-width: 790px) 100vw, 790px\" \/> <img loading=\"lazy\" class=\"aligncenter size-full wp-image-12806\" src=\"https:\/\/coffeehome.vn\/wp-content\/uploads\/2021\/11\/7-8.jpg\" alt=\"\" width=\"790\" height=\"720\" srcset=\"https:\/\/coffeehome.vn\/wp-content\/uploads\/2021\/11\/7-8.jpg 790w, https:\/\/coffeehome.vn\/wp-content\/uploads\/2021\/11\/7-8-300x273.jpg 300w, https:\/\/coffeehome.vn\/wp-content\/uploads\/2021\/11\/7-8-768x700.jpg 768w, https:\/\/coffeehome.vn\/wp-content\/uploads\/2021\/11\/7-8-600x547.jpg 600w\" sizes=\"(max-width: 790px) 100vw, 790px\" \/> <img loading=\"lazy\" class=\"aligncenter size-full wp-image-12807\" src=\"https:\/\/coffeehome.vn\/wp-content\/uploads\/2021\/11\/8-7.jpg\" alt=\"\" width=\"790\" height=\"776\" srcset=\"https:\/\/coffeehome.vn\/wp-content\/uploads\/2021\/11\/8-7.jpg 790w, https:\/\/coffeehome.vn\/wp-content\/uploads\/2021\/11\/8-7-300x295.jpg 300w, https:\/\/coffeehome.vn\/wp-content\/uploads\/2021\/11\/8-7-768x754.jpg 768w, https:\/\/coffeehome.vn\/wp-content\/uploads\/2021\/11\/8-7-600x589.jpg 600w\" sizes=\"(max-width: 790px) 100vw, 790px\" \/> <img loading=\"lazy\" class=\"aligncenter size-full wp-image-12808\" src=\"https:\/\/coffeehome.vn\/wp-content\/uploads\/2021\/11\/9-7.jpg\" alt=\"\" width=\"790\" height=\"973\" srcset=\"https:\/\/coffeehome.vn\/wp-content\/uploads\/2021\/11\/9-7.jpg 790w, https:\/\/coffeehome.vn\/wp-content\/uploads\/2021\/11\/9-7-244x300.jpg 244w, https:\/\/coffeehome.vn\/wp-content\/uploads\/2021\/11\/9-7-768x946.jpg 768w, https:\/\/coffeehome.vn\/wp-content\/uploads\/2021\/11\/9-7-600x739.jpg 600w\" sizes=\"(max-width: 790px) 100vw, 790px\" \/> <img loading=\"lazy\" class=\"aligncenter size-full wp-image-12809\" src=\"https:\/\/coffeehome.vn\/wp-content\/uploads\/2021\/11\/10-5.jpg\" alt=\"\" width=\"790\" height=\"760\" srcset=\"https:\/\/coffeehome.vn\/wp-content\/uploads\/2021\/11\/10-5.jpg 790w, https:\/\/coffeehome.vn\/wp-content\/uploads\/2021\/11\/10-5-300x289.jpg 300w, https:\/\/coffeehome.vn\/wp-content\/uploads\/2021\/11\/10-5-768x739.jpg 768w, https:\/\/coffeehome.vn\/wp-content\/uploads\/2021\/11\/10-5-600x577.jpg 600w\" sizes=\"(max-width: 790px) 100vw, 790px\" \/> <img loading=\"lazy\" class=\"aligncenter size-full wp-image-12810\" src=\"https:\/\/coffeehome.vn\/wp-content\/uploads\/2021\/11\/11-3.jpg\" alt=\"\" width=\"790\" height=\"850\" srcset=\"https:\/\/coffeehome.vn\/wp-content\/uploads\/2021\/11\/11-3.jpg 790w, https:\/\/coffeehome.vn\/wp-content\/uploads\/2021\/11\/11-3-279x300.jpg 279w, https:\/\/coffeehome.vn\/wp-content\/uploads\/2021\/11\/11-3-768x826.jpg 768w, https:\/\/coffeehome.vn\/wp-content\/uploads\/2021\/11\/11-3-600x646.jpg 600w\" sizes=\"(max-width: 790px) 100vw, 790px\" \/><\/p>\n","protected":false},"excerpt":{"rendered":"","protected":false},"featured_media":12811,"comment_status":"open","ping_status":"closed","template":"","meta":{"om_disable_all_campaigns":false,"_monsterinsights_skip_tracking":false,"_monsterinsights_sitenote_active":false,"_monsterinsights_sitenote_note":"","_monsterinsights_sitenote_category":0},"product_cat":[200,204,196,197],"product_tag":[],"_links":{"self":[{"href":"https:\/\/coffeehome.vn\/index.php\/wp-json\/wp\/v2\/product\/12799"}],"collection":[{"href":"https:\/\/coffeehome.vn\/index.php\/wp-json\/wp\/v2\/product"}],"about":[{"href":"https:\/\/coffeehome.vn\/index.php\/wp-json\/wp\/v2\/types\/product"}],"replies":[{"embeddable":true,"href":"https:\/\/coffeehome.vn\/index.php\/wp-json\/wp\/v2\/comments?post=12799"}],"wp:featuredmedia":[{"embeddable":true,"href":"https:\/\/coffeehome.vn\/index.php\/wp-json\/wp\/v2\/media\/12811"}],"wp:attachment":[{"href":"https:\/\/coffeehome.vn\/index.php\/wp-json\/wp\/v2\/media?parent=12799"}],"wp:term":[{"taxonomy":"product_cat","embeddable":true,"href":"https:\/\/coffeehome.vn\/index.php\/wp-json\/wp\/v2\/product_cat?post=12799"},{"taxonomy":"product_tag","embeddable":true,"href":"https:\/\/coffeehome.vn\/index.php\/wp-json\/wp\/v2\/product_tag?post=12799"}],"curies":[{"name":"wp","href":"https:\/\/api.w.org\/{rel}","templated":true}]}}