{"id":13327,"date":"2021-11-20T17:48:19","date_gmt":"2021-11-20T10:48:19","guid":{"rendered":"https:\/\/coffeehome.vn\/?post_type=product&#038;p=13327"},"modified":"2021-11-20T17:48:19","modified_gmt":"2021-11-20T10:48:19","slug":"bo-san-pham-pha-ca-phe-3-mon-hero","status":"publish","type":"product","link":"https:\/\/coffeehome.vn\/index.php\/product\/bo-san-pham-pha-ca-phe-3-mon-hero\/","title":{"rendered":"B\u1ed9 S\u1ea3n Ph\u1ea9m Pha C\u00e0 Ph\u00ea 3 m\u00f3n &#8211; Hero"},"content":{"rendered":"<p><img loading=\"lazy\" class=\"aligncenter size-full wp-image-13328\" src=\"https:\/\/coffeehome.vn\/wp-content\/uploads\/2021\/11\/O1CN01a0BZhy1dq22pob3YX_924613786.jpg\" alt=\"\" width=\"790\" height=\"658\" srcset=\"https:\/\/coffeehome.vn\/wp-content\/uploads\/2021\/11\/O1CN01a0BZhy1dq22pob3YX_924613786.jpg 790w, https:\/\/coffeehome.vn\/wp-content\/uploads\/2021\/11\/O1CN01a0BZhy1dq22pob3YX_924613786-300x250.jpg 300w, https:\/\/coffeehome.vn\/wp-content\/uploads\/2021\/11\/O1CN01a0BZhy1dq22pob3YX_924613786-768x640.jpg 768w, https:\/\/coffeehome.vn\/wp-content\/uploads\/2021\/11\/O1CN01a0BZhy1dq22pob3YX_924613786-600x500.jpg 600w\" sizes=\"(max-width: 790px) 100vw, 790px\" \/> <img loading=\"lazy\" class=\"aligncenter size-full wp-image-13329\" src=\"https:\/\/coffeehome.vn\/wp-content\/uploads\/2021\/11\/O1CN01mYPB4r1dq22uIJO4p_924613786.jpg\" alt=\"\" width=\"790\" height=\"554\" srcset=\"https:\/\/coffeehome.vn\/wp-content\/uploads\/2021\/11\/O1CN01mYPB4r1dq22uIJO4p_924613786.jpg 790w, https:\/\/coffeehome.vn\/wp-content\/uploads\/2021\/11\/O1CN01mYPB4r1dq22uIJO4p_924613786-300x210.jpg 300w, https:\/\/coffeehome.vn\/wp-content\/uploads\/2021\/11\/O1CN01mYPB4r1dq22uIJO4p_924613786-768x539.jpg 768w, https:\/\/coffeehome.vn\/wp-content\/uploads\/2021\/11\/O1CN01mYPB4r1dq22uIJO4p_924613786-600x421.jpg 600w\" sizes=\"(max-width: 790px) 100vw, 790px\" \/> <img loading=\"lazy\" class=\"aligncenter size-full wp-image-13330\" src=\"https:\/\/coffeehome.vn\/wp-content\/uploads\/2021\/11\/O1CN01nVnEFx1dq22sKl3wC_924613786.jpg\" alt=\"\" width=\"790\" height=\"600\" srcset=\"https:\/\/coffeehome.vn\/wp-content\/uploads\/2021\/11\/O1CN01nVnEFx1dq22sKl3wC_924613786.jpg 790w, https:\/\/coffeehome.vn\/wp-content\/uploads\/2021\/11\/O1CN01nVnEFx1dq22sKl3wC_924613786-300x228.jpg 300w, https:\/\/coffeehome.vn\/wp-content\/uploads\/2021\/11\/O1CN01nVnEFx1dq22sKl3wC_924613786-768x583.jpg 768w, https:\/\/coffeehome.vn\/wp-content\/uploads\/2021\/11\/O1CN01nVnEFx1dq22sKl3wC_924613786-600x456.jpg 600w\" sizes=\"(max-width: 790px) 100vw, 790px\" \/> <img loading=\"lazy\" class=\"aligncenter size-full wp-image-13331\" src=\"https:\/\/coffeehome.vn\/wp-content\/uploads\/2021\/11\/O1CN01Rfbghv1dq22un7V1a_924613786.jpg\" alt=\"\" width=\"790\" height=\"818\" srcset=\"https:\/\/coffeehome.vn\/wp-content\/uploads\/2021\/11\/O1CN01Rfbghv1dq22un7V1a_924613786.jpg 790w, https:\/\/coffeehome.vn\/wp-content\/uploads\/2021\/11\/O1CN01Rfbghv1dq22un7V1a_924613786-290x300.jpg 290w, https:\/\/coffeehome.vn\/wp-content\/uploads\/2021\/11\/O1CN01Rfbghv1dq22un7V1a_924613786-768x795.jpg 768w, https:\/\/coffeehome.vn\/wp-content\/uploads\/2021\/11\/O1CN01Rfbghv1dq22un7V1a_924613786-600x621.jpg 600w\" sizes=\"(max-width: 790px) 100vw, 790px\" \/> <img loading=\"lazy\" class=\"aligncenter size-full wp-image-13332\" src=\"https:\/\/coffeehome.vn\/wp-content\/uploads\/2021\/11\/O1CN01uKKZ4r1dq22tMSeuD_924613786.jpg\" alt=\"\" width=\"790\" height=\"616\" srcset=\"https:\/\/coffeehome.vn\/wp-content\/uploads\/2021\/11\/O1CN01uKKZ4r1dq22tMSeuD_924613786.jpg 790w, https:\/\/coffeehome.vn\/wp-content\/uploads\/2021\/11\/O1CN01uKKZ4r1dq22tMSeuD_924613786-300x234.jpg 300w, https:\/\/coffeehome.vn\/wp-content\/uploads\/2021\/11\/O1CN01uKKZ4r1dq22tMSeuD_924613786-768x599.jpg 768w, https:\/\/coffeehome.vn\/wp-content\/uploads\/2021\/11\/O1CN01uKKZ4r1dq22tMSeuD_924613786-600x468.jpg 600w\" sizes=\"(max-width: 790px) 100vw, 790px\" \/> <img loading=\"lazy\" class=\"aligncenter size-full wp-image-13333\" src=\"https:\/\/coffeehome.vn\/wp-content\/uploads\/2021\/11\/O1CN01vTLLmJ1dq22sfhNwv_924613786.jpg\" alt=\"\" width=\"790\" height=\"737\" srcset=\"https:\/\/coffeehome.vn\/wp-content\/uploads\/2021\/11\/O1CN01vTLLmJ1dq22sfhNwv_924613786.jpg 790w, https:\/\/coffeehome.vn\/wp-content\/uploads\/2021\/11\/O1CN01vTLLmJ1dq22sfhNwv_924613786-300x280.jpg 300w, https:\/\/coffeehome.vn\/wp-content\/uploads\/2021\/11\/O1CN01vTLLmJ1dq22sfhNwv_924613786-768x716.jpg 768w, https:\/\/coffeehome.vn\/wp-content\/uploads\/2021\/11\/O1CN01vTLLmJ1dq22sfhNwv_924613786-600x560.jpg 600w\" sizes=\"(max-width: 790px) 100vw, 790px\" \/> <img loading=\"lazy\" class=\"aligncenter size-full wp-image-13334\" src=\"https:\/\/coffeehome.vn\/wp-content\/uploads\/2021\/11\/O1CN01vZWeEE1dq22uIH2Yg_924613786.jpg\" alt=\"\" width=\"790\" height=\"944\" srcset=\"https:\/\/coffeehome.vn\/wp-content\/uploads\/2021\/11\/O1CN01vZWeEE1dq22uIH2Yg_924613786.jpg 790w, https:\/\/coffeehome.vn\/wp-content\/uploads\/2021\/11\/O1CN01vZWeEE1dq22uIH2Yg_924613786-251x300.jpg 251w, https:\/\/coffeehome.vn\/wp-content\/uploads\/2021\/11\/O1CN01vZWeEE1dq22uIH2Yg_924613786-768x918.jpg 768w, https:\/\/coffeehome.vn\/wp-content\/uploads\/2021\/11\/O1CN01vZWeEE1dq22uIH2Yg_924613786-600x717.jpg 600w\" sizes=\"(max-width: 790px) 100vw, 790px\" \/> <img loading=\"lazy\" class=\"aligncenter size-full wp-image-13335\" src=\"https:\/\/coffeehome.vn\/wp-content\/uploads\/2021\/11\/O1CN01W8um4r1dq22tMRzKp_924613786.jpg\" alt=\"\" width=\"790\" height=\"966\" srcset=\"https:\/\/coffeehome.vn\/wp-content\/uploads\/2021\/11\/O1CN01W8um4r1dq22tMRzKp_924613786.jpg 790w, https:\/\/coffeehome.vn\/wp-content\/uploads\/2021\/11\/O1CN01W8um4r1dq22tMRzKp_924613786-245x300.jpg 245w, https:\/\/coffeehome.vn\/wp-content\/uploads\/2021\/11\/O1CN01W8um4r1dq22tMRzKp_924613786-768x939.jpg 768w, https:\/\/coffeehome.vn\/wp-content\/uploads\/2021\/11\/O1CN01W8um4r1dq22tMRzKp_924613786-600x734.jpg 600w\" sizes=\"(max-width: 790px) 100vw, 790px\" \/> <img loading=\"lazy\" class=\"aligncenter size-full wp-image-13336\" src=\"https:\/\/coffeehome.vn\/wp-content\/uploads\/2021\/11\/O1CN01Wot3m91dq22rOoPmY_924613786.jpg\" alt=\"\" width=\"790\" height=\"368\" srcset=\"https:\/\/coffeehome.vn\/wp-content\/uploads\/2021\/11\/O1CN01Wot3m91dq22rOoPmY_924613786.jpg 790w, https:\/\/coffeehome.vn\/wp-content\/uploads\/2021\/11\/O1CN01Wot3m91dq22rOoPmY_924613786-300x140.jpg 300w, https:\/\/coffeehome.vn\/wp-content\/uploads\/2021\/11\/O1CN01Wot3m91dq22rOoPmY_924613786-768x358.jpg 768w, https:\/\/coffeehome.vn\/wp-content\/uploads\/2021\/11\/O1CN01Wot3m91dq22rOoPmY_924613786-600x279.jpg 600w\" sizes=\"(max-width: 790px) 100vw, 790px\" \/> <img loading=\"lazy\" class=\"aligncenter size-full wp-image-13337\" src=\"https:\/\/coffeehome.vn\/wp-content\/uploads\/2021\/11\/O1CN01XxPa9E1dq22uIJ3Hj_924613786.jpg\" alt=\"\" width=\"790\" height=\"621\" srcset=\"https:\/\/coffeehome.vn\/wp-content\/uploads\/2021\/11\/O1CN01XxPa9E1dq22uIJ3Hj_924613786.jpg 790w, https:\/\/coffeehome.vn\/wp-content\/uploads\/2021\/11\/O1CN01XxPa9E1dq22uIJ3Hj_924613786-300x236.jpg 300w, https:\/\/coffeehome.vn\/wp-content\/uploads\/2021\/11\/O1CN01XxPa9E1dq22uIJ3Hj_924613786-768x604.jpg 768w, https:\/\/coffeehome.vn\/wp-content\/uploads\/2021\/11\/O1CN01XxPa9E1dq22uIJ3Hj_924613786-600x472.jpg 600w\" sizes=\"(max-width: 790px) 100vw, 790px\" \/> <img loading=\"lazy\" class=\"aligncenter size-full wp-image-13338\" src=\"https:\/\/coffeehome.vn\/wp-content\/uploads\/2021\/11\/O1CN01zFmaGA1dq22pR4QJW_924613786.jpg\" alt=\"\" width=\"790\" height=\"583\" srcset=\"https:\/\/coffeehome.vn\/wp-content\/uploads\/2021\/11\/O1CN01zFmaGA1dq22pR4QJW_924613786.jpg 790w, https:\/\/coffeehome.vn\/wp-content\/uploads\/2021\/11\/O1CN01zFmaGA1dq22pR4QJW_924613786-300x221.jpg 300w, https:\/\/coffeehome.vn\/wp-content\/uploads\/2021\/11\/O1CN01zFmaGA1dq22pR4QJW_924613786-768x567.jpg 768w, https:\/\/coffeehome.vn\/wp-content\/uploads\/2021\/11\/O1CN01zFmaGA1dq22pR4QJW_924613786-600x443.jpg 600w\" sizes=\"(max-width: 790px) 100vw, 790px\" \/> <img loading=\"lazy\" class=\"aligncenter size-full wp-image-13339\" src=\"https:\/\/coffeehome.vn\/wp-content\/uploads\/2021\/11\/O1CN018YQg6e1dq22un82Ii_924613786.jpg\" alt=\"\" width=\"790\" height=\"798\" srcset=\"https:\/\/coffeehome.vn\/wp-content\/uploads\/2021\/11\/O1CN018YQg6e1dq22un82Ii_924613786.jpg 790w, https:\/\/coffeehome.vn\/wp-content\/uploads\/2021\/11\/O1CN018YQg6e1dq22un82Ii_924613786-297x300.jpg 297w, https:\/\/coffeehome.vn\/wp-content\/uploads\/2021\/11\/O1CN018YQg6e1dq22un82Ii_924613786-768x776.jpg 768w, https:\/\/coffeehome.vn\/wp-content\/uploads\/2021\/11\/O1CN018YQg6e1dq22un82Ii_924613786-100x100.jpg 100w, https:\/\/coffeehome.vn\/wp-content\/uploads\/2021\/11\/O1CN018YQg6e1dq22un82Ii_924613786-600x606.jpg 600w\" sizes=\"(max-width: 790px) 100vw, 790px\" \/> <img loading=\"lazy\" class=\"aligncenter size-full wp-image-13340\" src=\"https:\/\/coffeehome.vn\/wp-content\/uploads\/2021\/11\/O1CN01312RBu1dq22uIIuxM_924613786.jpg\" alt=\"\" width=\"790\" height=\"811\" srcset=\"https:\/\/coffeehome.vn\/wp-content\/uploads\/2021\/11\/O1CN01312RBu1dq22uIIuxM_924613786.jpg 790w, https:\/\/coffeehome.vn\/wp-content\/uploads\/2021\/11\/O1CN01312RBu1dq22uIIuxM_924613786-292x300.jpg 292w, https:\/\/coffeehome.vn\/wp-content\/uploads\/2021\/11\/O1CN01312RBu1dq22uIIuxM_924613786-768x788.jpg 768w, https:\/\/coffeehome.vn\/wp-content\/uploads\/2021\/11\/O1CN01312RBu1dq22uIIuxM_924613786-600x616.jpg 600w\" sizes=\"(max-width: 790px) 100vw, 790px\" \/><\/p>\n","protected":false},"excerpt":{"rendered":"","protected":false},"featured_media":13341,"comment_status":"open","ping_status":"closed","template":"","meta":{"om_disable_all_campaigns":false,"_monsterinsights_skip_tracking":false,"_monsterinsights_sitenote_active":false,"_monsterinsights_sitenote_note":"","_monsterinsights_sitenote_category":0},"product_cat":[212,196,194],"product_tag":[],"_links":{"self":[{"href":"https:\/\/coffeehome.vn\/index.php\/wp-json\/wp\/v2\/product\/13327"}],"collection":[{"href":"https:\/\/coffeehome.vn\/index.php\/wp-json\/wp\/v2\/product"}],"about":[{"href":"https:\/\/coffeehome.vn\/index.php\/wp-json\/wp\/v2\/types\/product"}],"replies":[{"embeddable":true,"href":"https:\/\/coffeehome.vn\/index.php\/wp-json\/wp\/v2\/comments?post=13327"}],"wp:featuredmedia":[{"embeddable":true,"href":"https:\/\/coffeehome.vn\/index.php\/wp-json\/wp\/v2\/media\/13341"}],"wp:attachment":[{"href":"https:\/\/coffeehome.vn\/index.php\/wp-json\/wp\/v2\/media?parent=13327"}],"wp:term":[{"taxonomy":"product_cat","embeddable":true,"href":"https:\/\/coffeehome.vn\/index.php\/wp-json\/wp\/v2\/product_cat?post=13327"},{"taxonomy":"product_tag","embeddable":true,"href":"https:\/\/coffeehome.vn\/index.php\/wp-json\/wp\/v2\/product_tag?post=13327"}],"curies":[{"name":"wp","href":"https:\/\/api.w.org\/{rel}","templated":true}]}}