{"id":13770,"date":"2021-11-28T16:43:40","date_gmt":"2021-11-28T09:43:40","guid":{"rendered":"https:\/\/coffeehome.vn\/?post_type=product&#038;p=13770"},"modified":"2021-11-28T16:43:40","modified_gmt":"2021-11-28T09:43:40","slug":"may-xay-hat-ca-phe-rommelsbacher-ekg200","status":"publish","type":"product","link":"https:\/\/coffeehome.vn\/index.php\/product\/may-xay-hat-ca-phe-rommelsbacher-ekg200\/","title":{"rendered":"M\u00e1y Xay H\u1ea1t C\u00e0 Ph\u00ea &#8211; Rommelsbacher EKG200"},"content":{"rendered":"<p><img loading=\"lazy\" class=\"aligncenter size-full wp-image-13771\" src=\"https:\/\/coffeehome.vn\/wp-content\/uploads\/2021\/11\/anh-01.jpg\" alt=\"\" width=\"1000\" height=\"1000\" srcset=\"https:\/\/coffeehome.vn\/wp-content\/uploads\/2021\/11\/anh-01.jpg 1000w, https:\/\/coffeehome.vn\/wp-content\/uploads\/2021\/11\/anh-01-300x300.jpg 300w, https:\/\/coffeehome.vn\/wp-content\/uploads\/2021\/11\/anh-01-150x150.jpg 150w, https:\/\/coffeehome.vn\/wp-content\/uploads\/2021\/11\/anh-01-768x768.jpg 768w, https:\/\/coffeehome.vn\/wp-content\/uploads\/2021\/11\/anh-01-610x610.jpg 610w, https:\/\/coffeehome.vn\/wp-content\/uploads\/2021\/11\/anh-01-100x100.jpg 100w, https:\/\/coffeehome.vn\/wp-content\/uploads\/2021\/11\/anh-01-600x600.jpg 600w\" sizes=\"(max-width: 1000px) 100vw, 1000px\" \/> <img loading=\"lazy\" class=\"aligncenter size-full wp-image-13772\" src=\"https:\/\/coffeehome.vn\/wp-content\/uploads\/2021\/11\/anh-02.jpg\" alt=\"\" width=\"1000\" height=\"1000\" srcset=\"https:\/\/coffeehome.vn\/wp-content\/uploads\/2021\/11\/anh-02.jpg 1000w, https:\/\/coffeehome.vn\/wp-content\/uploads\/2021\/11\/anh-02-300x300.jpg 300w, https:\/\/coffeehome.vn\/wp-content\/uploads\/2021\/11\/anh-02-150x150.jpg 150w, https:\/\/coffeehome.vn\/wp-content\/uploads\/2021\/11\/anh-02-768x768.jpg 768w, https:\/\/coffeehome.vn\/wp-content\/uploads\/2021\/11\/anh-02-610x610.jpg 610w, https:\/\/coffeehome.vn\/wp-content\/uploads\/2021\/11\/anh-02-100x100.jpg 100w, https:\/\/coffeehome.vn\/wp-content\/uploads\/2021\/11\/anh-02-600x600.jpg 600w\" sizes=\"(max-width: 1000px) 100vw, 1000px\" \/> <img loading=\"lazy\" class=\"aligncenter size-full wp-image-13773\" src=\"https:\/\/coffeehome.vn\/wp-content\/uploads\/2021\/11\/anh-03.jpg\" alt=\"\" width=\"1000\" height=\"1000\" srcset=\"https:\/\/coffeehome.vn\/wp-content\/uploads\/2021\/11\/anh-03.jpg 1000w, https:\/\/coffeehome.vn\/wp-content\/uploads\/2021\/11\/anh-03-300x300.jpg 300w, https:\/\/coffeehome.vn\/wp-content\/uploads\/2021\/11\/anh-03-150x150.jpg 150w, https:\/\/coffeehome.vn\/wp-content\/uploads\/2021\/11\/anh-03-768x768.jpg 768w, https:\/\/coffeehome.vn\/wp-content\/uploads\/2021\/11\/anh-03-610x610.jpg 610w, https:\/\/coffeehome.vn\/wp-content\/uploads\/2021\/11\/anh-03-100x100.jpg 100w, https:\/\/coffeehome.vn\/wp-content\/uploads\/2021\/11\/anh-03-600x600.jpg 600w\" sizes=\"(max-width: 1000px) 100vw, 1000px\" \/> <img loading=\"lazy\" class=\"aligncenter size-full wp-image-13774\" src=\"https:\/\/coffeehome.vn\/wp-content\/uploads\/2021\/11\/anh-04.jpg\" alt=\"\" width=\"1000\" height=\"1000\" srcset=\"https:\/\/coffeehome.vn\/wp-content\/uploads\/2021\/11\/anh-04.jpg 1000w, https:\/\/coffeehome.vn\/wp-content\/uploads\/2021\/11\/anh-04-300x300.jpg 300w, https:\/\/coffeehome.vn\/wp-content\/uploads\/2021\/11\/anh-04-150x150.jpg 150w, https:\/\/coffeehome.vn\/wp-content\/uploads\/2021\/11\/anh-04-768x768.jpg 768w, https:\/\/coffeehome.vn\/wp-content\/uploads\/2021\/11\/anh-04-610x610.jpg 610w, https:\/\/coffeehome.vn\/wp-content\/uploads\/2021\/11\/anh-04-100x100.jpg 100w, https:\/\/coffeehome.vn\/wp-content\/uploads\/2021\/11\/anh-04-600x600.jpg 600w\" sizes=\"(max-width: 1000px) 100vw, 1000px\" \/> <img loading=\"lazy\" class=\"aligncenter size-full wp-image-13775\" src=\"https:\/\/coffeehome.vn\/wp-content\/uploads\/2021\/11\/ayy4bZle.jpg\" alt=\"\" width=\"1000\" height=\"1000\" srcset=\"https:\/\/coffeehome.vn\/wp-content\/uploads\/2021\/11\/ayy4bZle.jpg 1000w, https:\/\/coffeehome.vn\/wp-content\/uploads\/2021\/11\/ayy4bZle-300x300.jpg 300w, https:\/\/coffeehome.vn\/wp-content\/uploads\/2021\/11\/ayy4bZle-150x150.jpg 150w, https:\/\/coffeehome.vn\/wp-content\/uploads\/2021\/11\/ayy4bZle-768x768.jpg 768w, https:\/\/coffeehome.vn\/wp-content\/uploads\/2021\/11\/ayy4bZle-610x610.jpg 610w, https:\/\/coffeehome.vn\/wp-content\/uploads\/2021\/11\/ayy4bZle-100x100.jpg 100w, https:\/\/coffeehome.vn\/wp-content\/uploads\/2021\/11\/ayy4bZle-600x600.jpg 600w\" sizes=\"(max-width: 1000px) 100vw, 1000px\" \/> <img loading=\"lazy\" class=\"aligncenter size-full wp-image-13776\" src=\"https:\/\/coffeehome.vn\/wp-content\/uploads\/2021\/11\/f5WO4Lqt.jpg\" alt=\"\" width=\"1000\" height=\"1000\" srcset=\"https:\/\/coffeehome.vn\/wp-content\/uploads\/2021\/11\/f5WO4Lqt.jpg 1000w, https:\/\/coffeehome.vn\/wp-content\/uploads\/2021\/11\/f5WO4Lqt-300x300.jpg 300w, https:\/\/coffeehome.vn\/wp-content\/uploads\/2021\/11\/f5WO4Lqt-150x150.jpg 150w, https:\/\/coffeehome.vn\/wp-content\/uploads\/2021\/11\/f5WO4Lqt-768x768.jpg 768w, https:\/\/coffeehome.vn\/wp-content\/uploads\/2021\/11\/f5WO4Lqt-610x610.jpg 610w, https:\/\/coffeehome.vn\/wp-content\/uploads\/2021\/11\/f5WO4Lqt-100x100.jpg 100w, https:\/\/coffeehome.vn\/wp-content\/uploads\/2021\/11\/f5WO4Lqt-600x600.jpg 600w\" sizes=\"(max-width: 1000px) 100vw, 1000px\" \/> <img loading=\"lazy\" class=\"aligncenter size-full wp-image-13777\" src=\"https:\/\/coffeehome.vn\/wp-content\/uploads\/2021\/11\/uuVyQakC.jpg\" alt=\"\" width=\"1000\" height=\"1000\" srcset=\"https:\/\/coffeehome.vn\/wp-content\/uploads\/2021\/11\/uuVyQakC.jpg 1000w, https:\/\/coffeehome.vn\/wp-content\/uploads\/2021\/11\/uuVyQakC-300x300.jpg 300w, https:\/\/coffeehome.vn\/wp-content\/uploads\/2021\/11\/uuVyQakC-150x150.jpg 150w, https:\/\/coffeehome.vn\/wp-content\/uploads\/2021\/11\/uuVyQakC-768x768.jpg 768w, https:\/\/coffeehome.vn\/wp-content\/uploads\/2021\/11\/uuVyQakC-610x610.jpg 610w, https:\/\/coffeehome.vn\/wp-content\/uploads\/2021\/11\/uuVyQakC-100x100.jpg 100w, https:\/\/coffeehome.vn\/wp-content\/uploads\/2021\/11\/uuVyQakC-600x600.jpg 600w\" sizes=\"(max-width: 1000px) 100vw, 1000px\" \/><\/p>\n<p>X\u1eed l\u00fd an to\u00e0n v\u00e0 d\u1ec5 d\u00e0ng<\/p>\n<p>B\u1ed9 ph\u1eadn c\u00f3 th\u1ec3 th\u00e1o r\u1eddi c\u00f3 th\u1ec3 r\u1eeda k\u1ec3 c\u1ea3 b\u1eb1ng m\u00e1y r\u1eeda ch\u00e9n an to\u00e0n<\/p>\n<p>V\u1eadt li\u1ec7u an to\u00e0n v\u1edbi con ng\u01b0\u1eddi theo ti\u00eau chu\u1ea9n \u0110\u1ee9c<\/p>\n<p>Bao g\u1ed3m: 2 h\u1ed9p \u0111\u1ef1ng dao inox c\u00f3 th\u1ec3 thay \u0111\u1ed5i, kh\u1ed1i l\u01b0\u1ee3ng chi\u1ebft r\u00f3t: 70 gram: h\u1ed9p \u0111\u1ef1ng dao xay 2 c\u00e1nh inox ph\u1ed5 th\u00f4ng, h\u1ed9p \u0111\u1ef1ng dao chuy\u00ean d\u1ee5ng inox 4 c\u00e1nh th\u00f4ng d\u1ee5ng;<\/p>\n<p>C\u00f4ng su\u1ea5t: 200w<\/p>\n<p>K\u00edch th\u01b0\u1edbc th\u1ef1c: 10x10x20,5 cm<\/p>\n","protected":false},"excerpt":{"rendered":"<p>X\u1eed l\u00fd an to\u00e0n v\u00e0 d\u1ec5 d\u00e0ng B\u1ed9 ph\u1eadn c\u00f3 th\u1ec3 th\u00e1o r\u1eddi c\u00f3 th\u1ec3 r\u1eeda k\u1ec3 c\u1ea3 b\u1eb1ng m\u00e1y r\u1eeda ch\u00e9n an to\u00e0n V\u1eadt li\u1ec7u an to\u00e0n v\u1edbi con ng\u01b0\u1eddi theo ti\u00eau chu\u1ea9n \u0110\u1ee9c Bao g\u1ed3m: 2 h\u1ed9p \u0111\u1ef1ng dao inox c\u00f3 th\u1ec3 thay \u0111\u1ed5i, kh\u1ed1i l\u01b0\u1ee3ng chi\u1ebft r\u00f3t: 70 gram: h\u1ed9p \u0111\u1ef1ng dao [&hellip;]<\/p>\n","protected":false},"featured_media":13778,"comment_status":"open","ping_status":"closed","template":"","meta":{"om_disable_all_campaigns":false,"_monsterinsights_skip_tracking":false,"_monsterinsights_sitenote_active":false,"_monsterinsights_sitenote_note":"","_monsterinsights_sitenote_category":0},"product_cat":[196,213,214],"product_tag":[],"_links":{"self":[{"href":"https:\/\/coffeehome.vn\/index.php\/wp-json\/wp\/v2\/product\/13770"}],"collection":[{"href":"https:\/\/coffeehome.vn\/index.php\/wp-json\/wp\/v2\/product"}],"about":[{"href":"https:\/\/coffeehome.vn\/index.php\/wp-json\/wp\/v2\/types\/product"}],"replies":[{"embeddable":true,"href":"https:\/\/coffeehome.vn\/index.php\/wp-json\/wp\/v2\/comments?post=13770"}],"wp:featuredmedia":[{"embeddable":true,"href":"https:\/\/coffeehome.vn\/index.php\/wp-json\/wp\/v2\/media\/13778"}],"wp:attachment":[{"href":"https:\/\/coffeehome.vn\/index.php\/wp-json\/wp\/v2\/media?parent=13770"}],"wp:term":[{"taxonomy":"product_cat","embeddable":true,"href":"https:\/\/coffeehome.vn\/index.php\/wp-json\/wp\/v2\/product_cat?post=13770"},{"taxonomy":"product_tag","embeddable":true,"href":"https:\/\/coffeehome.vn\/index.php\/wp-json\/wp\/v2\/product_tag?post=13770"}],"curies":[{"name":"wp","href":"https:\/\/api.w.org\/{rel}","templated":true}]}}