{"id":13785,"date":"2021-11-28T16:54:22","date_gmt":"2021-11-28T09:54:22","guid":{"rendered":"https:\/\/coffeehome.vn\/?post_type=product&#038;p=13785"},"modified":"2021-11-28T16:54:22","modified_gmt":"2021-11-28T09:54:22","slug":"may-xay-hat-ca-phe-rommelsbacher-ekm200","status":"publish","type":"product","link":"https:\/\/coffeehome.vn\/index.php\/product\/may-xay-hat-ca-phe-rommelsbacher-ekm200\/","title":{"rendered":"M\u00e1y Xay H\u1ea1t C\u00e0 Ph\u00ea &#8211; Rommelsbacher EKM200"},"content":{"rendered":"<p><img loading=\"lazy\" class=\"aligncenter size-full wp-image-13802\" src=\"https:\/\/coffeehome.vn\/wp-content\/uploads\/2021\/11\/MAY_XAY_CAPHE_ROMMELSBACHER_EKM200-17.jpg\" alt=\"\" width=\"1000\" height=\"1000\" srcset=\"https:\/\/coffeehome.vn\/wp-content\/uploads\/2021\/11\/MAY_XAY_CAPHE_ROMMELSBACHER_EKM200-17.jpg 1000w, https:\/\/coffeehome.vn\/wp-content\/uploads\/2021\/11\/MAY_XAY_CAPHE_ROMMELSBACHER_EKM200-17-300x300.jpg 300w, https:\/\/coffeehome.vn\/wp-content\/uploads\/2021\/11\/MAY_XAY_CAPHE_ROMMELSBACHER_EKM200-17-150x150.jpg 150w, https:\/\/coffeehome.vn\/wp-content\/uploads\/2021\/11\/MAY_XAY_CAPHE_ROMMELSBACHER_EKM200-17-768x768.jpg 768w, https:\/\/coffeehome.vn\/wp-content\/uploads\/2021\/11\/MAY_XAY_CAPHE_ROMMELSBACHER_EKM200-17-610x610.jpg 610w, https:\/\/coffeehome.vn\/wp-content\/uploads\/2021\/11\/MAY_XAY_CAPHE_ROMMELSBACHER_EKM200-17-100x100.jpg 100w, https:\/\/coffeehome.vn\/wp-content\/uploads\/2021\/11\/MAY_XAY_CAPHE_ROMMELSBACHER_EKM200-17-600x600.jpg 600w\" sizes=\"(max-width: 1000px) 100vw, 1000px\" \/> <img loading=\"lazy\" class=\"aligncenter size-full wp-image-13801\" src=\"https:\/\/coffeehome.vn\/wp-content\/uploads\/2021\/11\/MAY_XAY_CAPHE_ROMMELSBACHER_EKM200-16.jpg\" alt=\"\" width=\"1000\" height=\"1000\" srcset=\"https:\/\/coffeehome.vn\/wp-content\/uploads\/2021\/11\/MAY_XAY_CAPHE_ROMMELSBACHER_EKM200-16.jpg 1000w, https:\/\/coffeehome.vn\/wp-content\/uploads\/2021\/11\/MAY_XAY_CAPHE_ROMMELSBACHER_EKM200-16-300x300.jpg 300w, https:\/\/coffeehome.vn\/wp-content\/uploads\/2021\/11\/MAY_XAY_CAPHE_ROMMELSBACHER_EKM200-16-150x150.jpg 150w, https:\/\/coffeehome.vn\/wp-content\/uploads\/2021\/11\/MAY_XAY_CAPHE_ROMMELSBACHER_EKM200-16-768x768.jpg 768w, https:\/\/coffeehome.vn\/wp-content\/uploads\/2021\/11\/MAY_XAY_CAPHE_ROMMELSBACHER_EKM200-16-610x610.jpg 610w, https:\/\/coffeehome.vn\/wp-content\/uploads\/2021\/11\/MAY_XAY_CAPHE_ROMMELSBACHER_EKM200-16-100x100.jpg 100w, https:\/\/coffeehome.vn\/wp-content\/uploads\/2021\/11\/MAY_XAY_CAPHE_ROMMELSBACHER_EKM200-16-600x600.jpg 600w\" sizes=\"(max-width: 1000px) 100vw, 1000px\" \/> <img loading=\"lazy\" class=\"aligncenter size-full wp-image-13800\" src=\"https:\/\/coffeehome.vn\/wp-content\/uploads\/2021\/11\/MAY_XAY_CAPHE_ROMMELSBACHER_EKM200-15.jpg\" alt=\"\" width=\"1000\" height=\"1000\" srcset=\"https:\/\/coffeehome.vn\/wp-content\/uploads\/2021\/11\/MAY_XAY_CAPHE_ROMMELSBACHER_EKM200-15.jpg 1000w, https:\/\/coffeehome.vn\/wp-content\/uploads\/2021\/11\/MAY_XAY_CAPHE_ROMMELSBACHER_EKM200-15-300x300.jpg 300w, https:\/\/coffeehome.vn\/wp-content\/uploads\/2021\/11\/MAY_XAY_CAPHE_ROMMELSBACHER_EKM200-15-150x150.jpg 150w, https:\/\/coffeehome.vn\/wp-content\/uploads\/2021\/11\/MAY_XAY_CAPHE_ROMMELSBACHER_EKM200-15-768x768.jpg 768w, https:\/\/coffeehome.vn\/wp-content\/uploads\/2021\/11\/MAY_XAY_CAPHE_ROMMELSBACHER_EKM200-15-610x610.jpg 610w, https:\/\/coffeehome.vn\/wp-content\/uploads\/2021\/11\/MAY_XAY_CAPHE_ROMMELSBACHER_EKM200-15-100x100.jpg 100w, https:\/\/coffeehome.vn\/wp-content\/uploads\/2021\/11\/MAY_XAY_CAPHE_ROMMELSBACHER_EKM200-15-600x600.jpg 600w\" sizes=\"(max-width: 1000px) 100vw, 1000px\" \/> <img loading=\"lazy\" class=\"aligncenter size-full wp-image-13799\" src=\"https:\/\/coffeehome.vn\/wp-content\/uploads\/2021\/11\/MAY_XAY_CAPHE_ROMMELSBACHER_EKM200-14.jpg\" alt=\"\" width=\"1000\" height=\"1000\" srcset=\"https:\/\/coffeehome.vn\/wp-content\/uploads\/2021\/11\/MAY_XAY_CAPHE_ROMMELSBACHER_EKM200-14.jpg 1000w, https:\/\/coffeehome.vn\/wp-content\/uploads\/2021\/11\/MAY_XAY_CAPHE_ROMMELSBACHER_EKM200-14-300x300.jpg 300w, https:\/\/coffeehome.vn\/wp-content\/uploads\/2021\/11\/MAY_XAY_CAPHE_ROMMELSBACHER_EKM200-14-150x150.jpg 150w, https:\/\/coffeehome.vn\/wp-content\/uploads\/2021\/11\/MAY_XAY_CAPHE_ROMMELSBACHER_EKM200-14-768x768.jpg 768w, https:\/\/coffeehome.vn\/wp-content\/uploads\/2021\/11\/MAY_XAY_CAPHE_ROMMELSBACHER_EKM200-14-610x610.jpg 610w, https:\/\/coffeehome.vn\/wp-content\/uploads\/2021\/11\/MAY_XAY_CAPHE_ROMMELSBACHER_EKM200-14-100x100.jpg 100w, https:\/\/coffeehome.vn\/wp-content\/uploads\/2021\/11\/MAY_XAY_CAPHE_ROMMELSBACHER_EKM200-14-600x600.jpg 600w\" sizes=\"(max-width: 1000px) 100vw, 1000px\" \/> <img loading=\"lazy\" class=\"aligncenter size-full wp-image-13798\" src=\"https:\/\/coffeehome.vn\/wp-content\/uploads\/2021\/11\/MAY_XAY_CAPHE_ROMMELSBACHER_EKM200-13.jpg\" alt=\"\" width=\"1000\" height=\"1000\" srcset=\"https:\/\/coffeehome.vn\/wp-content\/uploads\/2021\/11\/MAY_XAY_CAPHE_ROMMELSBACHER_EKM200-13.jpg 1000w, https:\/\/coffeehome.vn\/wp-content\/uploads\/2021\/11\/MAY_XAY_CAPHE_ROMMELSBACHER_EKM200-13-300x300.jpg 300w, https:\/\/coffeehome.vn\/wp-content\/uploads\/2021\/11\/MAY_XAY_CAPHE_ROMMELSBACHER_EKM200-13-150x150.jpg 150w, https:\/\/coffeehome.vn\/wp-content\/uploads\/2021\/11\/MAY_XAY_CAPHE_ROMMELSBACHER_EKM200-13-768x768.jpg 768w, https:\/\/coffeehome.vn\/wp-content\/uploads\/2021\/11\/MAY_XAY_CAPHE_ROMMELSBACHER_EKM200-13-610x610.jpg 610w, https:\/\/coffeehome.vn\/wp-content\/uploads\/2021\/11\/MAY_XAY_CAPHE_ROMMELSBACHER_EKM200-13-100x100.jpg 100w, https:\/\/coffeehome.vn\/wp-content\/uploads\/2021\/11\/MAY_XAY_CAPHE_ROMMELSBACHER_EKM200-13-600x600.jpg 600w\" sizes=\"(max-width: 1000px) 100vw, 1000px\" \/> <img loading=\"lazy\" class=\"aligncenter size-full wp-image-13797\" src=\"https:\/\/coffeehome.vn\/wp-content\/uploads\/2021\/11\/MAY_XAY_CAPHE_ROMMELSBACHER_EKM200-12.jpg\" alt=\"\" width=\"1000\" height=\"1000\" srcset=\"https:\/\/coffeehome.vn\/wp-content\/uploads\/2021\/11\/MAY_XAY_CAPHE_ROMMELSBACHER_EKM200-12.jpg 1000w, https:\/\/coffeehome.vn\/wp-content\/uploads\/2021\/11\/MAY_XAY_CAPHE_ROMMELSBACHER_EKM200-12-300x300.jpg 300w, https:\/\/coffeehome.vn\/wp-content\/uploads\/2021\/11\/MAY_XAY_CAPHE_ROMMELSBACHER_EKM200-12-150x150.jpg 150w, https:\/\/coffeehome.vn\/wp-content\/uploads\/2021\/11\/MAY_XAY_CAPHE_ROMMELSBACHER_EKM200-12-768x768.jpg 768w, https:\/\/coffeehome.vn\/wp-content\/uploads\/2021\/11\/MAY_XAY_CAPHE_ROMMELSBACHER_EKM200-12-610x610.jpg 610w, https:\/\/coffeehome.vn\/wp-content\/uploads\/2021\/11\/MAY_XAY_CAPHE_ROMMELSBACHER_EKM200-12-100x100.jpg 100w, https:\/\/coffeehome.vn\/wp-content\/uploads\/2021\/11\/MAY_XAY_CAPHE_ROMMELSBACHER_EKM200-12-600x600.jpg 600w\" sizes=\"(max-width: 1000px) 100vw, 1000px\" \/> <img loading=\"lazy\" class=\"aligncenter size-full wp-image-13796\" src=\"https:\/\/coffeehome.vn\/wp-content\/uploads\/2021\/11\/MAY_XAY_CAPHE_ROMMELSBACHER_EKM200-11.jpg\" alt=\"\" width=\"1000\" height=\"1000\" srcset=\"https:\/\/coffeehome.vn\/wp-content\/uploads\/2021\/11\/MAY_XAY_CAPHE_ROMMELSBACHER_EKM200-11.jpg 1000w, https:\/\/coffeehome.vn\/wp-content\/uploads\/2021\/11\/MAY_XAY_CAPHE_ROMMELSBACHER_EKM200-11-300x300.jpg 300w, https:\/\/coffeehome.vn\/wp-content\/uploads\/2021\/11\/MAY_XAY_CAPHE_ROMMELSBACHER_EKM200-11-150x150.jpg 150w, https:\/\/coffeehome.vn\/wp-content\/uploads\/2021\/11\/MAY_XAY_CAPHE_ROMMELSBACHER_EKM200-11-768x768.jpg 768w, https:\/\/coffeehome.vn\/wp-content\/uploads\/2021\/11\/MAY_XAY_CAPHE_ROMMELSBACHER_EKM200-11-610x610.jpg 610w, https:\/\/coffeehome.vn\/wp-content\/uploads\/2021\/11\/MAY_XAY_CAPHE_ROMMELSBACHER_EKM200-11-100x100.jpg 100w, https:\/\/coffeehome.vn\/wp-content\/uploads\/2021\/11\/MAY_XAY_CAPHE_ROMMELSBACHER_EKM200-11-600x600.jpg 600w\" sizes=\"(max-width: 1000px) 100vw, 1000px\" \/> <img loading=\"lazy\" class=\"aligncenter size-full wp-image-13795\" src=\"https:\/\/coffeehome.vn\/wp-content\/uploads\/2021\/11\/MAY_XAY_CAPHE_ROMMELSBACHER_EKM200-10.jpg\" alt=\"\" width=\"1000\" height=\"1000\" srcset=\"https:\/\/coffeehome.vn\/wp-content\/uploads\/2021\/11\/MAY_XAY_CAPHE_ROMMELSBACHER_EKM200-10.jpg 1000w, https:\/\/coffeehome.vn\/wp-content\/uploads\/2021\/11\/MAY_XAY_CAPHE_ROMMELSBACHER_EKM200-10-300x300.jpg 300w, https:\/\/coffeehome.vn\/wp-content\/uploads\/2021\/11\/MAY_XAY_CAPHE_ROMMELSBACHER_EKM200-10-150x150.jpg 150w, https:\/\/coffeehome.vn\/wp-content\/uploads\/2021\/11\/MAY_XAY_CAPHE_ROMMELSBACHER_EKM200-10-768x768.jpg 768w, https:\/\/coffeehome.vn\/wp-content\/uploads\/2021\/11\/MAY_XAY_CAPHE_ROMMELSBACHER_EKM200-10-610x610.jpg 610w, https:\/\/coffeehome.vn\/wp-content\/uploads\/2021\/11\/MAY_XAY_CAPHE_ROMMELSBACHER_EKM200-10-100x100.jpg 100w, https:\/\/coffeehome.vn\/wp-content\/uploads\/2021\/11\/MAY_XAY_CAPHE_ROMMELSBACHER_EKM200-10-600x600.jpg 600w\" sizes=\"(max-width: 1000px) 100vw, 1000px\" \/> <img loading=\"lazy\" class=\"aligncenter size-full wp-image-13794\" src=\"https:\/\/coffeehome.vn\/wp-content\/uploads\/2021\/11\/MAY_XAY_CAPHE_ROMMELSBACHER_EKM200-9.jpg\" alt=\"\" width=\"1000\" height=\"1000\" srcset=\"https:\/\/coffeehome.vn\/wp-content\/uploads\/2021\/11\/MAY_XAY_CAPHE_ROMMELSBACHER_EKM200-9.jpg 1000w, https:\/\/coffeehome.vn\/wp-content\/uploads\/2021\/11\/MAY_XAY_CAPHE_ROMMELSBACHER_EKM200-9-300x300.jpg 300w, https:\/\/coffeehome.vn\/wp-content\/uploads\/2021\/11\/MAY_XAY_CAPHE_ROMMELSBACHER_EKM200-9-150x150.jpg 150w, https:\/\/coffeehome.vn\/wp-content\/uploads\/2021\/11\/MAY_XAY_CAPHE_ROMMELSBACHER_EKM200-9-768x768.jpg 768w, https:\/\/coffeehome.vn\/wp-content\/uploads\/2021\/11\/MAY_XAY_CAPHE_ROMMELSBACHER_EKM200-9-610x610.jpg 610w, https:\/\/coffeehome.vn\/wp-content\/uploads\/2021\/11\/MAY_XAY_CAPHE_ROMMELSBACHER_EKM200-9-100x100.jpg 100w, https:\/\/coffeehome.vn\/wp-content\/uploads\/2021\/11\/MAY_XAY_CAPHE_ROMMELSBACHER_EKM200-9-600x600.jpg 600w\" sizes=\"(max-width: 1000px) 100vw, 1000px\" \/> <img loading=\"lazy\" class=\"aligncenter size-full wp-image-13793\" src=\"https:\/\/coffeehome.vn\/wp-content\/uploads\/2021\/11\/MAY_XAY_CAPHE_ROMMELSBACHER_EKM200-8.jpg\" alt=\"\" width=\"1000\" height=\"1000\" srcset=\"https:\/\/coffeehome.vn\/wp-content\/uploads\/2021\/11\/MAY_XAY_CAPHE_ROMMELSBACHER_EKM200-8.jpg 1000w, https:\/\/coffeehome.vn\/wp-content\/uploads\/2021\/11\/MAY_XAY_CAPHE_ROMMELSBACHER_EKM200-8-300x300.jpg 300w, https:\/\/coffeehome.vn\/wp-content\/uploads\/2021\/11\/MAY_XAY_CAPHE_ROMMELSBACHER_EKM200-8-150x150.jpg 150w, https:\/\/coffeehome.vn\/wp-content\/uploads\/2021\/11\/MAY_XAY_CAPHE_ROMMELSBACHER_EKM200-8-768x768.jpg 768w, https:\/\/coffeehome.vn\/wp-content\/uploads\/2021\/11\/MAY_XAY_CAPHE_ROMMELSBACHER_EKM200-8-610x610.jpg 610w, https:\/\/coffeehome.vn\/wp-content\/uploads\/2021\/11\/MAY_XAY_CAPHE_ROMMELSBACHER_EKM200-8-100x100.jpg 100w, https:\/\/coffeehome.vn\/wp-content\/uploads\/2021\/11\/MAY_XAY_CAPHE_ROMMELSBACHER_EKM200-8-600x600.jpg 600w\" sizes=\"(max-width: 1000px) 100vw, 1000px\" \/> <img loading=\"lazy\" class=\"aligncenter size-full wp-image-13792\" src=\"https:\/\/coffeehome.vn\/wp-content\/uploads\/2021\/11\/MAY_XAY_CAPHE_ROMMELSBACHER_EKM200-7.jpg\" alt=\"\" width=\"1000\" height=\"1000\" srcset=\"https:\/\/coffeehome.vn\/wp-content\/uploads\/2021\/11\/MAY_XAY_CAPHE_ROMMELSBACHER_EKM200-7.jpg 1000w, https:\/\/coffeehome.vn\/wp-content\/uploads\/2021\/11\/MAY_XAY_CAPHE_ROMMELSBACHER_EKM200-7-300x300.jpg 300w, https:\/\/coffeehome.vn\/wp-content\/uploads\/2021\/11\/MAY_XAY_CAPHE_ROMMELSBACHER_EKM200-7-150x150.jpg 150w, https:\/\/coffeehome.vn\/wp-content\/uploads\/2021\/11\/MAY_XAY_CAPHE_ROMMELSBACHER_EKM200-7-768x768.jpg 768w, https:\/\/coffeehome.vn\/wp-content\/uploads\/2021\/11\/MAY_XAY_CAPHE_ROMMELSBACHER_EKM200-7-610x610.jpg 610w, https:\/\/coffeehome.vn\/wp-content\/uploads\/2021\/11\/MAY_XAY_CAPHE_ROMMELSBACHER_EKM200-7-100x100.jpg 100w, https:\/\/coffeehome.vn\/wp-content\/uploads\/2021\/11\/MAY_XAY_CAPHE_ROMMELSBACHER_EKM200-7-600x600.jpg 600w\" sizes=\"(max-width: 1000px) 100vw, 1000px\" \/> <img loading=\"lazy\" class=\"aligncenter size-full wp-image-13791\" src=\"https:\/\/coffeehome.vn\/wp-content\/uploads\/2021\/11\/MAY_XAY_CAPHE_ROMMELSBACHER_EKM200-6.jpg\" alt=\"\" width=\"1000\" height=\"1000\" srcset=\"https:\/\/coffeehome.vn\/wp-content\/uploads\/2021\/11\/MAY_XAY_CAPHE_ROMMELSBACHER_EKM200-6.jpg 1000w, https:\/\/coffeehome.vn\/wp-content\/uploads\/2021\/11\/MAY_XAY_CAPHE_ROMMELSBACHER_EKM200-6-300x300.jpg 300w, https:\/\/coffeehome.vn\/wp-content\/uploads\/2021\/11\/MAY_XAY_CAPHE_ROMMELSBACHER_EKM200-6-150x150.jpg 150w, https:\/\/coffeehome.vn\/wp-content\/uploads\/2021\/11\/MAY_XAY_CAPHE_ROMMELSBACHER_EKM200-6-768x768.jpg 768w, https:\/\/coffeehome.vn\/wp-content\/uploads\/2021\/11\/MAY_XAY_CAPHE_ROMMELSBACHER_EKM200-6-610x610.jpg 610w, https:\/\/coffeehome.vn\/wp-content\/uploads\/2021\/11\/MAY_XAY_CAPHE_ROMMELSBACHER_EKM200-6-100x100.jpg 100w, https:\/\/coffeehome.vn\/wp-content\/uploads\/2021\/11\/MAY_XAY_CAPHE_ROMMELSBACHER_EKM200-6-600x600.jpg 600w\" sizes=\"(max-width: 1000px) 100vw, 1000px\" \/> <img loading=\"lazy\" class=\"aligncenter size-full wp-image-13790\" src=\"https:\/\/coffeehome.vn\/wp-content\/uploads\/2021\/11\/MAY_XAY_CAPHE_ROMMELSBACHER_EKM200-5.jpg\" alt=\"\" width=\"1000\" height=\"1000\" srcset=\"https:\/\/coffeehome.vn\/wp-content\/uploads\/2021\/11\/MAY_XAY_CAPHE_ROMMELSBACHER_EKM200-5.jpg 1000w, https:\/\/coffeehome.vn\/wp-content\/uploads\/2021\/11\/MAY_XAY_CAPHE_ROMMELSBACHER_EKM200-5-300x300.jpg 300w, https:\/\/coffeehome.vn\/wp-content\/uploads\/2021\/11\/MAY_XAY_CAPHE_ROMMELSBACHER_EKM200-5-150x150.jpg 150w, https:\/\/coffeehome.vn\/wp-content\/uploads\/2021\/11\/MAY_XAY_CAPHE_ROMMELSBACHER_EKM200-5-768x768.jpg 768w, https:\/\/coffeehome.vn\/wp-content\/uploads\/2021\/11\/MAY_XAY_CAPHE_ROMMELSBACHER_EKM200-5-610x610.jpg 610w, https:\/\/coffeehome.vn\/wp-content\/uploads\/2021\/11\/MAY_XAY_CAPHE_ROMMELSBACHER_EKM200-5-100x100.jpg 100w, https:\/\/coffeehome.vn\/wp-content\/uploads\/2021\/11\/MAY_XAY_CAPHE_ROMMELSBACHER_EKM200-5-600x600.jpg 600w\" sizes=\"(max-width: 1000px) 100vw, 1000px\" \/> <img loading=\"lazy\" class=\"aligncenter size-full wp-image-13789\" src=\"https:\/\/coffeehome.vn\/wp-content\/uploads\/2021\/11\/MAY_XAY_CAPHE_ROMMELSBACHER_EKM200-4.jpg\" alt=\"\" width=\"1000\" height=\"1000\" srcset=\"https:\/\/coffeehome.vn\/wp-content\/uploads\/2021\/11\/MAY_XAY_CAPHE_ROMMELSBACHER_EKM200-4.jpg 1000w, https:\/\/coffeehome.vn\/wp-content\/uploads\/2021\/11\/MAY_XAY_CAPHE_ROMMELSBACHER_EKM200-4-300x300.jpg 300w, https:\/\/coffeehome.vn\/wp-content\/uploads\/2021\/11\/MAY_XAY_CAPHE_ROMMELSBACHER_EKM200-4-150x150.jpg 150w, https:\/\/coffeehome.vn\/wp-content\/uploads\/2021\/11\/MAY_XAY_CAPHE_ROMMELSBACHER_EKM200-4-768x768.jpg 768w, https:\/\/coffeehome.vn\/wp-content\/uploads\/2021\/11\/MAY_XAY_CAPHE_ROMMELSBACHER_EKM200-4-610x610.jpg 610w, https:\/\/coffeehome.vn\/wp-content\/uploads\/2021\/11\/MAY_XAY_CAPHE_ROMMELSBACHER_EKM200-4-100x100.jpg 100w, https:\/\/coffeehome.vn\/wp-content\/uploads\/2021\/11\/MAY_XAY_CAPHE_ROMMELSBACHER_EKM200-4-600x600.jpg 600w\" sizes=\"(max-width: 1000px) 100vw, 1000px\" \/><\/p>\n<table id=\"product-attribute-specs-table-1\" class=\"data-table table\">\n<tbody class=\"\">\n<tr class=\"\">\n<th class=\"\"><span>C\u00f4ng su\u1ea5t<\/span><\/th>\n<td class=\"\"><span>230 V 110 W.<\/span><\/td>\n<\/tr>\n<tr class=\"\">\n<th class=\"\"><span>Tr\u1ecdng l\u01b0\u1ee3ng v\u1eadt ph\u1ea9m<\/span><\/th>\n<td class=\"\"><span>1,44 kg<\/span><\/td>\n<\/tr>\n<tr class=\"\">\n<th class=\"\"><span>K\u00edch th\u01b0\u1edbc (W \/ D \/ H)<\/span><\/th>\n<td class=\"\"><span>18,50 x 11,20 x 26,50 cm<\/span><\/td>\n<\/tr>\n<tr class=\"\">\n<th class=\"\"><span>S\u1ee9c ch\u1ee9a<\/span><\/th>\n<td class=\"\"><span>250 g<\/span><\/td>\n<\/tr>\n<tr class=\"\">\n<th class=\"\"><span>M\u00e1y m\u00e0i<\/span><\/th>\n<td class=\"\"><span>2 \u0111\u0129a m\u00e0i ch\u1ea5t l\u01b0\u1ee3ng cao l\u00e0m b\u1eb1ng th\u00e9p<\/span><\/td>\n<\/tr>\n<tr class=\"\">\n<th class=\"\"><span>C\u00e1c t\u00ednh n\u0103ng \u0111\u1eb7c bi\u1ec7t<\/span><\/th>\n<td class=\"\"><span>h\u1ed9p \u0111\u1ef1ng \u0111\u1eadu trong su\u1ed1t v\u1edbi n\u1eafp b\u1ea3o v\u1ec7 h\u01b0\u01a1ng th\u01a1m<\/span><\/td>\n<\/tr>\n<\/tbody>\n<\/table>\n","protected":false},"excerpt":{"rendered":"<p>C\u00f4ng su\u1ea5t 230 V 110 W. Tr\u1ecdng l\u01b0\u1ee3ng v\u1eadt ph\u1ea9m 1,44 kg K\u00edch th\u01b0\u1edbc (W \/ D \/ H) 18,50 x 11,20 x 26,50 cm S\u1ee9c ch\u1ee9a 250 g M\u00e1y m\u00e0i 2 \u0111\u0129a m\u00e0i ch\u1ea5t l\u01b0\u1ee3ng cao l\u00e0m b\u1eb1ng th\u00e9p C\u00e1c t\u00ednh n\u0103ng \u0111\u1eb7c bi\u1ec7t h\u1ed9p \u0111\u1ef1ng \u0111\u1eadu trong su\u1ed1t v\u1edbi n\u1eafp b\u1ea3o v\u1ec7 h\u01b0\u01a1ng [&hellip;]<\/p>\n","protected":false},"featured_media":13789,"comment_status":"open","ping_status":"closed","template":"","meta":{"om_disable_all_campaigns":false,"_monsterinsights_skip_tracking":false,"_monsterinsights_sitenote_active":false,"_monsterinsights_sitenote_note":"","_monsterinsights_sitenote_category":0},"product_cat":[196,213,214],"product_tag":[],"_links":{"self":[{"href":"https:\/\/coffeehome.vn\/index.php\/wp-json\/wp\/v2\/product\/13785"}],"collection":[{"href":"https:\/\/coffeehome.vn\/index.php\/wp-json\/wp\/v2\/product"}],"about":[{"href":"https:\/\/coffeehome.vn\/index.php\/wp-json\/wp\/v2\/types\/product"}],"replies":[{"embeddable":true,"href":"https:\/\/coffeehome.vn\/index.php\/wp-json\/wp\/v2\/comments?post=13785"}],"wp:featuredmedia":[{"embeddable":true,"href":"https:\/\/coffeehome.vn\/index.php\/wp-json\/wp\/v2\/media\/13789"}],"wp:attachment":[{"href":"https:\/\/coffeehome.vn\/index.php\/wp-json\/wp\/v2\/media?parent=13785"}],"wp:term":[{"taxonomy":"product_cat","embeddable":true,"href":"https:\/\/coffeehome.vn\/index.php\/wp-json\/wp\/v2\/product_cat?post=13785"},{"taxonomy":"product_tag","embeddable":true,"href":"https:\/\/coffeehome.vn\/index.php\/wp-json\/wp\/v2\/product_tag?post=13785"}],"curies":[{"name":"wp","href":"https:\/\/api.w.org\/{rel}","templated":true}]}}